{"id":2071,"date":"2022-10-10T15:25:05","date_gmt":"2022-10-10T13:25:05","guid":{"rendered":"https:\/\/unionchocolate.pl\/sklep\/?post_type=product&#038;p=2071"},"modified":"2026-03-10T11:22:34","modified_gmt":"2026-03-10T10:22:34","slug":"czekolada-mleczna-24kg","status":"publish","type":"product","link":"https:\/\/unionchocolate.pl\/sklep\/produkt\/czekolada-mleczna-24kg\/","title":{"rendered":"Czekolada mleczna 24kg"},"content":{"rendered":"<div class=\"wpb-content-wrapper\"><table border=\"0\" width=\"100%\">\n<tbody>\n<tr>\n<td bgcolor=\"#f2f2f2\" width=\"50%\"><strong>Opakowania jednostkowe<\/strong>:<\/td>\n<td bgcolor=\"#f2f2f2\"><\/td>\n<\/tr>\n<tr>\n<td width=\"50%\">Masa Netto<\/td>\n<td>24kg<\/td>\n<\/tr>\n<tr>\n<td width=\"50%\">Kod EAN<\/td>\n<td>5907623400192<\/td>\n<\/tr>\n<\/tbody>\n<\/table>\n<p>[vc_row css=&#8221;.vc_custom_1675078505798{padding-top: 30px !important;padding-bottom: 15px !important;}&#8221;][vc_column][vc_column_text]<\/p>\n<table border=\"0\" width=\"100%\">\n<tbody>\n<tr>\n<td bgcolor=\"#f2f2f2\" width=\"50%\"><strong>Sk\u0142adniki<\/strong>:<\/td>\n<td bgcolor=\"#f2f2f2\"><\/td>\n<\/tr>\n<tr>\n<td width=\"100%\">cukier, t\u0142uszcz kakaowy,\u00a0 <strong>mleko<\/strong> pe\u0142ne w proszku, miazga kakaowa, emulgator lecytyny (z <strong>soi<\/strong>), aromat naturalny waniliowy. Masa kakaowa minimum 34%.Mo\u017ce zawiera\u0107 <strong>orzechy<\/strong>. Przechowywa\u0107 w suchym i ch\u0142odnym miejscu.<\/td>\n<td><\/td>\n<\/tr>\n<\/tbody>\n<\/table>\n<p>[\/vc_column_text][\/vc_column][\/vc_row][vc_row css=&#8221;.vc_custom_1675078514396{padding-top: 15px !important;padding-bottom: 0px !important;}&#8221;][vc_column][vc_column_text]<\/p>\n<table border=\"0\" width=\"100%\">\n<tbody>\n<tr>\n<td bgcolor=\"#f2f2f2\" width=\"50%\"><strong>Warto\u015b\u0107 od\u017cywcza w 100g produktu<\/strong><\/td>\n<td bgcolor=\"#f2f2f2\"><\/td>\n<\/tr>\n<tr>\n<td width=\"50%\">Warto\u015b\u0107 energetyczna<\/td>\n<td>\u00a02351 kJ \/ 564 kcal<\/td>\n<\/tr>\n<tr>\n<td width=\"50%\">T\u0142uszcz<\/td>\n<td>36 g<\/td>\n<\/tr>\n<tr>\n<td width=\"50%\">W tym kwasy t\u0142uszczowe nasycone<\/td>\n<td>22 g<\/td>\n<\/tr>\n<tr>\n<td width=\"50%\">W\u0119glowodany<\/td>\n<td>52 g<\/td>\n<\/tr>\n<tr>\n<td width=\"50%\">W tym cukry<\/td>\n<td>51 g<\/td>\n<\/tr>\n<tr>\n<td width=\"50%\">Bia\u0142ko<\/td>\n<td>7,1g<\/td>\n<\/tr>\n<tr>\n<td width=\"50%\">S\u00f3l<\/td>\n<td>0,20g<\/td>\n<\/tr>\n<\/tbody>\n<\/table>\n<p>[\/vc_column_text][\/vc_column][\/vc_row]<\/p>\n<\/div>","protected":false},"excerpt":{"rendered":"<p>Czekolada mleczna &#8211; idealne po\u0142\u0105czenie wyrafinowanego, pe\u0142nego smaku kakao i delikatnego mleka. Jedwabi\u015bcie g\u0142adka rozp\u0142ywaj\u0105ca si\u0119 w ustach czekolada, uwalniaj\u0105ca niepowtarzalny karmelizowany smak.<\/p>\n","protected":false},"featured_media":1900,"comment_status":"closed","ping_status":"closed","template":"","meta":[],"product_brand":[],"product_cat":[27],"product_tag":[],"class_list":{"0":"post-2071","1":"product","2":"type-product","3":"status-publish","4":"has-post-thumbnail","6":"product_cat-horeca","7":"description-off","9":"first","10":"outofstock","11":"taxable","12":"shipping-taxable","13":"purchasable","14":"product-type-simple"},"_links":{"self":[{"href":"https:\/\/unionchocolate.pl\/sklep\/wp-json\/wp\/v2\/product\/2071","targetHints":{"allow":["GET"]}}],"collection":[{"href":"https:\/\/unionchocolate.pl\/sklep\/wp-json\/wp\/v2\/product"}],"about":[{"href":"https:\/\/unionchocolate.pl\/sklep\/wp-json\/wp\/v2\/types\/product"}],"replies":[{"embeddable":true,"href":"https:\/\/unionchocolate.pl\/sklep\/wp-json\/wp\/v2\/comments?post=2071"}],"wp:featuredmedia":[{"embeddable":true,"href":"https:\/\/unionchocolate.pl\/sklep\/wp-json\/wp\/v2\/media\/1900"}],"wp:attachment":[{"href":"https:\/\/unionchocolate.pl\/sklep\/wp-json\/wp\/v2\/media?parent=2071"}],"wp:term":[{"taxonomy":"product_brand","embeddable":true,"href":"https:\/\/unionchocolate.pl\/sklep\/wp-json\/wp\/v2\/product_brand?post=2071"},{"taxonomy":"product_cat","embeddable":true,"href":"https:\/\/unionchocolate.pl\/sklep\/wp-json\/wp\/v2\/product_cat?post=2071"},{"taxonomy":"product_tag","embeddable":true,"href":"https:\/\/unionchocolate.pl\/sklep\/wp-json\/wp\/v2\/product_tag?post=2071"}],"curies":[{"name":"wp","href":"https:\/\/api.w.org\/{rel}","templated":true}]}}