{"id":2040,"date":"2022-11-22T13:46:19","date_gmt":"2022-11-22T12:46:19","guid":{"rendered":"https:\/\/unionchocolate.pl\/sklep\/?post_type=product&#038;p=2040"},"modified":"2025-12-18T12:30:00","modified_gmt":"2025-12-18T11:30:00","slug":"czekolada-mleczna-marry-christmas-jasne-opakowanie","status":"publish","type":"product","link":"https:\/\/unionchocolate.pl\/sklep\/produkt\/czekolada-mleczna-marry-christmas-jasne-opakowanie\/","title":{"rendered":"Czekolada mleczna Merry Christmas (jasne opakowanie)"},"content":{"rendered":"<div class=\"wpb-content-wrapper\"><table border=\"0\" width=\"100%\">\n<tbody>\n<tr>\n<td bgcolor=\"#f2f2f2\" width=\"50%\"><strong>Opakowania jednostkowe<\/strong>:<\/td>\n<td bgcolor=\"#f2f2f2\"><\/td>\n<\/tr>\n<tr>\n<td width=\"50%\">Masa Netto<\/td>\n<td>100g<\/td>\n<\/tr>\n<tr>\n<td width=\"50%\">Kod EAN<\/td>\n<td>5907623400253<\/td>\n<\/tr>\n<\/tbody>\n<\/table>\n<p>[vc_row css=&#8221;.vc_custom_1675078505798{padding-top: 30px !important;padding-bottom: 15px !important;}&#8221;][vc_column][vc_column_text]<\/p>\n<table border=\"0\" width=\"100%\">\n<tbody>\n<tr>\n<td bgcolor=\"#f2f2f2\" width=\"50%\"><strong>Sk\u0142adniki<\/strong>:<\/td>\n<td bgcolor=\"#f2f2f2\"><\/td>\n<\/tr>\n<tr>\n<td width=\"100%\">cukier, t\u0142uszcz kakaowy, <strong>mleko<\/strong> pe\u0142ne w proszku, miazga kakaowa, serwatka w proszku (z <strong>mleka<\/strong>), t\u0142uszcz ro\u015blinny (palmowy), emulgatory: lecytyny (z\u00a0 <strong>soi<\/strong>), E476, aromat. Mo\u017ce zawiera\u0107 <strong>orzechy<\/strong>. Masa kakaowa minimum 25%. <strong>Opr\u00f3cz t\u0142uszczu kakaowego zawiera t\u0142uszcze ro\u015blinne<\/strong>. Przechowywa\u0107 w suchym i ch\u0142odnym miejscu.<\/td>\n<td><\/td>\n<\/tr>\n<\/tbody>\n<\/table>\n<p>[\/vc_column_text][\/vc_column][\/vc_row][vc_row css=&#8221;.vc_custom_1675078514396{padding-top: 15px !important;padding-bottom: 0px !important;}&#8221;][vc_column][vc_column_text]<\/p>\n<table border=\"0\" width=\"100%\">\n<tbody>\n<tr>\n<td bgcolor=\"#f2f2f2\" width=\"50%\"><strong>Warto\u015b\u0107 od\u017cywcza w 100g produktu<\/strong><\/td>\n<td bgcolor=\"#f2f2f2\"><\/td>\n<\/tr>\n<tr>\n<td width=\"50%\">Warto\u015b\u0107 energetyczna<\/td>\n<td>2254kJ \/ 540 kcal<\/td>\n<\/tr>\n<tr>\n<td width=\"50%\">T\u0142uszcz<\/td>\n<td>31 g<\/td>\n<\/tr>\n<tr>\n<td width=\"50%\">W tym kwasy t\u0142uszczowe nasycone<\/td>\n<td>19 g<\/td>\n<\/tr>\n<tr>\n<td width=\"50%\">W\u0119glowodany<\/td>\n<td>59 g<\/td>\n<\/tr>\n<tr>\n<td width=\"50%\">W tym cukry<\/td>\n<td>59 g<\/td>\n<\/tr>\n<tr>\n<td width=\"50%\">Bia\u0142ko<\/td>\n<td>5,4 g<\/td>\n<\/tr>\n<tr>\n<td width=\"50%\">S\u00f3l<\/td>\n<td>0,20 g<\/td>\n<\/tr>\n<\/tbody>\n<\/table>\n<p>[\/vc_column_text][\/vc_column][\/vc_row]<\/p>\n<\/div>","protected":false},"excerpt":{"rendered":"<p>Wyj\u0105tkowe po\u0142\u0105czenie smaku pe\u0142nego mleka ze staranie wypra\u017conym kakao. Dzi\u0119ki staranie dobranym sk\u0142adnikom najwy\u017cszej jako\u015bci uzyskali\u015bmy niepowtarzalny smak mlecznej czekolady. G\u0142adka, rozp\u0142ywaj\u0105ca si\u0119 w ustach konsystencja zadowoli najbardziej wybrednych smakoszy i \u0142asuch\u00f3w.<\/p>\n<p>Teraz dost\u0119pna w \u015awi\u0105tecznej owijce &#8211; spraw sobie i bliskim s\u0142odki prezent na \u015bwi\u0119ta.<\/p>\n","protected":false},"featured_media":2034,"comment_status":"closed","ping_status":"closed","template":"","meta":[],"product_brand":[],"product_cat":[23],"product_tag":[],"class_list":{"0":"post-2040","1":"product","2":"type-product","3":"status-publish","4":"has-post-thumbnail","6":"product_cat-tabliczki-czekolady","7":"description-off","9":"first","10":"outofstock","11":"taxable","12":"shipping-taxable","13":"product-type-simple"},"_links":{"self":[{"href":"https:\/\/unionchocolate.pl\/sklep\/wp-json\/wp\/v2\/product\/2040","targetHints":{"allow":["GET"]}}],"collection":[{"href":"https:\/\/unionchocolate.pl\/sklep\/wp-json\/wp\/v2\/product"}],"about":[{"href":"https:\/\/unionchocolate.pl\/sklep\/wp-json\/wp\/v2\/types\/product"}],"replies":[{"embeddable":true,"href":"https:\/\/unionchocolate.pl\/sklep\/wp-json\/wp\/v2\/comments?post=2040"}],"wp:featuredmedia":[{"embeddable":true,"href":"https:\/\/unionchocolate.pl\/sklep\/wp-json\/wp\/v2\/media\/2034"}],"wp:attachment":[{"href":"https:\/\/unionchocolate.pl\/sklep\/wp-json\/wp\/v2\/media?parent=2040"}],"wp:term":[{"taxonomy":"product_brand","embeddable":true,"href":"https:\/\/unionchocolate.pl\/sklep\/wp-json\/wp\/v2\/product_brand?post=2040"},{"taxonomy":"product_cat","embeddable":true,"href":"https:\/\/unionchocolate.pl\/sklep\/wp-json\/wp\/v2\/product_cat?post=2040"},{"taxonomy":"product_tag","embeddable":true,"href":"https:\/\/unionchocolate.pl\/sklep\/wp-json\/wp\/v2\/product_tag?post=2040"}],"curies":[{"name":"wp","href":"https:\/\/api.w.org\/{rel}","templated":true}]}}