{"id":1837,"date":"2022-10-12T09:26:16","date_gmt":"2022-10-12T07:26:16","guid":{"rendered":"https:\/\/unionchocolate.pl\/sklep\/?post_type=product&#038;p=1837"},"modified":"2025-10-10T12:35:29","modified_gmt":"2025-10-10T10:35:29","slug":"kakao-alkalizowane-10kg","status":"publish","type":"product","link":"https:\/\/unionchocolate.pl\/sklep\/produkt\/kakao-alkalizowane-10kg\/","title":{"rendered":"Kakao alkalizowane 10kg"},"content":{"rendered":"<div class=\"wpb-content-wrapper\"><p>[vc_row][vc_column][vc_column_text]<\/p>\n<table border=\"0\" width=\"100%\">\n<tbody>\n<tr>\n<td bgcolor=\"#f2f2f2\" width=\"50%\"><strong>Opakowania jednostkowe<\/strong>:<\/td>\n<td bgcolor=\"#f2f2f2\"><\/td>\n<\/tr>\n<tr>\n<td width=\"50%\">Masa Netto<\/td>\n<td>10kg<\/td>\n<\/tr>\n<tr>\n<td width=\"50%\">Kod EAN<\/td>\n<td>5907623400178<\/td>\n<\/tr>\n<\/tbody>\n<\/table>\n<p>[\/vc_column_text][\/vc_column][\/vc_row][vc_row css=&#8221;.vc_custom_1675078505798{padding-top: 30px !important;padding-bottom: 15px !important;}&#8221;][vc_column][vc_column_text]<\/p>\n<table border=\"0\" width=\"100%\">\n<tbody>\n<tr>\n<td bgcolor=\"#f2f2f2\" width=\"50%\"><strong>Sk\u0142adniki<\/strong>:<\/td>\n<td bgcolor=\"#f2f2f2\"><\/td>\n<\/tr>\n<tr>\n<td width=\"100%\">ziarno kakaowe. Przechowywa\u0107 w suchym i ch\u0142odnym miejscu.<\/td>\n<td><\/td>\n<\/tr>\n<\/tbody>\n<\/table>\n<p>[\/vc_column_text][\/vc_column][\/vc_row][vc_row css=&#8221;.vc_custom_1675078514396{padding-top: 15px !important;padding-bottom: 0px !important;}&#8221;][vc_column][vc_column_text]<\/p>\n<table border=\"0\" width=\"100%\">\n<tbody>\n<tr>\n<td bgcolor=\"#f2f2f2\" width=\"50%\"><strong>Warto\u015b\u0107 od\u017cywcza w 100g produktu<\/strong><\/td>\n<td bgcolor=\"#f2f2f2\"><\/td>\n<\/tr>\n<tr>\n<td width=\"50%\">Warto\u015b\u0107 energetyczna<\/td>\n<td>\u00a02297 kJ \/ 552 kcal<\/td>\n<\/tr>\n<tr>\n<td width=\"50%\">T\u0142uszcz<\/td>\n<td>37 g<\/td>\n<\/tr>\n<tr>\n<td width=\"50%\">W tym kwasy t\u0142uszczowe nasycone<\/td>\n<td>23 g<\/td>\n<\/tr>\n<tr>\n<td width=\"50%\">W\u0119glowodany<\/td>\n<td>47 g<\/td>\n<\/tr>\n<tr>\n<td width=\"50%\">W tym cukry<\/td>\n<td>44 g<\/td>\n<\/tr>\n<tr>\n<td width=\"50%\">Bia\u0142ko<\/td>\n<td>5,1 g<\/td>\n<\/tr>\n<tr>\n<td width=\"50%\">S\u00f3l<\/td>\n<td>0,01 g<\/td>\n<\/tr>\n<\/tbody>\n<\/table>\n<p>[\/vc_column_text][\/vc_column][\/vc_row]<\/p>\n<\/div>","protected":false},"excerpt":{"rendered":"<p>Kakao alkalizowane 10-12% Typ- UC6. Dzi\u0119ki zastosowaniu opatentowanego przez Union Chocolate systemu temperowania proszku kakaowego nasz proszek kakaowy jest sypki i charakteryzuje si\u0119 znacznie d\u0142u\u017cszym okresem przydatno\u015bci oraz intensywniejszym smakiem kakaowym r\u00f3wnocze\u015bnie pozwala unikn\u0105\u0107 zbryle\u0144 i matowo\u015bci proszku.<\/p>\n<p>&nbsp;<\/p>\n","protected":false},"featured_media":1900,"comment_status":"closed","ping_status":"closed","template":"","meta":[],"product_brand":[],"product_cat":[27],"product_tag":[],"class_list":{"0":"post-1837","1":"product","2":"type-product","3":"status-publish","4":"has-post-thumbnail","6":"product_cat-horeca","7":"description-off","9":"first","10":"outofstock","11":"taxable","12":"shipping-taxable","13":"product-type-simple"},"_links":{"self":[{"href":"https:\/\/unionchocolate.pl\/sklep\/wp-json\/wp\/v2\/product\/1837","targetHints":{"allow":["GET"]}}],"collection":[{"href":"https:\/\/unionchocolate.pl\/sklep\/wp-json\/wp\/v2\/product"}],"about":[{"href":"https:\/\/unionchocolate.pl\/sklep\/wp-json\/wp\/v2\/types\/product"}],"replies":[{"embeddable":true,"href":"https:\/\/unionchocolate.pl\/sklep\/wp-json\/wp\/v2\/comments?post=1837"}],"wp:featuredmedia":[{"embeddable":true,"href":"https:\/\/unionchocolate.pl\/sklep\/wp-json\/wp\/v2\/media\/1900"}],"wp:attachment":[{"href":"https:\/\/unionchocolate.pl\/sklep\/wp-json\/wp\/v2\/media?parent=1837"}],"wp:term":[{"taxonomy":"product_brand","embeddable":true,"href":"https:\/\/unionchocolate.pl\/sklep\/wp-json\/wp\/v2\/product_brand?post=1837"},{"taxonomy":"product_cat","embeddable":true,"href":"https:\/\/unionchocolate.pl\/sklep\/wp-json\/wp\/v2\/product_cat?post=1837"},{"taxonomy":"product_tag","embeddable":true,"href":"https:\/\/unionchocolate.pl\/sklep\/wp-json\/wp\/v2\/product_tag?post=1837"}],"curies":[{"name":"wp","href":"https:\/\/api.w.org\/{rel}","templated":true}]}}