{"id":1800,"date":"2022-07-27T13:05:08","date_gmt":"2022-07-27T11:05:08","guid":{"rendered":"https:\/\/unionchocolate.pl\/sklep\/?post_type=product&#038;p=1800"},"modified":"2026-04-16T10:24:44","modified_gmt":"2026-04-16T08:24:44","slug":"czekolada-mleczna-z-wiorkami-kokosowymi","status":"publish","type":"product","link":"https:\/\/unionchocolate.pl\/sklep\/produkt\/czekolada-mleczna-z-wiorkami-kokosowymi\/","title":{"rendered":"Czekolada mleczna z wi\u00f3rkami kokosowymi 15% 100g"},"content":{"rendered":"<div class=\"wpb-content-wrapper\"><table border=\"0\" width=\"100%\">\n<tbody>\n<tr>\n<td bgcolor=\"#f2f2f2\" width=\"50%\"><strong>Opakowania jednostkowe<\/strong>:<\/td>\n<td bgcolor=\"#f2f2f2\"><\/td>\n<\/tr>\n<tr>\n<td width=\"50%\">Masa Netto<\/td>\n<td>100g<\/td>\n<\/tr>\n<tr>\n<td width=\"50%\">Kod EAN<\/td>\n<td>5907623400673<\/td>\n<\/tr>\n<\/tbody>\n<\/table>\n<p>[vc_row css=&#8221;.vc_custom_1675078505798{padding-top: 30px !important;padding-bottom: 15px !important;}&#8221;][vc_column][vc_column_text]<\/p>\n<table border=\"0\" width=\"100%\">\n<tbody>\n<tr>\n<td bgcolor=\"#f2f2f2\" width=\"50%\"><strong>Sk\u0142adniki<\/strong>:<\/td>\n<td bgcolor=\"#f2f2f2\"><\/td>\n<\/tr>\n<tr>\n<td width=\"100%\">cukier, wi\u00f3rki kokosowe 15%, t\u0142uszcz kakaowy, <strong>mleko <\/strong>pe\u0142ne w proszku, miazga kakaowa, serwatka w proszku (z <strong>mleka<\/strong>), t\u0142uszcz ro\u015blinny (palmowy), emulgatory: lecytyny (z <strong>soi<\/strong>), E 476, aromat. Mo\u017ce zawiera\u0107 <strong>orzechy<\/strong>.\u00a0 Masa kakaowa minimum 25%.<strong>Opr\u00f3cz t\u0142uszczu kakaowego zawiera t\u0142uszcze ro\u015blinne<\/strong>.<\/td>\n<td><\/td>\n<\/tr>\n<\/tbody>\n<\/table>\n<p>[\/vc_column_text][\/vc_column][\/vc_row][vc_row css=&#8221;.vc_custom_1675078514396{padding-top: 15px !important;padding-bottom: 0px !important;}&#8221;][vc_column][vc_column_text]<\/p>\n<table border=\"0\" width=\"100%\">\n<tbody>\n<tr>\n<td bgcolor=\"#f2f2f2\" width=\"50%\"><strong>Warto\u015b\u0107 od\u017cywcza w 100g produktu<\/strong><\/td>\n<td bgcolor=\"#f2f2f2\"><\/td>\n<\/tr>\n<tr>\n<td width=\"50%\">Warto\u015b\u0107 energetyczna<\/td>\n<td>2307kJ \/ 553 kcal<\/td>\n<\/tr>\n<tr>\n<td width=\"50%\">T\u0142uszcz<\/td>\n<td>34 g<\/td>\n<\/tr>\n<tr>\n<td width=\"50%\">W tym kwasy t\u0142uszczowe nasycone<\/td>\n<td>24 g<\/td>\n<\/tr>\n<tr>\n<td width=\"50%\">W\u0119glowodany<\/td>\n<td>55 g<\/td>\n<\/tr>\n<tr>\n<td width=\"50%\">W tym cukry<\/td>\n<td>52 g<\/td>\n<\/tr>\n<tr>\n<td width=\"50%\">Bia\u0142ko<\/td>\n<td>5,6 g<\/td>\n<\/tr>\n<tr>\n<td width=\"50%\">S\u00f3l<\/td>\n<td>0,19 g<\/td>\n<\/tr>\n<\/tbody>\n<\/table>\n<p>[\/vc_column_text][\/vc_column][\/vc_row]<\/p>\n<\/div>","protected":false},"excerpt":{"rendered":"<p align=\"JUSTIFY\">Wyj\u0105tkowe po\u0142\u0105czenie smaku pe\u0142nego mleka ze staranie wypra\u017conym kakao. Dzi\u0119ki staranie dobranym sk\u0142adnikom najwy\u017cszej jako\u015bci uzyskali\u015bmy niepowtarzalny smak mlecznej czekolady wzbogacony wi\u00f3rkami kokosowymi. G\u0142adka konsystencja czekolady prze\u0142amana du\u017cymi kawa\u0142kami wi\u00f3rek kokosowych to ciekawe po\u0142\u0105cznie, kt\u00f3remu trudno si\u0119 oprze\u0107.<\/p>\n","protected":false},"featured_media":2471,"comment_status":"closed","ping_status":"closed","template":"","meta":[],"product_brand":[],"product_cat":[23],"product_tag":[28,30,31,29],"class_list":{"0":"post-1800","1":"product","2":"type-product","3":"status-publish","4":"has-post-thumbnail","6":"product_cat-tabliczki-czekolady","7":"product_tag-czekolada-mleczna","8":"product_tag-doskonaly-smak","9":"product_tag-najlepsza-na-prezent","10":"product_tag-producent","11":"description-off","13":"first","14":"instock","15":"taxable","16":"shipping-taxable","17":"purchasable","18":"product-type-simple"},"_links":{"self":[{"href":"https:\/\/unionchocolate.pl\/sklep\/wp-json\/wp\/v2\/product\/1800","targetHints":{"allow":["GET"]}}],"collection":[{"href":"https:\/\/unionchocolate.pl\/sklep\/wp-json\/wp\/v2\/product"}],"about":[{"href":"https:\/\/unionchocolate.pl\/sklep\/wp-json\/wp\/v2\/types\/product"}],"replies":[{"embeddable":true,"href":"https:\/\/unionchocolate.pl\/sklep\/wp-json\/wp\/v2\/comments?post=1800"}],"wp:featuredmedia":[{"embeddable":true,"href":"https:\/\/unionchocolate.pl\/sklep\/wp-json\/wp\/v2\/media\/2471"}],"wp:attachment":[{"href":"https:\/\/unionchocolate.pl\/sklep\/wp-json\/wp\/v2\/media?parent=1800"}],"wp:term":[{"taxonomy":"product_brand","embeddable":true,"href":"https:\/\/unionchocolate.pl\/sklep\/wp-json\/wp\/v2\/product_brand?post=1800"},{"taxonomy":"product_cat","embeddable":true,"href":"https:\/\/unionchocolate.pl\/sklep\/wp-json\/wp\/v2\/product_cat?post=1800"},{"taxonomy":"product_tag","embeddable":true,"href":"https:\/\/unionchocolate.pl\/sklep\/wp-json\/wp\/v2\/product_tag?post=1800"}],"curies":[{"name":"wp","href":"https:\/\/api.w.org\/{rel}","templated":true}]}}