{"id":1789,"date":"2022-07-26T17:14:17","date_gmt":"2022-07-26T15:14:17","guid":{"rendered":"https:\/\/unionchocolate.pl\/sklep\/?post_type=product&#038;p=1789"},"modified":"2025-10-10T12:34:30","modified_gmt":"2025-10-10T10:34:30","slug":"czekolada-mleczna-z-rodzynkami-o-smaku-rumowym","status":"publish","type":"product","link":"https:\/\/unionchocolate.pl\/sklep\/produkt\/czekolada-mleczna-z-rodzynkami-o-smaku-rumowym\/","title":{"rendered":"Czekolada mleczna  z rodzynkami 20%, o smaku rumowym"},"content":{"rendered":"<table border=\"0\" width=\"100%\">\n<tbody>\n<tr>\n<td bgcolor=\"#f2f2f2\" width=\"50%\"><strong>Opakowania jednostkowe<\/strong>:<\/td>\n<td bgcolor=\"#f2f2f2\"><\/td>\n<\/tr>\n<tr>\n<td width=\"50%\">Masa Netto<\/td>\n<td>100g<\/td>\n<\/tr>\n<tr>\n<td width=\"50%\">Kod EAN<\/td>\n<td>5907623400901<\/td>\n<\/tr>\n<tr>\n<td width=\"50%\"><\/td>\n<td><\/td>\n<\/tr>\n<tr>\n<td bgcolor=\"#f2f2f2\" width=\"50%\"><strong>Opakowanie zbiorcze:<\/strong><\/td>\n<td bgcolor=\"#f2f2f2\"><\/td>\n<\/tr>\n<tr>\n<td width=\"50%\">Ilo\u015b\u0107 sztuk w kartonie<\/td>\n<td>40<\/td>\n<\/tr>\n<tr>\n<td width=\"50%\">Kod EAN<\/td>\n<td>5907623400352<\/td>\n<\/tr>\n<tr>\n<td width=\"50%\"><\/td>\n<td><\/td>\n<\/tr>\n<tr>\n<td bgcolor=\"#f2f2f2\" width=\"50%\"><strong>Paletowanie:<\/strong><\/td>\n<td bgcolor=\"#f2f2f2\"><\/td>\n<\/tr>\n<tr>\n<td width=\"50%\">Ilo\u015b\u0107 karton\u00f3w na warstwie:<\/td>\n<td>14\/13<\/td>\n<\/tr>\n<tr>\n<td width=\"50%\">Ilo\u015b\u0107 warstw na palecie:<\/td>\n<td>12<\/td>\n<\/tr>\n<tr>\n<td width=\"50%\">Ilo\u015b\u0107 karton\u00f3w na palecie:<\/td>\n<td>162<\/td>\n<\/tr>\n<\/tbody>\n<\/table>\n<p>&nbsp;<\/p>\n<table border=\"0\" width=\"100%\">\n<tbody>\n<tr>\n<td bgcolor=\"#f2f2f2\" width=\"50%\"><strong>Sk\u0142adniki<\/strong>:<\/td>\n<td bgcolor=\"#f2f2f2\"><\/td>\n<\/tr>\n<tr>\n<td width=\"100%\">cukier, rodzynki 20%, t\u0142uszcz kakaowy, <strong>mleko<\/strong> pe\u0142ne w proszku, miazga kakaowa, serwatka w proszku (z <strong>mleka<\/strong>), t\u0142uszcz ro\u015blinny (palmowy), emulgatory: lecytyny (z\u00a0 <strong>soi<\/strong>), E476, aromat. Mo\u017ce zawiera\u0107 <strong>orzechy<\/strong>. Masa kakaowa minimum 25%. <strong>Opr\u00f3cz t\u0142uszczu kakaowego zawiera t\u0142uszcze ro\u015blinne<\/strong>. Przechowywa\u0107 w suchym i ch\u0142odnym miejscu.<\/td>\n<td><\/td>\n<\/tr>\n<\/tbody>\n<\/table>\n<p>&nbsp;<\/p>\n<table border=\"0\" width=\"100%\">\n<tbody>\n<tr>\n<td bgcolor=\"#f2f2f2\" width=\"50%\"><strong>Warto\u015b\u0107 od\u017cywcza w 100g produktu<\/strong><\/td>\n<td bgcolor=\"#f2f2f2\"><\/td>\n<\/tr>\n<tr>\n<td width=\"50%\">Warto\u015b\u0107 energetyczna<\/td>\n<td>2051kJ \/ 490 kcal<\/td>\n<\/tr>\n<tr>\n<td width=\"50%\">T\u0142uszcz<\/td>\n<td>23 g<\/td>\n<\/tr>\n<tr>\n<td width=\"50%\">W tym kwasy t\u0142uszczowe nasycone<\/td>\n<td>14 g<\/td>\n<\/tr>\n<tr>\n<td width=\"50%\">W\u0119glowodany<\/td>\n<td>64 g<\/td>\n<\/tr>\n<tr>\n<td width=\"50%\">W tym cukry<\/td>\n<td>59 g<\/td>\n<\/tr>\n<tr>\n<td width=\"50%\">Bia\u0142ko<\/td>\n<td>4,9 g<\/td>\n<\/tr>\n<tr>\n<td width=\"50%\">S\u00f3l<\/td>\n<td>0,17 g<\/td>\n<\/tr>\n<\/tbody>\n<\/table>\n<p>&nbsp;<\/p>\n","protected":false},"excerpt":{"rendered":"<p align=\"JUSTIFY\">Wyj\u0105tkowe po\u0142\u0105czenie smaku pe\u0142nego mleka ze staranie wypra\u017conym kakao. Dzi\u0119ki staranie dobranym sk\u0142adnikom najwy\u017cszej jako\u015bci uzyskali\u015bmy niepowtarzalny smak mlecznej czekolady. Tabliczka kruchej czekolady o smaku rumowym, wype\u0142niona staranie wyselekcjonowanymi rodzynkami to po\u0142\u0105cznie kt\u00f3remu nie mo\u017cna si\u0119 oprze\u0107. Idealna kompozycja smakowa czekolady o smaku rumowym z du\u017c\u0105 ilo\u015bci\u0105 rodzynek to \u015bwietna propozycja dla ka\u017cdego.<\/p>\n<p>&nbsp;<br \/>\n<span style=\"color: #c5ab6b\">data przydatno\u015bci: 29.08.2025 <\/span><\/p>\n","protected":false},"featured_media":3151,"comment_status":"closed","ping_status":"closed","template":"","meta":[],"product_brand":[],"product_cat":[23],"product_tag":[28,30,31,29],"class_list":{"0":"post-1789","1":"product","2":"type-product","3":"status-publish","4":"has-post-thumbnail","6":"product_cat-tabliczki-czekolady","7":"product_tag-czekolada-mleczna","8":"product_tag-doskonaly-smak","9":"product_tag-najlepsza-na-prezent","10":"product_tag-producent","11":"description-off","13":"first","14":"outofstock","15":"taxable","16":"shipping-taxable","17":"product-type-simple"},"_links":{"self":[{"href":"https:\/\/unionchocolate.pl\/sklep\/wp-json\/wp\/v2\/product\/1789","targetHints":{"allow":["GET"]}}],"collection":[{"href":"https:\/\/unionchocolate.pl\/sklep\/wp-json\/wp\/v2\/product"}],"about":[{"href":"https:\/\/unionchocolate.pl\/sklep\/wp-json\/wp\/v2\/types\/product"}],"replies":[{"embeddable":true,"href":"https:\/\/unionchocolate.pl\/sklep\/wp-json\/wp\/v2\/comments?post=1789"}],"wp:featuredmedia":[{"embeddable":true,"href":"https:\/\/unionchocolate.pl\/sklep\/wp-json\/wp\/v2\/media\/3151"}],"wp:attachment":[{"href":"https:\/\/unionchocolate.pl\/sklep\/wp-json\/wp\/v2\/media?parent=1789"}],"wp:term":[{"taxonomy":"product_brand","embeddable":true,"href":"https:\/\/unionchocolate.pl\/sklep\/wp-json\/wp\/v2\/product_brand?post=1789"},{"taxonomy":"product_cat","embeddable":true,"href":"https:\/\/unionchocolate.pl\/sklep\/wp-json\/wp\/v2\/product_cat?post=1789"},{"taxonomy":"product_tag","embeddable":true,"href":"https:\/\/unionchocolate.pl\/sklep\/wp-json\/wp\/v2\/product_tag?post=1789"}],"curies":[{"name":"wp","href":"https:\/\/api.w.org\/{rel}","templated":true}]}}