{"id":1692,"date":"2022-07-13T15:42:43","date_gmt":"2022-07-13T13:42:43","guid":{"rendered":"https:\/\/unionchocolate.pl\/sklep\/?page_id=1692"},"modified":"2022-11-22T13:47:20","modified_gmt":"2022-11-22T12:47:20","slug":"tabliczki-czekoladowe","status":"publish","type":"page","link":"https:\/\/unionchocolate.pl\/sklep\/tabliczki-czekoladowe\/","title":{"rendered":"Tabliczki czekoladowe"},"content":{"rendered":"<div class=\"wpb-content-wrapper\"><p>[vc_row css=&#8221;.vc_custom_1657720006575{padding-top: 50px !important;padding-bottom: 30px !important;}&#8221;][vc_column width=&#8221;1\/3&#8243;][vc_separator css=&#8221;.vc_custom_1657721179015{padding-bottom: 20px !important;}&#8221;][vc_column_text css=&#8221;.vc_custom_1658848942380{padding-bottom: 15px !important;}&#8221; el_class=&#8221;txtcolor&#8221;]<\/p>\n<h3 style=\"text-align: center;\">Doskona\u0142o\u015b\u0107 smaku<\/h3>\n<p>[\/vc_column_text][vc_column_text css=&#8221;.vc_custom_1658848968677{padding-bottom: 25px !important;}&#8221;]<\/p>\n<p style=\"text-align: center;\">Dajemy ci smaki czekolady kt\u00f3re pokochasz<\/p>\n<p>[\/vc_column_text][vc_separator][\/vc_column][vc_column width=&#8221;1\/3&#8243;][vc_separator css=&#8221;.vc_custom_1657721179015{padding-bottom: 20px !important;}&#8221;][vc_column_text css=&#8221;.vc_custom_1658849719281{padding-bottom: 15px !important;}&#8221; el_class=&#8221;txtcolor&#8221;]<\/p>\n<h3 style=\"text-align: center;\">Najlepsza czekolada<\/h3>\n<p>[\/vc_column_text][vc_column_text css=&#8221;.vc_custom_1658849064641{padding-bottom: 25px !important;}&#8221;]<\/p>\n<p style=\"text-align: center;\">Nasze receptury to czysta przyjemno\u015bc smaku<\/p>\n<p>[\/vc_column_text][vc_separator][\/vc_column][vc_column width=&#8221;1\/3&#8243;][vc_separator css=&#8221;.vc_custom_1657721179015{padding-bottom: 20px !important;}&#8221;][vc_column_text css=&#8221;.vc_custom_1658158095780{padding-bottom: 15px !important;}&#8221; el_class=&#8221;txtcolor&#8221;]<\/p>\n<h3 style=\"text-align: center;\">S\u0142odycze na prezent<\/h3>\n<p>[\/vc_column_text][vc_column_text css=&#8221;.vc_custom_1658849117231{padding-bottom: 25px !important;}&#8221;]<\/p>\n<p style=\"text-align: center;\">Tu kupisz prezenciki kt\u00f3re dadz\u0105 du\u017co rado\u015bci<\/p>\n<p>[\/vc_column_text][vc_separator][\/vc_column][\/vc_row][vc_row css=&#8221;.vc_custom_1657721222398{padding-top: 50px !important;padding-bottom: 40px !important;}&#8221;][vc_column]<style type=\"text\/css\" data-type=\"the7_shortcodes-inline-css\">.products-shortcode.products-masonry-shortcode-id-3d72ad3894e84014624b3119b6a60a29 .filter-bg-decoration .filter-categories a.act {\n  color: #fff;\n}\n.products-shortcode.products-masonry-shortcode-id-3d72ad3894e84014624b3119b6a60a29:not(.resize-by-browser-width) .dt-css-grid {\n  grid-row-gap: 10px;\n  grid-column-gap: 10px;\n  grid-template-columns: repeat(auto-fill,minmax(,1fr));\n}\n.cssgridlegacy.no-cssgrid .products-shortcode.products-masonry-shortcode-id-3d72ad3894e84014624b3119b6a60a29:not(.resize-by-browser-width) .dt-css-grid,\n.no-cssgridlegacy.no-cssgrid .products-shortcode.products-masonry-shortcode-id-3d72ad3894e84014624b3119b6a60a29:not(.resize-by-browser-width) .dt-css-grid {\n  display: flex;\n  flex-flow: row wrap;\n  margin: -5px;\n}\n.cssgridlegacy.no-cssgrid .products-shortcode.products-masonry-shortcode-id-3d72ad3894e84014624b3119b6a60a29:not(.resize-by-browser-width) .dt-css-grid .wf-cell,\n.no-cssgridlegacy.no-cssgrid .products-shortcode.products-masonry-shortcode-id-3d72ad3894e84014624b3119b6a60a29:not(.resize-by-browser-width) .dt-css-grid .wf-cell {\n  flex: 1 0 ;\n  max-width: 100%;\n  padding: 5px;\n  box-sizing: border-box;\n}\n.products-shortcode.products-masonry-shortcode-id-3d72ad3894e84014624b3119b6a60a29.resize-by-browser-width .dt-css-grid {\n  grid-template-columns: repeat(3,1fr);\n  grid-template-rows: auto;\n  grid-column-gap: 10px;\n  grid-row-gap: 10px;\n}\n.cssgridlegacy.no-cssgrid .products-shortcode.products-masonry-shortcode-id-3d72ad3894e84014624b3119b6a60a29.resize-by-browser-width .dt-css-grid,\n.no-cssgridlegacy.no-cssgrid .products-shortcode.products-masonry-shortcode-id-3d72ad3894e84014624b3119b6a60a29.resize-by-browser-width .dt-css-grid {\n  margin: -5px;\n}\n.cssgridlegacy.no-cssgrid .products-shortcode.products-masonry-shortcode-id-3d72ad3894e84014624b3119b6a60a29.resize-by-browser-width .dt-css-grid .wf-cell,\n.no-cssgridlegacy.no-cssgrid .products-shortcode.products-masonry-shortcode-id-3d72ad3894e84014624b3119b6a60a29.resize-by-browser-width .dt-css-grid .wf-cell {\n  width: 33.333333333333%;\n  padding: 5px;\n}\n@media screen and (max-width: 1199px) {\n  .products-shortcode.products-masonry-shortcode-id-3d72ad3894e84014624b3119b6a60a29.resize-by-browser-width .dt-css-grid {\n    grid-template-columns: repeat(3,1fr);\n  }\n  .cssgridlegacy.no-cssgrid .products-shortcode.products-masonry-shortcode-id-3d72ad3894e84014624b3119b6a60a29.resize-by-browser-width .dt-css-grid .wf-cell,\n  .no-cssgridlegacy.no-cssgrid .products-shortcode.products-masonry-shortcode-id-3d72ad3894e84014624b3119b6a60a29.resize-by-browser-width .dt-css-grid .wf-cell {\n    width: 33.333333333333%;\n  }\n}\n@media screen and (max-width: 991px) {\n  .products-shortcode.products-masonry-shortcode-id-3d72ad3894e84014624b3119b6a60a29.resize-by-browser-width .dt-css-grid {\n    grid-template-columns: repeat(2,1fr);\n  }\n  .cssgridlegacy.no-cssgrid .products-shortcode.products-masonry-shortcode-id-3d72ad3894e84014624b3119b6a60a29.resize-by-browser-width .dt-css-grid .wf-cell,\n  .no-cssgridlegacy.no-cssgrid .products-shortcode.products-masonry-shortcode-id-3d72ad3894e84014624b3119b6a60a29.resize-by-browser-width .dt-css-grid .wf-cell {\n    width: 50%;\n  }\n}\n@media screen and (max-width: 767px) {\n  .products-shortcode.products-masonry-shortcode-id-3d72ad3894e84014624b3119b6a60a29.resize-by-browser-width .dt-css-grid {\n    grid-template-columns: repeat(1,1fr);\n  }\n  .cssgridlegacy.no-cssgrid .products-shortcode.products-masonry-shortcode-id-3d72ad3894e84014624b3119b6a60a29.resize-by-browser-width .dt-css-grid .wf-cell,\n  .no-cssgridlegacy.no-cssgrid .products-shortcode.products-masonry-shortcode-id-3d72ad3894e84014624b3119b6a60a29.resize-by-browser-width .dt-css-grid .wf-cell {\n    width: 100%;\n  }\n}\n<\/style><div class=\"products-shortcode products-masonry-shortcode-id-3d72ad3894e84014624b3119b6a60a29 mode-grid cart-btn-on-img hide-description jquery-filter wc-img-hover dt-css-grid-wrap resize-by-browser-width loading-effect-none description-under-image wc-grid\" data-padding=\"5px\" data-cur-page=\"1\" data-post-limit=\"-1\" data-pagination-mode=\"none\" data-desktop-columns-num=\"3\" data-v-tablet-columns-num=\"2\" data-h-tablet-columns-num=\"3\" data-phone-columns-num=\"1\" data-width=\"0px\" data-columns=\"0\"><div class=\"dt-css-grid\" ><div class=\"visible wf-cell visible\" data-post-id=\"2040\" data-date=\"2022-11-22T13:46:19+01:00\" data-name=\"Czekolada mleczna Merry Christmas (jasne opakowanie)\"><article class=\"post project-odd visible description-off product type-product post-2040 status-publish first outofstock product_cat-tabliczki-czekolady has-post-thumbnail taxable shipping-taxable product-type-simple\" ><figure class=\"woocom-project\">\n\t<div class=\"woo-buttons-on-img\">\n\n\t\t<a href=\"https:\/\/unionchocolate.pl\/sklep\/produkt\/czekolada-mleczna-marry-christmas-jasne-opakowanie\/\" class=\"alignnone layzr-bg\"><img loading=\"lazy\" decoding=\"async\" width=\"600\" height=\"600\" src=\"data:image\/svg+xml;charset=utf-8,%3Csvg xmlns%3D&#039;http%3A%2F%2Fwww.w3.org%2F2000%2Fsvg&#039; viewBox%3D&#039;0 0 600 600&#039;%2F%3E\" class=\"attachment-woocommerce_thumbnail size-woocommerce_thumbnail iso-lazy-load preload-me\" alt=\"czekolada \u015bwi\u0105teczna na bo\u017ce narodzenie promocja\" data-src=\"https:\/\/unionchocolate.pl\/sklep\/wp-content\/uploads\/2022\/11\/img_2760-1000px-600x600.jpg\" data-srcset=\"https:\/\/unionchocolate.pl\/sklep\/wp-content\/uploads\/2022\/11\/img_2760-1000px-600x600.jpg 600w, https:\/\/unionchocolate.pl\/sklep\/wp-content\/uploads\/2022\/11\/img_2760-1000px-300x300.jpg 300w, https:\/\/unionchocolate.pl\/sklep\/wp-content\/uploads\/2022\/11\/img_2760-1000px-150x150.jpg 150w, https:\/\/unionchocolate.pl\/sklep\/wp-content\/uploads\/2022\/11\/img_2760-1000px-768x768.jpg 768w, https:\/\/unionchocolate.pl\/sklep\/wp-content\/uploads\/2022\/11\/img_2760-1000px-200x200.jpg 200w, https:\/\/unionchocolate.pl\/sklep\/wp-content\/uploads\/2022\/11\/img_2760-1000px.jpg 1000w\" \/><img loading=\"lazy\" decoding=\"async\" width=\"600\" height=\"600\" src=\"data:image\/svg+xml;charset=utf-8,%3Csvg xmlns%3D&#039;http%3A%2F%2Fwww.w3.org%2F2000%2Fsvg&#039; viewBox%3D&#039;0 0 600 600&#039;%2F%3E\" class=\"show-on-hover back-image iso-lazy-load preload-me\" alt=\"\" data-src=\"https:\/\/unionchocolate.pl\/sklep\/wp-content\/uploads\/2024\/10\/set-img_5267_1000px-600x600.jpg\" data-srcset=\"https:\/\/unionchocolate.pl\/sklep\/wp-content\/uploads\/2024\/10\/set-img_5267_1000px-600x600.jpg 600w, https:\/\/unionchocolate.pl\/sklep\/wp-content\/uploads\/2024\/10\/set-img_5267_1000px-300x300.jpg 300w, https:\/\/unionchocolate.pl\/sklep\/wp-content\/uploads\/2024\/10\/set-img_5267_1000px-150x150.jpg 150w, https:\/\/unionchocolate.pl\/sklep\/wp-content\/uploads\/2024\/10\/set-img_5267_1000px-768x768.jpg 768w, https:\/\/unionchocolate.pl\/sklep\/wp-content\/uploads\/2024\/10\/set-img_5267_1000px-200x200.jpg 200w, https:\/\/unionchocolate.pl\/sklep\/wp-content\/uploads\/2024\/10\/set-img_5267_1000px.jpg 1000w\" \/><\/a><div class=\"woo-buttons\"><a href=\"https:\/\/unionchocolate.pl\/sklep\/produkt\/czekolada-mleczna-marry-christmas-jasne-opakowanie\/\" aria-describedby=\"woocommerce_loop_add_to_cart_link_describedby_2040\" data-quantity=\"1\" class=\"product_type_simple ajax_add_to_cart\" data-product_id=\"2040\" data-product_sku=\"\" aria-label=\"Przeczytaj wi\u0119cej o &bdquo;Czekolada mleczna Merry Christmas (jasne opakowanie)&rdquo;\" rel=\"nofollow\" data-success_message=\"\"><span class=\"filter-popup\">Szczeg\u00f3\u0142y<\/span><i class=\"popup-icon icomoon-the7-font-the7-cart-04\"><\/i><\/a>\t<span id=\"woocommerce_loop_add_to_cart_link_describedby_2040\" class=\"screen-reader-text\">\n\t\t\t<\/span>\n<\/div><span class=\"out-stock-label\">Out of stock<\/span>\n\t<\/div>\n\t<figcaption class=\"woocom-list-content\">\n\n\t\t\t<span class=\"wcosm_soldout\">brak w magazynie<\/span>\t<style> .woocommerce .product span.wcosm_soldout{background-color: #544338; color:#fdfdfd; position: absolute;z-index: 999;padding: 5px 10px;border-radius:2px; right: -5px;top: -5px;width:fit-content; }<\/style>\r\n\t\n\t<\/figcaption>\n<\/figure>\n<\/article><\/div><div class=\"visible wf-cell visible\" data-post-id=\"2036\" data-date=\"2022-11-22T13:29:56+01:00\" data-name=\"Czekolada mleczna Merry Christmas (ciemne opakowanie)\"><article class=\"post project-odd visible description-off product type-product post-2036 status-publish outofstock product_cat-tabliczki-czekolady has-post-thumbnail taxable shipping-taxable purchasable product-type-simple\" ><figure class=\"woocom-project\">\n\t<div class=\"woo-buttons-on-img\">\n\n\t\t<a href=\"https:\/\/unionchocolate.pl\/sklep\/produkt\/czekolada-mleczna-w-swiatecznej-owijce\/\" class=\"alignnone layzr-bg\"><img loading=\"lazy\" decoding=\"async\" width=\"600\" height=\"600\" src=\"data:image\/svg+xml;charset=utf-8,%3Csvg xmlns%3D&#039;http%3A%2F%2Fwww.w3.org%2F2000%2Fsvg&#039; viewBox%3D&#039;0 0 600 600&#039;%2F%3E\" class=\"attachment-woocommerce_thumbnail size-woocommerce_thumbnail iso-lazy-load preload-me\" alt=\"czekolada \u015bwi\u0105teczna na bo\u017ce narodzenie dobra cena\" data-src=\"https:\/\/unionchocolate.pl\/sklep\/wp-content\/uploads\/2022\/11\/img_2761-1000px-600x600.jpg\" data-srcset=\"https:\/\/unionchocolate.pl\/sklep\/wp-content\/uploads\/2022\/11\/img_2761-1000px-600x600.jpg 600w, https:\/\/unionchocolate.pl\/sklep\/wp-content\/uploads\/2022\/11\/img_2761-1000px-300x300.jpg 300w, https:\/\/unionchocolate.pl\/sklep\/wp-content\/uploads\/2022\/11\/img_2761-1000px-150x150.jpg 150w, https:\/\/unionchocolate.pl\/sklep\/wp-content\/uploads\/2022\/11\/img_2761-1000px-768x768.jpg 768w, https:\/\/unionchocolate.pl\/sklep\/wp-content\/uploads\/2022\/11\/img_2761-1000px-200x200.jpg 200w, https:\/\/unionchocolate.pl\/sklep\/wp-content\/uploads\/2022\/11\/img_2761-1000px.jpg 1000w\" \/><img loading=\"lazy\" decoding=\"async\" width=\"600\" height=\"600\" src=\"data:image\/svg+xml;charset=utf-8,%3Csvg xmlns%3D&#039;http%3A%2F%2Fwww.w3.org%2F2000%2Fsvg&#039; viewBox%3D&#039;0 0 600 600&#039;%2F%3E\" class=\"show-on-hover back-image iso-lazy-load preload-me\" alt=\"czekolada mleczna polski producent\" data-src=\"https:\/\/unionchocolate.pl\/sklep\/wp-content\/uploads\/2024\/10\/set-img_5266_1000px-600x600.jpg\" data-srcset=\"https:\/\/unionchocolate.pl\/sklep\/wp-content\/uploads\/2024\/10\/set-img_5266_1000px-600x600.jpg 600w, https:\/\/unionchocolate.pl\/sklep\/wp-content\/uploads\/2024\/10\/set-img_5266_1000px-300x300.jpg 300w, https:\/\/unionchocolate.pl\/sklep\/wp-content\/uploads\/2024\/10\/set-img_5266_1000px-150x150.jpg 150w, https:\/\/unionchocolate.pl\/sklep\/wp-content\/uploads\/2024\/10\/set-img_5266_1000px-768x768.jpg 768w, https:\/\/unionchocolate.pl\/sklep\/wp-content\/uploads\/2024\/10\/set-img_5266_1000px-200x200.jpg 200w, https:\/\/unionchocolate.pl\/sklep\/wp-content\/uploads\/2024\/10\/set-img_5266_1000px.jpg 1000w\" \/><\/a><div class=\"woo-buttons\"><a href=\"https:\/\/unionchocolate.pl\/sklep\/produkt\/czekolada-mleczna-w-swiatecznej-owijce\/\" aria-describedby=\"woocommerce_loop_add_to_cart_link_describedby_2036\" data-quantity=\"1\" class=\"product_type_simple ajax_add_to_cart\" data-product_id=\"2036\" data-product_sku=\"\" aria-label=\"Przeczytaj wi\u0119cej o &bdquo;Czekolada mleczna Merry Christmas (ciemne opakowanie)&rdquo;\" rel=\"nofollow\" data-success_message=\"\"><span class=\"filter-popup\">Szczeg\u00f3\u0142y<\/span><i class=\"popup-icon icomoon-the7-font-the7-cart-04\"><\/i><\/a>\t<span id=\"woocommerce_loop_add_to_cart_link_describedby_2036\" class=\"screen-reader-text\">\n\t\t\t<\/span>\n<\/div><span class=\"out-stock-label\">Out of stock<\/span>\n\t<\/div>\n\t<figcaption class=\"woocom-list-content\">\n\n\t\t\t<span class=\"wcosm_soldout\">brak w magazynie<\/span>\t<style> .woocommerce .product span.wcosm_soldout{background-color: #544338; color:#fdfdfd; position: absolute;z-index: 999;padding: 5px 10px;border-radius:2px; right: -5px;top: -5px;width:fit-content; }<\/style>\r\n\t\n\t<\/figcaption>\n<\/figure>\n<\/article><\/div><div class=\"visible wf-cell visible\" data-post-id=\"1760\" data-date=\"2022-08-26T13:19:10+02:00\" data-name=\"Czekolada mleczna 100g\"><article class=\"post project-odd visible description-off product type-product post-1760 status-publish last instock product_cat-tabliczki-czekolady has-post-thumbnail taxable shipping-taxable purchasable product-type-simple\" ><figure class=\"woocom-project\">\n\t<div class=\"woo-buttons-on-img\">\n\n\t\t<a href=\"https:\/\/unionchocolate.pl\/sklep\/produkt\/czekolada-mleczna\/\" class=\"alignnone layzr-bg\"><img loading=\"lazy\" decoding=\"async\" width=\"600\" height=\"600\" src=\"data:image\/svg+xml;charset=utf-8,%3Csvg xmlns%3D&#039;http%3A%2F%2Fwww.w3.org%2F2000%2Fsvg&#039; viewBox%3D&#039;0 0 600 600&#039;%2F%3E\" class=\"attachment-woocommerce_thumbnail size-woocommerce_thumbnail iso-lazy-load preload-me\" alt=\"\" data-src=\"https:\/\/unionchocolate.pl\/sklep\/wp-content\/uploads\/2024\/10\/img_6096b_mleczna_1000px-600x600.jpg\" data-srcset=\"https:\/\/unionchocolate.pl\/sklep\/wp-content\/uploads\/2024\/10\/img_6096b_mleczna_1000px-600x600.jpg 600w, https:\/\/unionchocolate.pl\/sklep\/wp-content\/uploads\/2024\/10\/img_6096b_mleczna_1000px-300x300.jpg 300w, https:\/\/unionchocolate.pl\/sklep\/wp-content\/uploads\/2024\/10\/img_6096b_mleczna_1000px-150x150.jpg 150w, https:\/\/unionchocolate.pl\/sklep\/wp-content\/uploads\/2024\/10\/img_6096b_mleczna_1000px-768x768.jpg 768w, https:\/\/unionchocolate.pl\/sklep\/wp-content\/uploads\/2024\/10\/img_6096b_mleczna_1000px-200x200.jpg 200w, https:\/\/unionchocolate.pl\/sklep\/wp-content\/uploads\/2024\/10\/img_6096b_mleczna_1000px.jpg 1000w\" \/><\/a><div class=\"woo-buttons\"><a href=\"?add-to-cart=1760\" aria-describedby=\"woocommerce_loop_add_to_cart_link_describedby_1760\" data-quantity=\"1\" class=\"product_type_simple add_to_cart_button ajax_add_to_cart\" data-product_id=\"1760\" data-product_sku=\"\" aria-label=\"Dodaj do koszyka: &bdquo;Czekolada mleczna 100g&rdquo;\" rel=\"nofollow\" data-success_message=\"&ldquo;Czekolada mleczna 100g&rdquo; zosta\u0142 dodany do twojego koszyka\"><span class=\"filter-popup\">Dodaj do koszyka<\/span><i class=\"popup-icon icomoon-the7-font-the7-cart-04\"><\/i><\/a>\t<span id=\"woocommerce_loop_add_to_cart_link_describedby_1760\" class=\"screen-reader-text\">\n\t\t\t<\/span>\n<\/div>\n\t<\/div>\n\t<figcaption class=\"woocom-list-content\">\n\n\t\t\n\t<\/figcaption>\n<\/figure>\n<\/article><\/div><div class=\"visible wf-cell visible\" data-post-id=\"1808\" data-date=\"2022-07-28T13:28:13+02:00\" data-name=\"Czekolada gorzka 60%\"><article class=\"post project-odd visible description-off product type-product post-1808 status-publish first instock product_cat-tabliczki-czekolady product_tag-czekolada-gorzka product_tag-doskonaly-smak product_tag-najlepsza-na-prezent product_tag-producent has-post-thumbnail taxable shipping-taxable purchasable product-type-simple\" ><figure class=\"woocom-project\">\n\t<div class=\"woo-buttons-on-img\">\n\n\t\t<a href=\"https:\/\/unionchocolate.pl\/sklep\/produkt\/czekolada-gorzka-60\/\" class=\"alignnone layzr-bg\"><img loading=\"lazy\" decoding=\"async\" width=\"600\" height=\"600\" src=\"data:image\/svg+xml;charset=utf-8,%3Csvg xmlns%3D&#039;http%3A%2F%2Fwww.w3.org%2F2000%2Fsvg&#039; viewBox%3D&#039;0 0 600 600&#039;%2F%3E\" class=\"attachment-woocommerce_thumbnail size-woocommerce_thumbnail iso-lazy-load preload-me\" alt=\"czekolada gorzka 80g producent\" data-src=\"https:\/\/unionchocolate.pl\/sklep\/wp-content\/uploads\/2022\/07\/czekolada-gorzka-80g-1000px-600x600.jpg\" data-srcset=\"https:\/\/unionchocolate.pl\/sklep\/wp-content\/uploads\/2022\/07\/czekolada-gorzka-80g-1000px-600x600.jpg 600w, https:\/\/unionchocolate.pl\/sklep\/wp-content\/uploads\/2022\/07\/czekolada-gorzka-80g-1000px-200x200.jpg 200w, https:\/\/unionchocolate.pl\/sklep\/wp-content\/uploads\/2022\/07\/czekolada-gorzka-80g-1000px-300x300.jpg 300w, https:\/\/unionchocolate.pl\/sklep\/wp-content\/uploads\/2022\/07\/czekolada-gorzka-80g-1000px-150x150.jpg 150w, https:\/\/unionchocolate.pl\/sklep\/wp-content\/uploads\/2022\/07\/czekolada-gorzka-80g-1000px-768x768.jpg 768w, https:\/\/unionchocolate.pl\/sklep\/wp-content\/uploads\/2022\/07\/czekolada-gorzka-80g-1000px.jpg 1000w\" \/><\/a><div class=\"woo-buttons\"><a href=\"?add-to-cart=1808\" aria-describedby=\"woocommerce_loop_add_to_cart_link_describedby_1808\" data-quantity=\"1\" class=\"product_type_simple add_to_cart_button ajax_add_to_cart\" data-product_id=\"1808\" data-product_sku=\"\" aria-label=\"Dodaj do koszyka: &bdquo;Czekolada gorzka 60%&rdquo;\" rel=\"nofollow\" data-success_message=\"&ldquo;Czekolada gorzka 60%&rdquo; zosta\u0142 dodany do twojego koszyka\"><span class=\"filter-popup\">Dodaj do koszyka<\/span><i class=\"popup-icon icomoon-the7-font-the7-cart-04\"><\/i><\/a>\t<span id=\"woocommerce_loop_add_to_cart_link_describedby_1808\" class=\"screen-reader-text\">\n\t\t\t<\/span>\n<\/div>\n\t<\/div>\n\t<figcaption class=\"woocom-list-content\">\n\n\t\t\n\t<\/figcaption>\n<\/figure>\n<\/article><\/div><div class=\"visible wf-cell visible\" data-post-id=\"1800\" data-date=\"2022-07-27T13:05:08+02:00\" data-name=\"Czekolada mleczna z wi\u00f3rkami kokosowymi 15% 100g\"><article class=\"post project-odd visible description-off product type-product post-1800 status-publish instock product_cat-tabliczki-czekolady product_tag-czekolada-mleczna product_tag-doskonaly-smak product_tag-najlepsza-na-prezent product_tag-producent has-post-thumbnail taxable shipping-taxable purchasable product-type-simple\" ><figure class=\"woocom-project\">\n\t<div class=\"woo-buttons-on-img\">\n\n\t\t<a href=\"https:\/\/unionchocolate.pl\/sklep\/produkt\/czekolada-mleczna-z-wiorkami-kokosowymi\/\" class=\"alignnone layzr-bg\"><img loading=\"lazy\" decoding=\"async\" width=\"600\" height=\"600\" src=\"data:image\/svg+xml;charset=utf-8,%3Csvg xmlns%3D&#039;http%3A%2F%2Fwww.w3.org%2F2000%2Fsvg&#039; viewBox%3D&#039;0 0 600 600&#039;%2F%3E\" class=\"attachment-woocommerce_thumbnail size-woocommerce_thumbnail iso-lazy-load preload-me\" alt=\"\" data-src=\"https:\/\/unionchocolate.pl\/sklep\/wp-content\/uploads\/2023\/10\/img_7467_1000px-600x600.jpg\" data-srcset=\"https:\/\/unionchocolate.pl\/sklep\/wp-content\/uploads\/2023\/10\/img_7467_1000px-600x600.jpg 600w, https:\/\/unionchocolate.pl\/sklep\/wp-content\/uploads\/2023\/10\/img_7467_1000px-300x300.jpg 300w, https:\/\/unionchocolate.pl\/sklep\/wp-content\/uploads\/2023\/10\/img_7467_1000px-150x150.jpg 150w, https:\/\/unionchocolate.pl\/sklep\/wp-content\/uploads\/2023\/10\/img_7467_1000px-768x768.jpg 768w, https:\/\/unionchocolate.pl\/sklep\/wp-content\/uploads\/2023\/10\/img_7467_1000px-200x200.jpg 200w, https:\/\/unionchocolate.pl\/sklep\/wp-content\/uploads\/2023\/10\/img_7467_1000px.jpg 1000w\" \/><\/a><div class=\"woo-buttons\"><a href=\"?add-to-cart=1800\" aria-describedby=\"woocommerce_loop_add_to_cart_link_describedby_1800\" data-quantity=\"1\" class=\"product_type_simple add_to_cart_button ajax_add_to_cart\" data-product_id=\"1800\" data-product_sku=\"\" aria-label=\"Dodaj do koszyka: &bdquo;Czekolada mleczna z wi\u00f3rkami kokosowymi 15% 100g&rdquo;\" rel=\"nofollow\" data-success_message=\"&ldquo;Czekolada mleczna z wi\u00f3rkami kokosowymi 15% 100g&rdquo; zosta\u0142 dodany do twojego koszyka\"><span class=\"filter-popup\">Dodaj do koszyka<\/span><i class=\"popup-icon icomoon-the7-font-the7-cart-04\"><\/i><\/a>\t<span id=\"woocommerce_loop_add_to_cart_link_describedby_1800\" class=\"screen-reader-text\">\n\t\t\t<\/span>\n<\/div>\n\t<\/div>\n\t<figcaption class=\"woocom-list-content\">\n\n\t\t\n\t<\/figcaption>\n<\/figure>\n<\/article><\/div><\/div><!-- iso-container|iso-grid --><\/div>[\/vc_column][\/vc_row]<\/p>\n<\/div>","protected":false},"excerpt":{"rendered":"<p>[vc_row css=&#8221;.vc_custom_1657720006575{padding-top: 50px !important;padding-bottom: 30px !important;}&#8221;][vc_column width=&#8221;1\/3&#8243;][vc_separator css=&#8221;.vc_custom_1657721179015{padding-bottom: 20px !important;}&#8221;][vc_column_text css=&#8221;.vc_custom_1658848942380{padding-bottom: 15px !important;}&#8221; el_class=&#8221;txtcolor&#8221;] Doskona\u0142o\u015b\u0107 smaku [\/vc_column_text][vc_column_text css=&#8221;.vc_custom_1658848968677{padding-bottom: 25px !important;}&#8221;] Dajemy ci smaki czekolady kt\u00f3re pokochasz [\/vc_column_text][vc_separator][\/vc_column][vc_column width=&#8221;1\/3&#8243;][vc_separator css=&#8221;.vc_custom_1657721179015{padding-bottom: 20px !important;}&#8221;][vc_column_text css=&#8221;.vc_custom_1658849719281{padding-bottom: 15px !important;}&#8221; el_class=&#8221;txtcolor&#8221;] Najlepsza czekolada [\/vc_column_text][vc_column_text css=&#8221;.vc_custom_1658849064641{padding-bottom: 25px !important;}&#8221;] Nasze receptury to czysta przyjemno\u015bc smaku [\/vc_column_text][vc_separator][\/vc_column][vc_column width=&#8221;1\/3&#8243;][vc_separator css=&#8221;.vc_custom_1657721179015{padding-bottom: 20px !important;}&#8221;][vc_column_text css=&#8221;.vc_custom_1658158095780{padding-bottom: 15px !important;}&#8221;&hellip;<\/p>\n","protected":false},"author":1,"featured_media":0,"parent":0,"menu_order":0,"comment_status":"closed","ping_status":"closed","template":"","meta":{"footnotes":""},"class_list":["post-1692","page","type-page","status-publish","hentry","description-off"],"_links":{"self":[{"href":"https:\/\/unionchocolate.pl\/sklep\/wp-json\/wp\/v2\/pages\/1692","targetHints":{"allow":["GET"]}}],"collection":[{"href":"https:\/\/unionchocolate.pl\/sklep\/wp-json\/wp\/v2\/pages"}],"about":[{"href":"https:\/\/unionchocolate.pl\/sklep\/wp-json\/wp\/v2\/types\/page"}],"author":[{"embeddable":true,"href":"https:\/\/unionchocolate.pl\/sklep\/wp-json\/wp\/v2\/users\/1"}],"replies":[{"embeddable":true,"href":"https:\/\/unionchocolate.pl\/sklep\/wp-json\/wp\/v2\/comments?post=1692"}],"version-history":[{"count":34,"href":"https:\/\/unionchocolate.pl\/sklep\/wp-json\/wp\/v2\/pages\/1692\/revisions"}],"predecessor-version":[{"id":2041,"href":"https:\/\/unionchocolate.pl\/sklep\/wp-json\/wp\/v2\/pages\/1692\/revisions\/2041"}],"wp:attachment":[{"href":"https:\/\/unionchocolate.pl\/sklep\/wp-json\/wp\/v2\/media?parent=1692"}],"curies":[{"name":"wp","href":"https:\/\/api.w.org\/{rel}","templated":true}]}}