{"id":1633,"date":"2022-07-13T09:25:09","date_gmt":"2022-07-13T07:25:09","guid":{"rendered":"https:\/\/unionchocolate.pl\/sklep\/?page_id=1633"},"modified":"2023-05-17T12:52:26","modified_gmt":"2023-05-17T10:52:26","slug":"kontakt","status":"publish","type":"page","link":"https:\/\/unionchocolate.pl\/sklep\/kontakt\/","title":{"rendered":"Kontakt"},"content":{"rendered":"<div class=\"wpb-content-wrapper\"><p>[vc_row full_width=&#8221;stretch_row&#8221; equal_height=&#8221;yes&#8221; content_placement=&#8221;middle&#8221; type=&#8221;vc_default&#8221; margin_bottom=&#8221;60&#8243; css=&#8221;.vc_custom_1657710163230{padding-top: 75px !important;padding-bottom: 60px !important;}&#8221;][vc_column offset=&#8221;vc_col-lg-6 vc_col-md-6 vc_col-xs-12&#8243;]<div class=\"aio-icon-component  vc_custom_1657702609400   style_1\"><div id=\"Info-box-wrap-7110\" class=\"aio-icon-box default-icon\" style=\"\"  ><div class=\"aio-icon-default\"><div class=\"ult-just-icon-wrapper  \"><div class=\"align-icon\" style=\"text-align:center;\">\n<div class=\"aio-icon advanced \"  style=\"color:#3f312d;background:rgba(255,255,255,0.01);border-style:solid;border-color:rgba(137,107,105,0.4);border-width:3px;width:34px;height:34px;line-height:34px;border-radius:500px;font-size:20px;display:inline-block;\">\n\t<i class=\"icomoon-free-social-contact-16x16-location\"><\/i>\n<\/div><\/div><\/div><\/div><div class=\"aio-icon-header\" ><h3 class=\"aio-icon-title ult-responsive\"  data-ultimate-target='#Info-box-wrap-7110 .aio-icon-title'  data-responsive-json-new='{\"font-size\":\"desktop:22px;\",\"line-height\":\"desktop:22px;\"}'  style=\"font-weight:bold;color:#3f312d;\">UNION CHOCOLATE Sp. z o.o.<br \/>\nAl. Rac\u0142awickie 6, 99-320 \u017bychlin<\/h3><\/div> <!-- header --><\/div> <!-- aio-icon-box --><\/div> <!-- aio-icon-component --><div class=\"aio-icon-component  vc_custom_1657702513084  dt-phone style_1\"><div id=\"Info-box-wrap-3892\" class=\"aio-icon-box default-icon\" style=\"\"  ><div class=\"aio-icon-default\"><div class=\"ult-just-icon-wrapper  \"><div class=\"align-icon\" style=\"text-align:center;\">\n<div class=\"aio-icon advanced \"  style=\"color:#3f312d;border-style:solid;border-color:rgba(137,107,105,0.4);border-width:3px;width:34px;height:34px;line-height:34px;border-radius:500px;font-size:20px;display:inline-block;\">\n\t<i class=\"icomoon-free-social-contact-16x16-mobile\"><\/i>\n<\/div><\/div><\/div><\/div><div class=\"aio-icon-header\" ><h3 class=\"aio-icon-title ult-responsive\"  data-ultimate-target='#Info-box-wrap-3892 .aio-icon-title'  data-responsive-json-new='{\"font-size\":\"desktop:22px;\",\"line-height\":\"desktop:22px;\"}'  style=\"font-weight:bold;color:#3f312d;\">+48 24 285 10 41<\/h3><\/div> <!-- header --><\/div> <!-- aio-icon-box --><\/div> <!-- aio-icon-component --><div class=\"aio-icon-component  vc_custom_1666278956052   style_1\"><div id=\"Info-box-wrap-2493\" class=\"aio-icon-box default-icon\" style=\"\"  ><div class=\"aio-icon-default\"><div class=\"ult-just-icon-wrapper  \"><div class=\"align-icon\" style=\"text-align:center;\">\n<div class=\"aio-icon advanced \"  style=\"color:#3f312d;background:rgba(255,255,255,0.01);border-style:solid;border-color:rgba(137,107,105,0.4);border-width:3px;width:34px;height:34px;line-height:34px;border-radius:500px;font-size:18px;display:inline-block;\">\n\t<i class=\"icomoon-free-social-contact-16x16-envelop\"><\/i>\n<\/div><\/div><\/div><\/div><div class=\"aio-icon-header\" ><h3 class=\"aio-icon-title ult-responsive\"  data-ultimate-target='#Info-box-wrap-2493 .aio-icon-title'  data-responsive-json-new='{\"font-size\":\"desktop:22px;\",\"line-height\":\"desktop:22px;\"}'  style=\"font-weight:bold;color:#3f312d;\">&#x73;k&#x6c;e&#x70;&#64;&#x75;&#110;i&#x6f;n&#x63;&#104;&#x6f;&#99;&#x6f;&#108;a&#x74;e&#x2e;&#112;&#x6c;<\/h3><\/div> <!-- header --><\/div> <!-- aio-icon-box --><\/div> <!-- aio-icon-component --><div class=\"aio-icon-component  vc_custom_1666878911705   style_1\"><div id=\"Info-box-wrap-4968\" class=\"aio-icon-box default-icon\" style=\"\"  ><div class=\"aio-icon-default\"><div class=\"ult-just-icon-wrapper  \"><div class=\"align-icon\" style=\"text-align:center;\">\n<div class=\"aio-icon advanced \"  style=\"color:#3f312d;background:rgba(255,255,255,0.01);border-style:solid;border-color:rgba(137,107,105,0.4);border-width:3px;width:34px;height:34px;line-height:34px;border-radius:500px;font-size:18px;display:inline-block;\">\n\t<i class=\"icomoon-free-social-contact-16x16-clock\"><\/i>\n<\/div><\/div><\/div><\/div><div class=\"aio-icon-header\" ><h3 class=\"aio-icon-title ult-responsive\"  data-ultimate-target='#Info-box-wrap-4968 .aio-icon-title'  data-responsive-json-new='{\"font-size\":\"desktop:22px;\",\"line-height\":\"desktop:22px;\"}'  style=\"font-weight:bold;color:#3f312d;\">Pn-Pt 8:00 - 16:00<\/h3><\/div> <!-- header --><\/div> <!-- aio-icon-box --><\/div> <!-- aio-icon-component --><div class=\"aio-icon-component  vc_custom_1684320743670   style_1\"><div id=\"Info-box-wrap-2585\" class=\"aio-icon-box default-icon\" style=\"\"  ><div class=\"aio-icon-default\"><div class=\"ult-just-icon-wrapper  \"><div class=\"align-icon\" style=\"text-align:center;\">\n<div class=\"aio-icon advanced \"  style=\"color:#3f312d;background:rgba(255,255,255,0.01);border-style:solid;border-color:rgba(137,107,105,0.4);border-width:3px;width:34px;height:34px;line-height:34px;border-radius:500px;font-size:20px;display:inline-block;\">\n\t<i class=\"dt-icon-the7-misc-006-2\"><\/i>\n<\/div><\/div><\/div><\/div><div class=\"aio-icon-header\" ><h3 class=\"aio-icon-title ult-responsive\"  data-ultimate-target='#Info-box-wrap-2585 .aio-icon-title'  data-responsive-json-new='{\"font-size\":\"desktop:14px;\",\"line-height\":\"desktop:14px;\"}'  style=\"font-weight:bold;color:#3f312d;\">NIP: 854-20-36-872<br \/>\nREGON: 811920394<br \/>\nKRS: 0000169387<br \/>\nS\u0105d Rejonowy w Toruniu VII Wydzia\u0142 Gospodarczy Krajowego Rejestru S\u0105dowego<br \/>\nKapita\u0142 zak\u0142adowy: 51 200 z\u0142<\/h3><\/div> <!-- header --><\/div> <!-- aio-icon-box --><\/div> <!-- aio-icon-component -->[\/vc_column][vc_column offset=&#8221;vc_col-lg-6 vc_col-md-6 vc_col-xs-12&#8243;]\n<div class=\"wpcf7 no-js\" id=\"wpcf7-f1687-o1\" lang=\"pl-PL\" dir=\"ltr\" data-wpcf7-id=\"1687\">\n<div class=\"screen-reader-response\"><p role=\"status\" aria-live=\"polite\" aria-atomic=\"true\"><\/p> <ul><\/ul><\/div>\n<form action=\"\/sklep\/wp-json\/wp\/v2\/pages\/1633#wpcf7-f1687-o1\" method=\"post\" class=\"wpcf7-form init\" aria-label=\"Formularz kontaktowy\" novalidate=\"novalidate\" data-status=\"init\">\n<fieldset class=\"hidden-fields-container\"><input type=\"hidden\" name=\"_wpcf7\" value=\"1687\" \/><input type=\"hidden\" name=\"_wpcf7_version\" value=\"6.1.1\" \/><input type=\"hidden\" name=\"_wpcf7_locale\" value=\"pl_PL\" \/><input type=\"hidden\" name=\"_wpcf7_unit_tag\" value=\"wpcf7-f1687-o1\" \/><input type=\"hidden\" name=\"_wpcf7_container_post\" value=\"0\" \/><input type=\"hidden\" name=\"_wpcf7_posted_data_hash\" value=\"\" \/><input type=\"hidden\" name=\"_wpcf7_recaptcha_response\" value=\"\" \/>\n<\/fieldset>\n<p><label> Imi\u0119 i nazwisko (wymagane)<br \/>\n<span class=\"wpcf7-form-control-wrap\" data-name=\"your-name\"><input size=\"40\" maxlength=\"400\" class=\"wpcf7-form-control wpcf7-text wpcf7-validates-as-required\" aria-required=\"true\" aria-invalid=\"false\" value=\"\" type=\"text\" name=\"your-name\" \/><\/span> <\/label>\n<\/p>\n<p><label> Email (wymagane)<br \/>\n<span class=\"wpcf7-form-control-wrap\" data-name=\"your-email\"><input size=\"40\" maxlength=\"400\" class=\"wpcf7-form-control wpcf7-email wpcf7-validates-as-required wpcf7-text wpcf7-validates-as-email\" aria-required=\"true\" aria-invalid=\"false\" value=\"\" type=\"email\" name=\"your-email\" \/><\/span> <\/label>\n<\/p>\n<p><label> Temat<br \/>\n<span class=\"wpcf7-form-control-wrap\" data-name=\"your-subject\"><input size=\"40\" maxlength=\"400\" class=\"wpcf7-form-control wpcf7-text\" aria-invalid=\"false\" value=\"\" type=\"text\" name=\"your-subject\" \/><\/span> <\/label>\n<\/p>\n<p><label> Wiadomo\u015b\u0107<br \/>\n<span class=\"wpcf7-form-control-wrap\" data-name=\"your-message\"><textarea cols=\"40\" rows=\"10\" maxlength=\"2000\" class=\"wpcf7-form-control wpcf7-textarea\" aria-invalid=\"false\" name=\"your-message\"><\/textarea><\/span> <\/label><br \/>\n<span class=\"wpcf7-form-control-wrap\" data-name=\"acceptance-560\"><span class=\"wpcf7-form-control wpcf7-acceptance\"><span class=\"wpcf7-list-item\"><label><input type=\"checkbox\" name=\"acceptance-560\" value=\"1\" aria-invalid=\"false\" \/><span class=\"wpcf7-list-item-label\">O\u015bwiadczam \u017ce zapozna\u0142em si\u0119 z \"<a href=\"https:\/\/unionchocolate.pl\/sklep\/polityka-prywatnosci\/\" target=\"_blank\">Polityk\u0105 prywatno\u015bci<\/a>\".<\/span><\/label><\/span><\/span><\/span>\n<\/p>\n<p><input class=\"wpcf7-form-control wpcf7-submit has-spinner\" type=\"submit\" value=\"Wy\u015blij\" \/>\n<\/p><div class=\"wpcf7-response-output\" aria-hidden=\"true\"><\/div>\n<\/form>\n<\/div>\n[\/vc_column][\/vc_row][vc_row full_width=&#8221;stretch_row_content_no_spaces&#8221; css=&#8221;.vc_custom_1666347845357{margin-bottom: -30px !important;padding-bottom: 0px !important;}&#8221;][vc_column]<div id='wrap_map_69f726c105d7c' class='ultimate-map-wrapper ult-adjust-bottom-margin ' style=' height:300px;'><div id='map_69f726c105d7c' data-map_override='0' class='ultimate_google_map wpb_content_element page_margin_top' style='width:100%;height:300px;'><\/div><\/div><script type='text\/javascript'>\n\t\t\t(function($) {\n  \t\t\t'use strict';\n\t\t\tvar map_map_69f726c105d7c = null;\n\t\t\tvar coordinate_map_69f726c105d7c;\n\t\t\tvar isDraggable = $(document).width() > 641 ? true : true;\n\t\t\ttry\n\t\t\t{\n\t\t\t\tvar map_map_69f726c105d7c = null;\n\t\t\t\tvar coordinate_map_69f726c105d7c;\n\t\t\t\tcoordinate_map_69f726c105d7c=new google.maps.LatLng(52.2471666, 19.6217877);\n\t\t\t\tvar mapOptions=\n\t\t\t\t{\n\t\t\t\t\tzoom: 8,\n\t\t\t\t\tcenter: coordinate_map_69f726c105d7c,\n\t\t\t\t\tscaleControl: true,\n\t\t\t\t\tstreetViewControl: false,\n\t\t\t\t\tmapTypeControl: false,\n\t\t\t\t\tpanControl: false,\n\t\t\t\t\tzoomControl: true,\n\t\t\t\t\tscrollwheel: false,\n\t\t\t\t\tdraggable: isDraggable,\n\t\t\t\t\tzoomControlOptions: {\n\t\t\t\t\t\tposition: google.maps.ControlPosition.RIGHT_BOTTOM\n\t\t\t\t\t}, mapTypeControlOptions: {\n\t\t\t\t\t  \t\tmapTypeIds: [google.maps.MapTypeId.ROADMAP, 'map_style']\n\t\t\t\t\t\t}};var styles = [\n    {\n        \"featureType\": \"landscape\",\n        \"elementType\": \"all\",\n        \"stylers\": [\n            {\n                \"hue\": \"#FFBB00\"\n            },\n            {\n                \"saturation\": 43.400000000000006\n            },\n            {\n                \"lightness\": 37.599999999999994\n            },\n            {\n                \"gamma\": 1\n            }\n        ]\n    },\n    {\n        \"featureType\": \"poi\",\n        \"elementType\": \"all\",\n        \"stylers\": [\n            {\n                \"hue\": \"#00FF6A\"\n            },\n            {\n                \"saturation\": -1.0989010989011234\n            },\n            {\n                \"lightness\": 11.200000000000017\n            },\n            {\n                \"gamma\": 1\n            }\n        ]\n    },\n    {\n        \"featureType\": \"poi.attraction\",\n        \"elementType\": \"all\",\n        \"stylers\": [\n            {\n                \"visibility\": \"off\"\n            }\n        ]\n    },\n    {\n        \"featureType\": \"poi.business\",\n        \"elementType\": \"all\",\n        \"stylers\": [\n            {\n                \"visibility\": \"on\"\n            },\n            {\n                \"hue\": \"#ffb000\"\n            },\n            {\n                \"invert_lightness\": true\n            },\n            {\n                \"weight\": \"0.60\"\n            },\n            {\n                \"gamma\": \"1.14\"\n            },\n            {\n                \"lightness\": \"26\"\n            },\n            {\n                \"saturation\": \"-9\"\n            }\n        ]\n    },\n    {\n        \"featureType\": \"poi.government\",\n        \"elementType\": \"all\",\n        \"stylers\": [\n            {\n                \"visibility\": \"off\"\n            }\n        ]\n    },\n    {\n        \"featureType\": \"poi.medical\",\n        \"elementType\": \"all\",\n        \"stylers\": [\n            {\n                \"visibility\": \"off\"\n            }\n        ]\n    },\n    {\n        \"featureType\": \"poi.place_of_worship\",\n        \"elementType\": \"all\",\n        \"stylers\": [\n            {\n                \"visibility\": \"off\"\n            }\n        ]\n    },\n    {\n        \"featureType\": \"poi.school\",\n        \"elementType\": \"all\",\n        \"stylers\": [\n            {\n                \"visibility\": \"off\"\n            }\n        ]\n    },\n    {\n        \"featureType\": \"poi.sports_complex\",\n        \"elementType\": \"all\",\n        \"stylers\": [\n            {\n                \"visibility\": \"off\"\n            }\n        ]\n    },\n    {\n        \"featureType\": \"road.highway\",\n        \"elementType\": \"all\",\n        \"stylers\": [\n            {\n                \"hue\": \"#FFC200\"\n            },\n            {\n                \"saturation\": -61.8\n            },\n            {\n                \"lightness\": 45.599999999999994\n            },\n            {\n                \"gamma\": 1\n            }\n        ]\n    },\n    {\n        \"featureType\": \"road.arterial\",\n        \"elementType\": \"all\",\n        \"stylers\": [\n            {\n                \"hue\": \"#FF0300\"\n            },\n            {\n                \"saturation\": -100\n            },\n            {\n                \"lightness\": 51.19999999999999\n            },\n            {\n                \"gamma\": 1\n            }\n        ]\n    },\n    {\n        \"featureType\": \"road.local\",\n        \"elementType\": \"all\",\n        \"stylers\": [\n            {\n                \"hue\": \"#FF0300\"\n            },\n            {\n                \"saturation\": -100\n            },\n            {\n                \"lightness\": 52\n            },\n            {\n                \"gamma\": 1\n            }\n        ]\n    },\n    {\n        \"featureType\": \"water\",\n        \"elementType\": \"all\",\n        \"stylers\": [\n            {\n                \"hue\": \"#0078FF\"\n            },\n            {\n                \"saturation\": -13.200000000000003\n            },\n            {\n                \"lightness\": 2.4000000000000057\n            },\n            {\n                \"gamma\": 1\n            }\n        ]\n    }\n]; var styledMap = new google.maps.StyledMapType(styles,{name: \"Styled Map\"});var map_map_69f726c105d7c = new google.maps.Map(document.getElementById('map_69f726c105d7c'),mapOptions);map_map_69f726c105d7c.mapTypes.set('map_style', styledMap);\n \t\t\t\t\t\t\t map_map_69f726c105d7c.setMapTypeId('map_style');\n\t\t\t\t\t\tvar x = 'infowindow_open_value';\n\t\t\t\t\t\tvar marker_map_69f726c105d7c = new google.maps.Marker({\n\t\t\t\t\t\tposition: new google.maps.LatLng(52.2471666, 19.6217877),\n\t\t\t\t\t\tanimation:  google.maps.Animation.DROP,\n\t\t\t\t\t\tmap: map_map_69f726c105d7c,\n\t\t\t\t\t\ticon: ''\n\t\t\t\t\t});\tgoogle.maps.event.addListener(marker_map_69f726c105d7c, 'click', toggleBounce);}\n\t\t\tcatch(e){};\n\t\t\tjQuery(document).ready(function($){\n\t\t\t\tgoogle.maps.event.trigger(map_map_69f726c105d7c, 'resize');\n\t\t\t\t$(window).resize(function(){\n\t\t\t\t\tgoogle.maps.event.trigger(map_map_69f726c105d7c, 'resize');\n\t\t\t\t\tif(map_map_69f726c105d7c!=null)\n\t\t\t\t\t\tmap_map_69f726c105d7c.setCenter(coordinate_map_69f726c105d7c);\n\t\t\t\t});\n\t\t\t\t$('.ui-tabs').bind('tabsactivate', function(event, ui) {\n\t\t\t\t   if($(this).find('.ultimate-map-wrapper').length > 0)\n\t\t\t\t\t{\n\t\t\t\t\t\tsetTimeout(function(){\n\t\t\t\t\t\t\t$(window).trigger('resize');\n\t\t\t\t\t\t},200);\n\t\t\t\t\t}\n\t\t\t\t});\n\t\t\t\t$('.ui-accordion').bind('accordionactivate', function(event, ui) {\n\t\t\t\t   if($(this).find('.ultimate-map-wrapper').length > 0)\n\t\t\t\t\t{\n\t\t\t\t\t\tsetTimeout(function(){\n\t\t\t\t\t\t\t$(window).trigger('resize');\n\t\t\t\t\t\t},200);\n\t\t\t\t\t}\n\t\t\t\t});\n\t\t\t\t$(window).on('load',function(){\n\t\t\t\t\tsetTimeout(function(){\n\t\t\t\t\t\t$(window).trigger('resize');\n\t\t\t\t\t},200);\n\t\t\t\t});\n\t\t\t\t$('.ult_exp_section').select(function(){\n\t\t\t\t\tif($(map_map_69f726c105d7c).parents('.ult_exp_section'))\n\t\t\t\t\t{\n\t\t\t\t\t\tsetTimeout(function(){\n\t\t\t\t\t\t\t$(window).trigger('resize');\n\t\t\t\t\t\t},200);\n\t\t\t\t\t}\n\t\t\t\t});\n\t\t\t\t$(document).on('onUVCModalPopupOpen', function(){\n\t\t\t\t\tif($(map_map_69f726c105d7c).parents('.ult_modal-content'))\n\t\t\t\t\t{\n\t\t\t\t\t\tsetTimeout(function(){\n\t\t\t\t\t\t\t$(window).trigger('resize');\n\t\t\t\t\t\t},200);\n\t\t\t\t\t}\n\t\t\t\t});\n\t\t\t\t$(document).on('click','.ult_tab_li',function(){\n\t\t\t\t\t$(window).trigger('resize');\n\t\t\t\t\tsetTimeout(function(){\n\t\t\t\t\t\t$(window).trigger('resize');\n\t\t\t\t\t},200);\n\t\t\t\t});\n\t\t\t});\n\t\t\tfunction toggleBounce() {\n\t\t\t  if (marker_map_69f726c105d7c.getAnimation() != null) {\n\t\t\t\tmarker_map_69f726c105d7c.setAnimation(null);\n\t\t\t  } else {\n\t\t\t\tmarker_map_69f726c105d7c.setAnimation(google.maps.Animation.BOUNCE);\n\t\t\t  }\n\t\t\t}\n\t\t\t})(jQuery);\n\t\t\t<\/script>[\/vc_column][\/vc_row][vc_row gap=&#8221;10&#8243; equal_height=&#8221;yes&#8221; disable_element=&#8221;yes&#8221; type=&#8221;vc_default&#8221; css=&#8221;.vc_custom_1666346167199{padding-top: 75px !important;padding-right: 30px !important;padding-bottom: 90px !important;padding-left: 30px !important;}&#8221;][vc_column css=&#8221;.vc_custom_1493307960424{padding-bottom: 70px !important;}&#8221;]<div class=\"aio-icon-component  vc_custom_1684320675144  p-brown style_1\"><div id=\"Info-box-wrap-7039\" class=\"aio-icon-box default-icon\" style=\"\"  ><div class=\"aio-icon-default\"><div class=\"ult-just-icon-wrapper  \"><div class=\"align-icon\" style=\"text-align:center;\">\n<div class=\"aio-icon advanced \"  style=\"color:#3f312d;background:rgba(255,255,255,0.01);border-style:solid;border-color:rgba(137,107,105,0.4);border-width:3px;width:34px;height:34px;line-height:34px;border-radius:500px;font-size:20px;display:inline-block;\">\n\t<i class=\"dt-icon-the7-misc-006-2\"><\/i>\n<\/div><\/div><\/div><\/div><div class=\"aio-icon-description ult-responsive\"  data-ultimate-target='#Info-box-wrap-7039 .aio-icon-description'  data-responsive-json-new='{\"font-size\":\"\",\"line-height\":\"\"}'  style=\"\">NIP: 854-20-36-872<br \/>\nREGON: 811920394<br \/>\nKRS: 0000169387S\u0105d Rejonowy w Toruniu VII Wydzia\u0142 Gospodarczy Krajowego Rejestru S\u0105dowego<br \/>\nKapita\u0142 zak\u0142adowy: 51 200 z\u0142<\/div> <!-- description --><\/div> <!-- aio-icon-box --><\/div> <!-- aio-icon-component --><div id=\"ultimate-heading-418269f726c105ebc\" class=\"uvc-heading ult-adjust-bottom-margin ultimate-heading-418269f726c105ebc uvc-7657 \" data-hspacer=\"no_spacer\"  data-halign=\"center\" style=\"text-align:center\"><div class=\"uvc-heading-spacer no_spacer\" style=\"top\"><\/div><div class=\"uvc-main-heading ult-responsive\"  data-ultimate-target='.uvc-heading.ultimate-heading-418269f726c105ebc h2'  data-responsive-json-new='{\"font-size\":\"desktop:22px;\",\"line-height\":\"desktop:32px;\"}' ><h2 style=\"font-weight:bold;margin-bottom:20px;\">FAQ - Najcz\u0119\u015bciej zadawane pytania<\/h2><\/div><\/div>[\/vc_column][vc_column width=&#8221;1\/2&#8243; css=&#8221;.vc_custom_1563297203563{padding-top: 50px !important;padding-right: 50px !important;padding-bottom: 50px !important;padding-left: 50px !important;background-color: #ffffff !important;}&#8221; offset=&#8221;vc_col-lg-8 vc_col-md-7&#8243;][vc_accordion active_tab=&#8221;&#8221; title_size=&#8221;h6&#8243; style=&#8221;3&#8243;][vc_accordion_tab title=&#8221;Dlaczego nie moge kupi\u0107 z dostaw\u0105 do paczkomatu?&#8221;][vc_column_text]Proin at augue felis. Donec nibh dui, luctus vitae odio at, consequat mattis neque. Sed imperdiet id tortor eget sodales. Curabitur lacus sem, laoreet vel elit vel, eleifend rhoncus magna. Donec nec ipsum metus![\/vc_column_text][\/vc_accordion_tab][vc_accordion_tab title=&#8221;Czy czekolada zawiera orzechy i inne alergeny?&#8221;][vc_column_text]Lorem ipsum aptentad litora. Nullam ac urna eu felis. Cras eleifend aliquam turpis, vitae aliquam eros blandil.[\/vc_column_text][\/vc_accordion_tab][vc_accordion_tab title=&#8221;Jaki jest typowy czas dostawy produktu wysy\u0142anego Poczt\u0105 Polsk\u0105?&#8221;][vc_column_text]Proin at augue felis. Donec nibh dui, luctus vitae odio at, consequat mattis neque. Sed imperdiet id tortor eget sodales.<\/p>\n<p>Curabitur lacus sem, laoreet vel elit vel, eleifend rhoncus magna. Donec nec ipsum metus![\/vc_column_text][\/vc_accordion_tab][vc_accordion_tab title=&#8221;Czy Union Chcocolate oferuje rabaty dla zakupu produk\u00f3w typu kuwertura lub t\u0142uszcz kakaowy dla wi\u0119kszych ilo\u015bci zamawianych za po\u015brednictwem sklepu internetowego?&#8221;][vc_column_text]Proin at augue felis. Donec nibh dui, luctus vitae odio at, consequat mattis neque. Sed imperdiet id tortor eget sodales. Curabitur lacus sem, laoreet velit.[\/vc_column_text][\/vc_accordion_tab][\/vc_accordion][\/vc_column][vc_column width=&#8221;1\/2&#8243; css=&#8221;.vc_custom_1563297209774{padding-top: 30px !important;padding-right: 30px !important;padding-bottom: 30px !important;padding-left: 30px !important;background-color: #ffffff !important;}&#8221; offset=&#8221;vc_col-lg-4 vc_col-md-5&#8243;][vc_column_text css=&#8221;.vc_custom_1657700269793{padding-bottom: 20px !important;}&#8221;]Je\u015bli w Regulaminie sklepu oraz tutaj w FAQ nie znalaz\u0142es odpowiedzi na swoje pytania to zapraszamy do kontaktu:[\/vc_column_text]<div class=\"aio-icon-component  vc_custom_1657702513084  dt-phone style_1\"><div id=\"Info-box-wrap-5887\" class=\"aio-icon-box default-icon\" style=\"\"  ><div class=\"aio-icon-default\"><div class=\"ult-just-icon-wrapper  \"><div class=\"align-icon\" style=\"text-align:center;\">\n<div class=\"aio-icon advanced \"  style=\"color:#3f312d;border-style:solid;border-color:rgba(137,107,105,0.4);border-width:3px;width:34px;height:34px;line-height:34px;border-radius:500px;font-size:20px;display:inline-block;\">\n\t<i class=\"icomoon-free-social-contact-16x16-mobile\"><\/i>\n<\/div><\/div><\/div><\/div><div class=\"aio-icon-header\" ><h3 class=\"aio-icon-title ult-responsive\"  data-ultimate-target='#Info-box-wrap-5887 .aio-icon-title'  data-responsive-json-new='{\"font-size\":\"desktop:22px;\",\"line-height\":\"desktop:22px;\"}'  style=\"font-weight:bold;color:#3f312d;\">+48 24 285 10 41<\/h3><\/div> <!-- header --><\/div> <!-- aio-icon-box --><\/div> <!-- aio-icon-component --><div class=\"aio-icon-component  vc_custom_1657702580595   style_1\"><div id=\"Info-box-wrap-5680\" class=\"aio-icon-box default-icon\" style=\"\"  ><div class=\"aio-icon-default\"><div class=\"ult-just-icon-wrapper  \"><div class=\"align-icon\" style=\"text-align:center;\">\n<div class=\"aio-icon advanced \"  style=\"color:#3f312d;background:rgba(255,255,255,0.01);border-style:solid;border-color:rgba(137,107,105,0.4);border-width:3px;width:34px;height:34px;line-height:34px;border-radius:500px;font-size:18px;display:inline-block;\">\n\t<i class=\"icomoon-free-social-contact-16x16-envelop\"><\/i>\n<\/div><\/div><\/div><\/div><div class=\"aio-icon-header\" ><h3 class=\"aio-icon-title ult-responsive\"  data-ultimate-target='#Info-box-wrap-5680 .aio-icon-title'  data-responsive-json-new='{\"font-size\":\"desktop:22px;\",\"line-height\":\"desktop:22px;\"}'  style=\"font-weight:bold;color:#3f312d;\">&#x73;&#107;l&#x65;&#112;&#64;&#x75;&#x6e;&#105;o&#x6e;&#99;h&#x6f;&#x63;&#111;l&#x61;&#116;e&#x2e;&#x70;&#108;<\/h3><\/div> <!-- header --><\/div> <!-- aio-icon-box --><\/div> <!-- aio-icon-component -->[\/vc_column][\/vc_row]<\/p>\n<\/div>","protected":false},"excerpt":{"rendered":"<p>[vc_row full_width=&#8221;stretch_row&#8221; equal_height=&#8221;yes&#8221; content_placement=&#8221;middle&#8221; type=&#8221;vc_default&#8221; margin_bottom=&#8221;60&#8243; css=&#8221;.vc_custom_1657710163230{padding-top: 75px !important;padding-bottom: 60px !important;}&#8221;][vc_column offset=&#8221;vc_col-lg-6 vc_col-md-6 vc_col-xs-12&#8243;][\/vc_column][vc_column offset=&#8221;vc_col-lg-6 vc_col-md-6 vc_col-xs-12&#8243;][\/vc_column][\/vc_row][vc_row full_width=&#8221;stretch_row_content_no_spaces&#8221; css=&#8221;.vc_custom_1666347845357{margin-bottom: -30px !important;padding-bottom: 0px !important;}&#8221;][vc_column][\/vc_column][\/vc_row][vc_row gap=&#8221;10&#8243; equal_height=&#8221;yes&#8221; disable_element=&#8221;yes&#8221; type=&#8221;vc_default&#8221; css=&#8221;.vc_custom_1666346167199{padding-top: 75px !important;padding-right: 30px !important;padding-bottom: 90px !important;padding-left: 30px !important;}&#8221;][vc_column css=&#8221;.vc_custom_1493307960424{padding-bottom: 70px !important;}&#8221;][\/vc_column][vc_column width=&#8221;1\/2&#8243; css=&#8221;.vc_custom_1563297203563{padding-top: 50px !important;padding-right: 50px !important;padding-bottom: 50px !important;padding-left: 50px !important;background-color: #ffffff !important;}&#8221; offset=&#8221;vc_col-lg-8 vc_col-md-7&#8243;][vc_accordion active_tab=&#8221;&#8221; title_size=&#8221;h6&#8243;&hellip;<\/p>\n","protected":false},"author":1,"featured_media":0,"parent":0,"menu_order":0,"comment_status":"closed","ping_status":"closed","template":"","meta":{"footnotes":""},"class_list":["post-1633","page","type-page","status-publish","hentry","description-off"],"_links":{"self":[{"href":"https:\/\/unionchocolate.pl\/sklep\/wp-json\/wp\/v2\/pages\/1633","targetHints":{"allow":["GET"]}}],"collection":[{"href":"https:\/\/unionchocolate.pl\/sklep\/wp-json\/wp\/v2\/pages"}],"about":[{"href":"https:\/\/unionchocolate.pl\/sklep\/wp-json\/wp\/v2\/types\/page"}],"author":[{"embeddable":true,"href":"https:\/\/unionchocolate.pl\/sklep\/wp-json\/wp\/v2\/users\/1"}],"replies":[{"embeddable":true,"href":"https:\/\/unionchocolate.pl\/sklep\/wp-json\/wp\/v2\/comments?post=1633"}],"version-history":[{"count":54,"href":"https:\/\/unionchocolate.pl\/sklep\/wp-json\/wp\/v2\/pages\/1633\/revisions"}],"predecessor-version":[{"id":2315,"href":"https:\/\/unionchocolate.pl\/sklep\/wp-json\/wp\/v2\/pages\/1633\/revisions\/2315"}],"wp:attachment":[{"href":"https:\/\/unionchocolate.pl\/sklep\/wp-json\/wp\/v2\/media?parent=1633"}],"curies":[{"name":"wp","href":"https:\/\/api.w.org\/{rel}","templated":true}]}}