{"id":2222,"date":"2020-01-31T07:51:44","date_gmt":"2020-01-31T07:51:44","guid":{"rendered":"http:\/\/unionchocolate.pl\/?page_id=2222"},"modified":"2022-05-24T09:34:37","modified_gmt":"2022-05-24T09:34:37","slug":"milk-chocolate-with-hazelnuts-7","status":"publish","type":"page","link":"https:\/\/unionchocolate.pl\/index.php\/retail-offer\/milk-chocolate-with-hazelnuts-7\/?lang=en","title":{"rendered":"Milk Chocolate with Hazelnuts (7%)"},"content":{"rendered":"<p>[vc_row content_placement=&#8221;middle&#8221; css=&#8221;.vc_custom_1571148901509{padding-bottom: 0px !important;}&#8221;][vc_column width=&#8221;1\/2&#8243;][vc_single_image image=&#8221;2487&#8243; img_size=&#8221;full&#8221; alignment=&#8221;center&#8221; css=&#8221;.vc_custom_1653384874764{padding-top: 33px !important;padding-right: 50px !important;padding-left: 50px !important;}&#8221;][\/vc_column][vc_column width=&#8221;1\/2&#8243;][vc_column_text css=&#8221;.vc_custom_1580480760815{padding-bottom: 5px !important;}&#8221; el_class=&#8221;czekoprod&#8221;]<b>Milk Chocolate with Hazelnuts (7%) <\/b>[\/vc_column_text][vc_column_text css=&#8221;.vc_custom_1580480888552{padding-top: 0px !important;}&#8221;]<\/p>\n<table border=\"0\" width=\"100%\">\n<tbody>\n<tr>\n<td bgcolor=\"#f2f2f2\" width=\"50%\"><strong>Unit packaging<\/strong><\/td>\n<td bgcolor=\"#f2f2f2\"><\/td>\n<\/tr>\n<tr>\n<td width=\"50%\">Net weight<\/td>\n<td>100g<\/td>\n<\/tr>\n<tr>\n<td width=\"50%\">EAN barcode<\/td>\n<td>5907623400277<\/td>\n<\/tr>\n<tr>\n<td width=\"50%\"><\/td>\n<td><\/td>\n<\/tr>\n<tr>\n<td bgcolor=\"#f2f2f2\" width=\"50%\"><strong>Collective packaging<\/strong><\/td>\n<td bgcolor=\"#f2f2f2\"><\/td>\n<\/tr>\n<tr>\n<td width=\"50%\">Collective packaging<\/td>\n<td>40<\/td>\n<\/tr>\n<tr>\n<td width=\"50%\">EAN barcode<\/td>\n<td>5907623400345<\/td>\n<\/tr>\n<tr>\n<td width=\"50%\"><\/td>\n<td><\/td>\n<\/tr>\n<tr>\n<td bgcolor=\"#f2f2f2\" width=\"50%\"><strong>Palletising<\/strong><\/td>\n<td bgcolor=\"#f2f2f2\"><\/td>\n<\/tr>\n<tr>\n<td width=\"50%\">Number of cartons per layer<\/td>\n<td>14\/13<\/td>\n<\/tr>\n<tr>\n<td width=\"50%\">Number of layers per pallet<\/td>\n<td>12<\/td>\n<\/tr>\n<tr>\n<td width=\"50%\">Number of cartons per pallet<\/td>\n<td>162<\/td>\n<\/tr>\n<\/tbody>\n<\/table>\n<p>[\/vc_column_text][\/vc_column][\/vc_row][vc_row full_width=&#8221;stretch_row&#8221; disable_element=&#8221;yes&#8221; type=&#8221;vc_default&#8221; css=&#8221;.vc_custom_1571148429928{margin-top: -30px !important;border-top-width: 5px !important;border-right-width: 0px !important;border-bottom-width: 0px !important;border-left-width: 0px !important;padding-top: 30px !important;padding-bottom: 40px !important;border-left-color: #c8b074 !important;border-left-style: solid !important;border-right-color: #c8b074 !important;border-right-style: solid !important;border-top-color: #c8b074 !important;border-top-style: solid !important;border-bottom-color: #c8b074 !important;border-bottom-style: solid !important;}&#8221; el_class=&#8221;rowrow&#8221;][vc_column][vc_column_text el_class=&#8221;czekoprod&#8221;]<\/p>\n<p style=\"text-align: center;\"><strong>Czekolada mleczna <\/strong><\/p>\n<p>[\/vc_column_text][vc_empty_space height=&#8221;15px&#8221;][vc_empty_space height=&#8221;15px&#8221;][vc_single_image image=&#8221;1090&#8243; img_size=&#8221;full&#8221; alignment=&#8221;center&#8221;][\/vc_column][\/vc_row][vc_row full_width=&#8221;stretch_row&#8221; disable_element=&#8221;yes&#8221; type=&#8221;vc_default&#8221; css=&#8221;.vc_custom_1571147594818{margin-top: -30px !important;border-top-width: 5px !important;border-right-width: 0px !important;border-bottom-width: 0px !important;border-left-width: 0px !important;padding-top: 30px !important;padding-bottom: 40px !important;border-left-color: #c8b074 !important;border-left-style: solid !important;border-right-color: #c8b074 !important;border-right-style: solid !important;border-top-color: #c8b074 !important;border-top-style: solid !important;border-bottom-color: #c8b074 !important;border-bottom-style: solid !important;}&#8221; el_class=&#8221;rowrow&#8221;][vc_column]<div id=\"ultimate-heading-995769e49e44362ef\" class=\"uvc-heading ult-adjust-bottom-margin ultimate-heading-995769e49e44362ef uvc-7398 \" data-hspacer=\"no_spacer\"  data-halign=\"center\" style=\"text-align:center\"><div class=\"uvc-heading-spacer no_spacer\" style=\"top\"><\/div><div class=\"uvc-main-heading ult-responsive\"  data-ultimate-target='.uvc-heading.ultimate-heading-995769e49e44362ef h2'  data-responsive-json-new='{\"font-size\":\"desktop:60px;\",\"line-height\":\"desktop:77px;\"}' ><h2 style=\"font-family:&#039;Great Vibes&#039;;--font-weight:theme;color:#c5ab6b;\">Czekolada mleczna<\/h2><\/div><div class=\"uvc-sub-heading ult-responsive\"  data-ultimate-target='.uvc-heading.ultimate-heading-995769e49e44362ef .uvc-sub-heading '  data-responsive-json-new='{\"font-size\":\"desktop:40px;\",\"line-height\":\"desktop:50px;\"}'  style=\"font-family:&#039;Poppins&#039;;font-weight:normal;color:#5e5e5e;margin-bottom:20px;\">D<\/div><\/div>[\/vc_column][\/vc_row]<\/p>\n","protected":false},"excerpt":{"rendered":"<p>[vc_row content_placement=&#8221;middle&#8221; css=&#8221;.vc_custom_1571148901509{padding-bottom: 0px !important;}&#8221;][vc_column width=&#8221;1\/2&#8243;][vc_single_image image=&#8221;2487&#8243; img_size=&#8221;full&#8221; alignment=&#8221;center&#8221; css=&#8221;.vc_custom_1653384874764{padding-top: 33px !important;padding-right: 50px !important;padding-left: 50px !important;}&#8221;][\/vc_column][vc_column width=&#8221;1\/2&#8243;][vc_column_text css=&#8221;.vc_custom_1580480760815{padding-bottom: 5px !important;}&#8221; el_class=&#8221;czekoprod&#8221;]Milk Chocolate with Hazelnuts (7%) [\/vc_column_text][vc_column_text css=&#8221;.vc_custom_1580480888552{padding-top: 0px !important;}&#8221;] Unit packaging Net weight 100g EAN barcode 5907623400277 Collective packaging Collective packaging 40 EAN barcode 5907623400345 Palletising Number of cartons per layer 14\/13 Number of layers&hellip;<\/p>\n","protected":false},"author":1,"featured_media":0,"parent":2159,"menu_order":0,"comment_status":"closed","ping_status":"closed","template":"","meta":{"footnotes":""},"class_list":["post-2222","page","type-page","status-publish","hentry","description-off"],"yoast_head":"<!-- This site is optimized with the Yoast SEO plugin v24.5 - https:\/\/yoast.com\/wordpress\/plugins\/seo\/ -->\n<title>Milk Chocolate with Hazelnuts (7%) - Union Chocolate - producent czekolad, mas czekoladowych, oraz polew<\/title>\n<meta name=\"robots\" content=\"index, follow, max-snippet:-1, max-image-preview:large, max-video-preview:-1\" \/>\n<link rel=\"canonical\" href=\"https:\/\/unionchocolate.pl\/index.php\/retail-offer\/milk-chocolate-with-hazelnuts-7\/?lang=en\" \/>\n<meta property=\"og:locale\" content=\"pl_PL\" \/>\n<meta property=\"og:type\" content=\"article\" \/>\n<meta property=\"og:title\" content=\"Milk Chocolate with Hazelnuts (7%) - Union Chocolate - producent czekolad, mas czekoladowych, oraz polew\" \/>\n<meta property=\"og:description\" content=\"[vc_row content_placement=&#8221;middle&#8221; css=&#8221;.vc_custom_1571148901509{padding-bottom: 0px !important;}&#8221;][vc_column width=&#8221;1\/2&#8243;][vc_single_image image=&#8221;2487&#8243; img_size=&#8221;full&#8221; alignment=&#8221;center&#8221; css=&#8221;.vc_custom_1653384874764{padding-top: 33px !important;padding-right: 50px !important;padding-left: 50px !important;}&#8221;][\/vc_column][vc_column width=&#8221;1\/2&#8243;][vc_column_text css=&#8221;.vc_custom_1580480760815{padding-bottom: 5px !important;}&#8221; el_class=&#8221;czekoprod&#8221;]Milk Chocolate with Hazelnuts (7%) [\/vc_column_text][vc_column_text css=&#8221;.vc_custom_1580480888552{padding-top: 0px !important;}&#8221;] Unit packaging Net weight 100g EAN barcode 5907623400277 Collective packaging Collective packaging 40 EAN barcode 5907623400345 Palletising Number of cartons per layer 14\/13 Number of layers&hellip;\" \/>\n<meta property=\"og:url\" content=\"https:\/\/unionchocolate.pl\/index.php\/retail-offer\/milk-chocolate-with-hazelnuts-7\/?lang=en\" \/>\n<meta property=\"og:site_name\" content=\"Union Chocolate - producent czekolad, mas czekoladowych, oraz polew\" \/>\n<meta property=\"article:modified_time\" content=\"2022-05-24T09:34:37+00:00\" \/>\n<meta name=\"twitter:card\" content=\"summary_large_image\" \/>\n<meta name=\"twitter:label1\" content=\"Szacowany czas czytania\" \/>\n\t<meta name=\"twitter:data1\" content=\"2 minuty\" \/>\n<script type=\"application\/ld+json\" class=\"yoast-schema-graph\">{\"@context\":\"https:\/\/schema.org\",\"@graph\":[{\"@type\":\"WebPage\",\"@id\":\"https:\/\/unionchocolate.pl\/index.php\/retail-offer\/milk-chocolate-with-hazelnuts-7\/?lang=en\",\"url\":\"https:\/\/unionchocolate.pl\/index.php\/retail-offer\/milk-chocolate-with-hazelnuts-7\/?lang=en\",\"name\":\"Milk Chocolate with Hazelnuts (7%) - Union Chocolate - producent czekolad, mas czekoladowych, oraz polew\",\"isPartOf\":{\"@id\":\"https:\/\/unionchocolate.pl\/#website\"},\"datePublished\":\"2020-01-31T07:51:44+00:00\",\"dateModified\":\"2022-05-24T09:34:37+00:00\",\"breadcrumb\":{\"@id\":\"https:\/\/unionchocolate.pl\/index.php\/retail-offer\/milk-chocolate-with-hazelnuts-7\/?lang=en#breadcrumb\"},\"inLanguage\":\"pl-PL\",\"potentialAction\":[{\"@type\":\"ReadAction\",\"target\":[\"https:\/\/unionchocolate.pl\/index.php\/retail-offer\/milk-chocolate-with-hazelnuts-7\/?lang=en\"]}]},{\"@type\":\"BreadcrumbList\",\"@id\":\"https:\/\/unionchocolate.pl\/index.php\/retail-offer\/milk-chocolate-with-hazelnuts-7\/?lang=en#breadcrumb\",\"itemListElement\":[{\"@type\":\"ListItem\",\"position\":1,\"name\":\"Strona g\u0142\u00f3wna\",\"item\":\"https:\/\/unionchocolate.pl\/\"},{\"@type\":\"ListItem\",\"position\":2,\"name\":\"Retail offer\",\"item\":\"https:\/\/unionchocolate.pl\/index.php\/retail-offer\/?lang=en\"},{\"@type\":\"ListItem\",\"position\":3,\"name\":\"Milk Chocolate with Hazelnuts (7%)\"}]},{\"@type\":\"WebSite\",\"@id\":\"https:\/\/unionchocolate.pl\/#website\",\"url\":\"https:\/\/unionchocolate.pl\/\",\"name\":\"Union Chocolate - producent czekolad, mas czekoladowych, oraz polew\",\"description\":\"Producent czekolad, mas czekoladowych, oraz polew z przeznaczeniem do dalszej produkcji w zak\u0142adach przemys\u0142u cukierniczego. Producent tabliczek czekolad o r\u00f3\u017cnych smakach.\",\"potentialAction\":[{\"@type\":\"SearchAction\",\"target\":{\"@type\":\"EntryPoint\",\"urlTemplate\":\"https:\/\/unionchocolate.pl\/?s={search_term_string}\"},\"query-input\":{\"@type\":\"PropertyValueSpecification\",\"valueRequired\":true,\"valueName\":\"search_term_string\"}}],\"inLanguage\":\"pl-PL\"}]}<\/script>\n<!-- \/ Yoast SEO plugin. -->","yoast_head_json":{"title":"Milk Chocolate with Hazelnuts (7%) - Union Chocolate - producent czekolad, mas czekoladowych, oraz polew","robots":{"index":"index","follow":"follow","max-snippet":"max-snippet:-1","max-image-preview":"max-image-preview:large","max-video-preview":"max-video-preview:-1"},"canonical":"https:\/\/unionchocolate.pl\/index.php\/retail-offer\/milk-chocolate-with-hazelnuts-7\/?lang=en","og_locale":"pl_PL","og_type":"article","og_title":"Milk Chocolate with Hazelnuts (7%) - Union Chocolate - producent czekolad, mas czekoladowych, oraz polew","og_description":"[vc_row content_placement=&#8221;middle&#8221; css=&#8221;.vc_custom_1571148901509{padding-bottom: 0px !important;}&#8221;][vc_column width=&#8221;1\/2&#8243;][vc_single_image image=&#8221;2487&#8243; img_size=&#8221;full&#8221; alignment=&#8221;center&#8221; css=&#8221;.vc_custom_1653384874764{padding-top: 33px !important;padding-right: 50px !important;padding-left: 50px !important;}&#8221;][\/vc_column][vc_column width=&#8221;1\/2&#8243;][vc_column_text css=&#8221;.vc_custom_1580480760815{padding-bottom: 5px !important;}&#8221; el_class=&#8221;czekoprod&#8221;]Milk Chocolate with Hazelnuts (7%) [\/vc_column_text][vc_column_text css=&#8221;.vc_custom_1580480888552{padding-top: 0px !important;}&#8221;] Unit packaging Net weight 100g EAN barcode 5907623400277 Collective packaging Collective packaging 40 EAN barcode 5907623400345 Palletising Number of cartons per layer 14\/13 Number of layers&hellip;","og_url":"https:\/\/unionchocolate.pl\/index.php\/retail-offer\/milk-chocolate-with-hazelnuts-7\/?lang=en","og_site_name":"Union Chocolate - producent czekolad, mas czekoladowych, oraz polew","article_modified_time":"2022-05-24T09:34:37+00:00","twitter_card":"summary_large_image","twitter_misc":{"Szacowany czas czytania":"2 minuty"},"schema":{"@context":"https:\/\/schema.org","@graph":[{"@type":"WebPage","@id":"https:\/\/unionchocolate.pl\/index.php\/retail-offer\/milk-chocolate-with-hazelnuts-7\/?lang=en","url":"https:\/\/unionchocolate.pl\/index.php\/retail-offer\/milk-chocolate-with-hazelnuts-7\/?lang=en","name":"Milk Chocolate with Hazelnuts (7%) - Union Chocolate - producent czekolad, mas czekoladowych, oraz polew","isPartOf":{"@id":"https:\/\/unionchocolate.pl\/#website"},"datePublished":"2020-01-31T07:51:44+00:00","dateModified":"2022-05-24T09:34:37+00:00","breadcrumb":{"@id":"https:\/\/unionchocolate.pl\/index.php\/retail-offer\/milk-chocolate-with-hazelnuts-7\/?lang=en#breadcrumb"},"inLanguage":"pl-PL","potentialAction":[{"@type":"ReadAction","target":["https:\/\/unionchocolate.pl\/index.php\/retail-offer\/milk-chocolate-with-hazelnuts-7\/?lang=en"]}]},{"@type":"BreadcrumbList","@id":"https:\/\/unionchocolate.pl\/index.php\/retail-offer\/milk-chocolate-with-hazelnuts-7\/?lang=en#breadcrumb","itemListElement":[{"@type":"ListItem","position":1,"name":"Strona g\u0142\u00f3wna","item":"https:\/\/unionchocolate.pl\/"},{"@type":"ListItem","position":2,"name":"Retail offer","item":"https:\/\/unionchocolate.pl\/index.php\/retail-offer\/?lang=en"},{"@type":"ListItem","position":3,"name":"Milk Chocolate with Hazelnuts (7%)"}]},{"@type":"WebSite","@id":"https:\/\/unionchocolate.pl\/#website","url":"https:\/\/unionchocolate.pl\/","name":"Union Chocolate - producent czekolad, mas czekoladowych, oraz polew","description":"Producent czekolad, mas czekoladowych, oraz polew z przeznaczeniem do dalszej produkcji w zak\u0142adach przemys\u0142u cukierniczego. Producent tabliczek czekolad o r\u00f3\u017cnych smakach.","potentialAction":[{"@type":"SearchAction","target":{"@type":"EntryPoint","urlTemplate":"https:\/\/unionchocolate.pl\/?s={search_term_string}"},"query-input":{"@type":"PropertyValueSpecification","valueRequired":true,"valueName":"search_term_string"}}],"inLanguage":"pl-PL"}]}},"_links":{"self":[{"href":"https:\/\/unionchocolate.pl\/index.php\/wp-json\/wp\/v2\/pages\/2222","targetHints":{"allow":["GET"]}}],"collection":[{"href":"https:\/\/unionchocolate.pl\/index.php\/wp-json\/wp\/v2\/pages"}],"about":[{"href":"https:\/\/unionchocolate.pl\/index.php\/wp-json\/wp\/v2\/types\/page"}],"author":[{"embeddable":true,"href":"https:\/\/unionchocolate.pl\/index.php\/wp-json\/wp\/v2\/users\/1"}],"replies":[{"embeddable":true,"href":"https:\/\/unionchocolate.pl\/index.php\/wp-json\/wp\/v2\/comments?post=2222"}],"version-history":[{"count":1,"href":"https:\/\/unionchocolate.pl\/index.php\/wp-json\/wp\/v2\/pages\/2222\/revisions"}],"predecessor-version":[{"id":2525,"href":"https:\/\/unionchocolate.pl\/index.php\/wp-json\/wp\/v2\/pages\/2222\/revisions\/2525"}],"up":[{"embeddable":true,"href":"https:\/\/unionchocolate.pl\/index.php\/wp-json\/wp\/v2\/pages\/2159"}],"wp:attachment":[{"href":"https:\/\/unionchocolate.pl\/index.php\/wp-json\/wp\/v2\/media?parent=2222"}],"curies":[{"name":"wp","href":"https:\/\/api.w.org\/{rel}","templated":true}]}}