{"id":2202,"date":"2020-01-30T15:29:14","date_gmt":"2020-01-30T15:29:14","guid":{"rendered":"http:\/\/unionchocolate.pl\/?page_id=2202"},"modified":"2020-08-20T13:09:15","modified_gmt":"2020-08-20T13:09:15","slug":"ue-efrr-project","status":"publish","type":"page","link":"https:\/\/unionchocolate.pl\/index.php\/ue-efrr-project\/?lang=en","title":{"rendered":"UE EFRR project"},"content":{"rendered":"<p>[vc_row type=&#8221;vc_default&#8221; css=&#8221;.vc_custom_1592487458238{padding-top: 50px !important;padding-bottom: 30px !important;background-color: #ffffff !important;}&#8221; el_class=&#8221;rowrow&#8221;][vc_column css_animation=&#8221;fadeInRight&#8221; css=&#8221;.vc_custom_1533899125458{padding-bottom: 30px !important;}&#8221;][vc_row_inner content_placement=&#8221;middle&#8221;][vc_column_inner][vc_single_image image=&#8221;2436&#8243; img_size=&#8221;full&#8221;][\/vc_column_inner][\/vc_row_inner]<div id=\"ultimate-heading-845169e7456375e46\" class=\"uvc-heading ult-adjust-bottom-margin ultimate-heading-845169e7456375e46 uvc-1537 \" data-hspacer=\"no_spacer\"  data-halign=\"left\" style=\"text-align:left\"><div class=\"uvc-heading-spacer no_spacer\" style=\"top\"><\/div><div class=\"uvc-sub-heading ult-responsive\"  data-ultimate-target='.uvc-heading.ultimate-heading-845169e7456375e46 .uvc-sub-heading '  data-responsive-json-new='{\"font-size\":\"desktop:25px;\",\"line-height\":\"desktop:30px;\"}'  style=\"font-family:&#039;Poppins&#039;;font-weight:normal;color:#303030;margin-top:30px;margin-bottom:30px;\"><\/p>\n<p style=\"text-align: center;\"><strong>WORKING CAPITAL GRANT FOR UNION CHOCOLATE SP. Z O.O.<\/strong><\/p>\n<p><\/div><\/div>[vc_column_text css=&#8221;.vc_custom_1597928718646{padding-bottom: 11px !important;}&#8221;]<strong>We received the subsidy for working capital for UNION CHOCOLATE SP. Z O.O.<\/strong><\/p>\n<p><strong>Project number:<\/strong> Agreement no. POIR.03.04.00-04-0166 \/ 20-00<\/p>\n<p><strong>Project title:<\/strong> Working capital grant for Union Chocolate Sp. z o.o.<\/p>\n<p><strong>Beneficiary:<\/strong> Union Chocolate Sp. z o.o.<\/p>\n<p><strong>Action number:<\/strong> Measure 3.4. Subsidies for the working capital of the Intelligent Development Operational Program 2014-2020<\/p>\n<p><strong>Project goal:<\/strong> The aim of the project is to maintain the company&#8217;s operations for a period of 3 months from July 1, 2020 to September 30, 2020.<\/p>\n<p><strong>Project value:<\/strong> 237,342.51 PLN<\/p>\n<p><strong>Co-financing:<\/strong> 237,342.51 PLN[\/vc_column_text][\/vc_column][\/vc_row][vc_row css=&#8221;.vc_custom_1593509780846{padding-top: 50px !important;padding-bottom: 60px !important;}&#8221;][vc_column][vc_separator][\/vc_column][\/vc_row][vc_row type=&#8221;vc_default&#8221; css=&#8221;.vc_custom_1592487458238{padding-top: 50px !important;padding-bottom: 30px !important;background-color: #ffffff !important;}&#8221; el_class=&#8221;rowrow&#8221;][vc_column css_animation=&#8221;fadeInRight&#8221; css=&#8221;.vc_custom_1533899125458{padding-bottom: 30px !important;}&#8221;][vc_row_inner content_placement=&#8221;middle&#8221;][vc_column_inner][vc_single_image image=&#8221;2402&#8243; img_size=&#8221;full&#8221;][\/vc_column_inner][\/vc_row_inner]<div id=\"ultimate-heading-667669e7456375eff\" class=\"uvc-heading ult-adjust-bottom-margin ultimate-heading-667669e7456375eff uvc-3345 \" data-hspacer=\"no_spacer\"  data-halign=\"left\" style=\"text-align:left\"><div class=\"uvc-heading-spacer no_spacer\" style=\"top\"><\/div><div class=\"uvc-sub-heading ult-responsive\"  data-ultimate-target='.uvc-heading.ultimate-heading-667669e7456375eff .uvc-sub-heading '  data-responsive-json-new='{\"font-size\":\"desktop:25px;\",\"line-height\":\"desktop:30px;\"}'  style=\"font-family:&#039;Poppins&#039;;font-weight:normal;color:#303030;margin-top:30px;margin-bottom:30px;\"><\/p>\n<p style=\"text-align: center;\"><strong>EXPANSION OF THE R&amp;D DEPARTMENT<\/strong><\/p>\n<p style=\"text-align: center;\"><strong>IN COPMAPNY UNION CHOCOLATE SP. Z O.O.<\/strong><\/p>\n<p><\/div><\/div>[vc_column_text css=&#8221;.vc_custom_1593510940925{padding-bottom: 11px !important;}&#8221;]<strong>We are launching a new program under the auspices of European Funds<\/strong><\/p>\n<p><strong>Project number:<\/strong> Contract No. RPLD.01.02.01-10-0012 \/ 19-00<\/p>\n<p><strong>Project title:<\/strong> Expansion of the R&amp;D department at Union Chocolate Sp. z o.o.<\/p>\n<p><strong>Beneficiary:<\/strong> Union Chocolate Sp. z o.o.<\/p>\n<p><strong>Action number:<\/strong> Action I.2: Investments of enterprises in research and innovation. Sub-measure I.2.1: R&amp;D infrastructure of enterprises<\/p>\n<p><strong>Project goal:<\/strong> The project goal is to invest in R&amp;D infrastructure by retrofitting an existing laboratory.<\/p>\n<p><strong>Project value:<\/strong> 802 527.00 PLN<\/p>\n<p><strong>Co-financing:<\/strong> 556 665.00 PLN[\/vc_column_text][\/vc_column][\/vc_row][vc_row css=&#8221;.vc_custom_1593509780846{padding-top: 50px !important;padding-bottom: 60px !important;}&#8221;][vc_column][vc_separator][\/vc_column][\/vc_row][vc_row type=&#8221;vc_default&#8221; css=&#8221;.vc_custom_1569334925520{padding-top: 50px !important;padding-bottom: 60px !important;background-color: #ffffff !important;}&#8221; el_class=&#8221;rowrow&#8221;][vc_column css_animation=&#8221;fadeInRight&#8221; css=&#8221;.vc_custom_1533899125458{padding-bottom: 30px !important;}&#8221;][vc_row_inner content_placement=&#8221;middle&#8221;][vc_column_inner width=&#8221;1\/3&#8243;][vc_single_image image=&#8221;2117&#8243; img_size=&#8221;full&#8221;][\/vc_column_inner][vc_column_inner width=&#8221;1\/3&#8243;][\/vc_column_inner][vc_column_inner width=&#8221;1\/3&#8243;][vc_single_image image=&#8221;2116&#8243; img_size=&#8221;full&#8221;][\/vc_column_inner][\/vc_row_inner]<div id=\"ultimate-heading-998169e7456375f66\" class=\"uvc-heading ult-adjust-bottom-margin ultimate-heading-998169e7456375f66 uvc-2102 \" data-hspacer=\"no_spacer\"  data-halign=\"left\" style=\"text-align:left\"><div class=\"uvc-heading-spacer no_spacer\" style=\"top\"><\/div><div class=\"uvc-sub-heading ult-responsive\"  data-ultimate-target='.uvc-heading.ultimate-heading-998169e7456375f66 .uvc-sub-heading '  data-responsive-json-new='{\"font-size\":\"desktop:25px;\",\"line-height\":\"desktop:30px;\"}'  style=\"font-family:&#039;Poppins&#039;;font-weight:normal;color:#303030;margin-top:30px;margin-bottom:30px;\"><\/p>\n<p style=\"text-align: center;\"><strong>CHOCOLATE YOUR DREAMS.<\/strong><\/p>\n<p style=\"text-align: center;\"><strong>NEW TECHNOLOGY &#8211; NEW PRODUCTS FROM COCOA BEANS<\/strong><\/p>\n<p><\/div><\/div>[vc_column_text css=&#8221;.vc_custom_1580488385812{padding-bottom: 11px !important;}&#8221;]<\/p>\n<p align=\"JUSTIFY\"><b>Project goal: <\/b>Strengthening the competitive position of Union Chocolate and increasing the level of innovation of the technological processes used in its own R&amp;D Department of R&amp;D works submitted for the protection of intellectual property rights, regarding the production methods and products of the confectionery industry (including chocolate production).<\/p>\n<p><b>Planned effects: <\/b>New products introduced to the company offer as part of implementation of the \u201cYour Dream Chocolate\u201d project. New technology &#8211; new cocoa bean products\u201d<\/p>\n<p>\u2013 Deodorised cocoa fat,<br \/>\n\u2013 Alkalised cocoa mass,<br \/>\n\u2013 Crystallised, multicoloured, alkalised cocoa powder,<br \/>\n\u2013 Cocoa press cake,<br \/>\n\u2013 Cocoa fibre,<br \/>\n\u2013 Cocoa husk,<br \/>\n\u2013 Alkalised cocoa nibs,<br \/>\n\u2013 Bitter chocolate with nibs based on a new recipe.<\/p>\n<p><b>Project worth: <\/b>29 023 800,00 PLN<\/p>\n<p><b>European Funds contribution: <\/b>13 060 710,00 PLN[\/vc_column_text][\/vc_column][\/vc_row][vc_row disable_element=&#8221;yes&#8221; css=&#8221;.vc_custom_1571814818736{margin-bottom: 0px !important;padding-top: 10px !important;padding-bottom: 0px !important;}&#8221;][vc_column width=&#8221;1\/12&#8243;][\/vc_column][vc_column width=&#8221;10\/12&#8243;]<div id=\"ult-carousel-146778574569e74563762d9\" class=\"ult-carousel-wrapper   ult_horizontal\" data-gutter=\"15\" data-rtl=\"false\" ><div class=\"ult-carousel-277747098769e7456375fff \" >[vc_single_image image=&#8221;1103&#8243; img_size=&#8221;full&#8221;][vc_single_image image=&#8221;1104&#8243; img_size=&#8221;full&#8221;][vc_single_image image=&#8221;1105&#8243; img_size=&#8221;medium&#8221;][vc_single_image image=&#8221;1106&#8243; img_size=&#8221;medium&#8221;][vc_single_image image=&#8221;1107&#8243; img_size=&#8221;medium&#8221;]<\/div><\/div>\t\t\t<script type=\"text\/javascript\">\n\t\t\t\tjQuery(document).ready(function ($) {\n\t\t\t\t\tif( typeof jQuery('.ult-carousel-277747098769e7456375fff').slick == \"function\"){\n\t\t\t\t\t\t$('.ult-carousel-277747098769e7456375fff').slick({dots: false,autoplay: true,autoplaySpeed: \"4000\",speed: \"500\",infinite: true,arrows: false,slidesToScroll:4,slidesToShow:4,swipe: true,draggable: true,touchMove: true,pauseOnHover: true,pauseOnFocus: false,responsive: [\n\t\t\t\t\t\t\t{\n\t\t\t\t\t\t\t  breakpoint: 1026,\n\t\t\t\t\t\t\t  settings: {\n\t\t\t\t\t\t\t\tslidesToShow: 4,\n\t\t\t\t\t\t\t\tslidesToScroll: 4,  \n\t\t\t\t\t\t\t  }\n\t\t\t\t\t\t\t},\n\t\t\t\t\t\t\t{\n\t\t\t\t\t\t\t  breakpoint: 1025,\n\t\t\t\t\t\t\t  settings: {\n\t\t\t\t\t\t\t\tslidesToShow: 3,\n\t\t\t\t\t\t\t\tslidesToScroll: 3\n\t\t\t\t\t\t\t  }\n\t\t\t\t\t\t\t},\n\t\t\t\t\t\t\t{\n\t\t\t\t\t\t\t  breakpoint: 760,\n\t\t\t\t\t\t\t  settings: {\n\t\t\t\t\t\t\t\tslidesToShow: 2,\n\t\t\t\t\t\t\t\tslidesToScroll: 2\n\t\t\t\t\t\t\t  }\n\t\t\t\t\t\t\t}\n\t\t\t\t\t\t],pauseOnDotsHover: true,customPaging: function(slider, i) {\n                   return '<i type=\"button\" style= \"color:#333333;\" class=\"ultsl-record\" data-role=\"none\"><\/i>';\n                },});\n\t\t\t\t\t}\n\t\t\t\t});\n\t\t\t<\/script>\n\t\t\t[\/vc_column][vc_column width=&#8221;1\/12&#8243;][\/vc_column][\/vc_row]<\/p>\n","protected":false},"excerpt":{"rendered":"<p>[vc_row type=&#8221;vc_default&#8221; css=&#8221;.vc_custom_1592487458238{padding-top: 50px !important;padding-bottom: 30px !important;background-color: #ffffff !important;}&#8221; el_class=&#8221;rowrow&#8221;][vc_column css_animation=&#8221;fadeInRight&#8221; css=&#8221;.vc_custom_1533899125458{padding-bottom: 30px !important;}&#8221;][vc_row_inner content_placement=&#8221;middle&#8221;][vc_column_inner][vc_single_image image=&#8221;2436&#8243; img_size=&#8221;full&#8221;][\/vc_column_inner][\/vc_row_inner][vc_column_text css=&#8221;.vc_custom_1597928718646{padding-bottom: 11px !important;}&#8221;]We received the subsidy for working capital for UNION CHOCOLATE SP. Z O.O. Project number: Agreement no. POIR.03.04.00-04-0166 \/ 20-00 Project title: Working capital grant for Union Chocolate Sp. z o.o. Beneficiary: Union Chocolate Sp. z&hellip;<\/p>\n","protected":false},"author":1,"featured_media":0,"parent":0,"menu_order":0,"comment_status":"closed","ping_status":"closed","template":"","meta":{"footnotes":""},"class_list":["post-2202","page","type-page","status-publish","hentry","description-off"],"yoast_head":"<!-- This site is optimized with the Yoast SEO plugin v24.5 - https:\/\/yoast.com\/wordpress\/plugins\/seo\/ -->\n<title>UE EFRR project - Union Chocolate - producent czekolad, mas czekoladowych, oraz polew<\/title>\n<meta name=\"robots\" content=\"index, follow, max-snippet:-1, max-image-preview:large, max-video-preview:-1\" \/>\n<link rel=\"canonical\" href=\"https:\/\/unionchocolate.pl\/index.php\/ue-efrr-project\/?lang=en\" \/>\n<meta property=\"og:locale\" content=\"pl_PL\" \/>\n<meta property=\"og:type\" content=\"article\" \/>\n<meta property=\"og:title\" content=\"UE EFRR project - Union Chocolate - producent czekolad, mas czekoladowych, oraz polew\" \/>\n<meta property=\"og:description\" content=\"[vc_row type=&#8221;vc_default&#8221; css=&#8221;.vc_custom_1592487458238{padding-top: 50px !important;padding-bottom: 30px !important;background-color: #ffffff !important;}&#8221; el_class=&#8221;rowrow&#8221;][vc_column css_animation=&#8221;fadeInRight&#8221; css=&#8221;.vc_custom_1533899125458{padding-bottom: 30px !important;}&#8221;][vc_row_inner content_placement=&#8221;middle&#8221;][vc_column_inner][vc_single_image image=&#8221;2436&#8243; img_size=&#8221;full&#8221;][\/vc_column_inner][\/vc_row_inner][vc_column_text css=&#8221;.vc_custom_1597928718646{padding-bottom: 11px !important;}&#8221;]We received the subsidy for working capital for UNION CHOCOLATE SP. Z O.O. Project number: Agreement no. POIR.03.04.00-04-0166 \/ 20-00 Project title: Working capital grant for Union Chocolate Sp. z o.o. Beneficiary: Union Chocolate Sp. z&hellip;\" \/>\n<meta property=\"og:url\" content=\"https:\/\/unionchocolate.pl\/index.php\/ue-efrr-project\/?lang=en\" \/>\n<meta property=\"og:site_name\" content=\"Union Chocolate - producent czekolad, mas czekoladowych, oraz polew\" \/>\n<meta property=\"article:modified_time\" content=\"2020-08-20T13:09:15+00:00\" \/>\n<meta name=\"twitter:card\" content=\"summary_large_image\" \/>\n<meta name=\"twitter:label1\" content=\"Szacowany czas czytania\" \/>\n\t<meta name=\"twitter:data1\" content=\"4 minuty\" \/>\n<script type=\"application\/ld+json\" class=\"yoast-schema-graph\">{\"@context\":\"https:\/\/schema.org\",\"@graph\":[{\"@type\":\"WebPage\",\"@id\":\"https:\/\/unionchocolate.pl\/index.php\/ue-efrr-project\/?lang=en\",\"url\":\"https:\/\/unionchocolate.pl\/index.php\/ue-efrr-project\/?lang=en\",\"name\":\"UE EFRR project - Union Chocolate - producent czekolad, mas czekoladowych, oraz polew\",\"isPartOf\":{\"@id\":\"https:\/\/unionchocolate.pl\/#website\"},\"datePublished\":\"2020-01-30T15:29:14+00:00\",\"dateModified\":\"2020-08-20T13:09:15+00:00\",\"breadcrumb\":{\"@id\":\"https:\/\/unionchocolate.pl\/index.php\/ue-efrr-project\/?lang=en#breadcrumb\"},\"inLanguage\":\"pl-PL\",\"potentialAction\":[{\"@type\":\"ReadAction\",\"target\":[\"https:\/\/unionchocolate.pl\/index.php\/ue-efrr-project\/?lang=en\"]}]},{\"@type\":\"BreadcrumbList\",\"@id\":\"https:\/\/unionchocolate.pl\/index.php\/ue-efrr-project\/?lang=en#breadcrumb\",\"itemListElement\":[{\"@type\":\"ListItem\",\"position\":1,\"name\":\"Strona g\u0142\u00f3wna\",\"item\":\"https:\/\/unionchocolate.pl\/\"},{\"@type\":\"ListItem\",\"position\":2,\"name\":\"UE EFRR project\"}]},{\"@type\":\"WebSite\",\"@id\":\"https:\/\/unionchocolate.pl\/#website\",\"url\":\"https:\/\/unionchocolate.pl\/\",\"name\":\"Union Chocolate - producent czekolad, mas czekoladowych, oraz polew\",\"description\":\"Producent czekolad, mas czekoladowych, oraz polew z przeznaczeniem do dalszej produkcji w zak\u0142adach przemys\u0142u cukierniczego. Producent tabliczek czekolad o r\u00f3\u017cnych smakach.\",\"potentialAction\":[{\"@type\":\"SearchAction\",\"target\":{\"@type\":\"EntryPoint\",\"urlTemplate\":\"https:\/\/unionchocolate.pl\/?s={search_term_string}\"},\"query-input\":{\"@type\":\"PropertyValueSpecification\",\"valueRequired\":true,\"valueName\":\"search_term_string\"}}],\"inLanguage\":\"pl-PL\"}]}<\/script>\n<!-- \/ Yoast SEO plugin. -->","yoast_head_json":{"title":"UE EFRR project - Union Chocolate - producent czekolad, mas czekoladowych, oraz polew","robots":{"index":"index","follow":"follow","max-snippet":"max-snippet:-1","max-image-preview":"max-image-preview:large","max-video-preview":"max-video-preview:-1"},"canonical":"https:\/\/unionchocolate.pl\/index.php\/ue-efrr-project\/?lang=en","og_locale":"pl_PL","og_type":"article","og_title":"UE EFRR project - Union Chocolate - producent czekolad, mas czekoladowych, oraz polew","og_description":"[vc_row type=&#8221;vc_default&#8221; css=&#8221;.vc_custom_1592487458238{padding-top: 50px !important;padding-bottom: 30px !important;background-color: #ffffff !important;}&#8221; el_class=&#8221;rowrow&#8221;][vc_column css_animation=&#8221;fadeInRight&#8221; css=&#8221;.vc_custom_1533899125458{padding-bottom: 30px !important;}&#8221;][vc_row_inner content_placement=&#8221;middle&#8221;][vc_column_inner][vc_single_image image=&#8221;2436&#8243; img_size=&#8221;full&#8221;][\/vc_column_inner][\/vc_row_inner][vc_column_text css=&#8221;.vc_custom_1597928718646{padding-bottom: 11px !important;}&#8221;]We received the subsidy for working capital for UNION CHOCOLATE SP. Z O.O. Project number: Agreement no. POIR.03.04.00-04-0166 \/ 20-00 Project title: Working capital grant for Union Chocolate Sp. z o.o. Beneficiary: Union Chocolate Sp. z&hellip;","og_url":"https:\/\/unionchocolate.pl\/index.php\/ue-efrr-project\/?lang=en","og_site_name":"Union Chocolate - producent czekolad, mas czekoladowych, oraz polew","article_modified_time":"2020-08-20T13:09:15+00:00","twitter_card":"summary_large_image","twitter_misc":{"Szacowany czas czytania":"4 minuty"},"schema":{"@context":"https:\/\/schema.org","@graph":[{"@type":"WebPage","@id":"https:\/\/unionchocolate.pl\/index.php\/ue-efrr-project\/?lang=en","url":"https:\/\/unionchocolate.pl\/index.php\/ue-efrr-project\/?lang=en","name":"UE EFRR project - Union Chocolate - producent czekolad, mas czekoladowych, oraz polew","isPartOf":{"@id":"https:\/\/unionchocolate.pl\/#website"},"datePublished":"2020-01-30T15:29:14+00:00","dateModified":"2020-08-20T13:09:15+00:00","breadcrumb":{"@id":"https:\/\/unionchocolate.pl\/index.php\/ue-efrr-project\/?lang=en#breadcrumb"},"inLanguage":"pl-PL","potentialAction":[{"@type":"ReadAction","target":["https:\/\/unionchocolate.pl\/index.php\/ue-efrr-project\/?lang=en"]}]},{"@type":"BreadcrumbList","@id":"https:\/\/unionchocolate.pl\/index.php\/ue-efrr-project\/?lang=en#breadcrumb","itemListElement":[{"@type":"ListItem","position":1,"name":"Strona g\u0142\u00f3wna","item":"https:\/\/unionchocolate.pl\/"},{"@type":"ListItem","position":2,"name":"UE EFRR project"}]},{"@type":"WebSite","@id":"https:\/\/unionchocolate.pl\/#website","url":"https:\/\/unionchocolate.pl\/","name":"Union Chocolate - producent czekolad, mas czekoladowych, oraz polew","description":"Producent czekolad, mas czekoladowych, oraz polew z przeznaczeniem do dalszej produkcji w zak\u0142adach przemys\u0142u cukierniczego. Producent tabliczek czekolad o r\u00f3\u017cnych smakach.","potentialAction":[{"@type":"SearchAction","target":{"@type":"EntryPoint","urlTemplate":"https:\/\/unionchocolate.pl\/?s={search_term_string}"},"query-input":{"@type":"PropertyValueSpecification","valueRequired":true,"valueName":"search_term_string"}}],"inLanguage":"pl-PL"}]}},"_links":{"self":[{"href":"https:\/\/unionchocolate.pl\/index.php\/wp-json\/wp\/v2\/pages\/2202","targetHints":{"allow":["GET"]}}],"collection":[{"href":"https:\/\/unionchocolate.pl\/index.php\/wp-json\/wp\/v2\/pages"}],"about":[{"href":"https:\/\/unionchocolate.pl\/index.php\/wp-json\/wp\/v2\/types\/page"}],"author":[{"embeddable":true,"href":"https:\/\/unionchocolate.pl\/index.php\/wp-json\/wp\/v2\/users\/1"}],"replies":[{"embeddable":true,"href":"https:\/\/unionchocolate.pl\/index.php\/wp-json\/wp\/v2\/comments?post=2202"}],"version-history":[{"count":0,"href":"https:\/\/unionchocolate.pl\/index.php\/wp-json\/wp\/v2\/pages\/2202\/revisions"}],"wp:attachment":[{"href":"https:\/\/unionchocolate.pl\/index.php\/wp-json\/wp\/v2\/media?parent=2202"}],"curies":[{"name":"wp","href":"https:\/\/api.w.org\/{rel}","templated":true}]}}