{"id":2200,"date":"2020-01-30T15:27:58","date_gmt":"2020-01-30T15:27:58","guid":{"rendered":"http:\/\/unionchocolate.pl\/?page_id=2200"},"modified":"2020-01-31T12:27:38","modified_gmt":"2020-01-31T12:27:38","slug":"privacy-policy","status":"publish","type":"page","link":"https:\/\/unionchocolate.pl\/index.php\/privacy-policy\/?lang=en","title":{"rendered":"Privacy policy"},"content":{"rendered":"<p>[vc_row enable_overlay=&#8221;enable_overlay_value&#8221; overlay_pattern=&#8221;09.png&#8221; type=&#8221;vc_default&#8221; css=&#8221;.vc_custom_1571225271485{padding-top: 25px !important;padding-right: 15px !important;padding-bottom: 10px !important;padding-left: 15px !important;}&#8221;][vc_column css_animation=&#8221;bounceInDown&#8221; css=&#8221;.vc_custom_1568880571482{padding-top: 10px !important;padding-bottom: 10px !important;}&#8221;][vc_empty_space height=&#8221;15px&#8221;]<div id=\"ultimate-heading-491769e4c7aff26f3\" class=\"uvc-heading ult-adjust-bottom-margin ultimate-heading-491769e4c7aff26f3 uvc-1504 \" data-hspacer=\"no_spacer\"  data-halign=\"center\" style=\"text-align:center\"><div class=\"uvc-heading-spacer no_spacer\" style=\"top\"><\/div><div class=\"uvc-main-heading ult-responsive\"  data-ultimate-target='.uvc-heading.ultimate-heading-491769e4c7aff26f3 h2'  data-responsive-json-new='{\"font-size\":\"desktop:60px;\",\"line-height\":\"desktop:77px;\"}' ><h2 style=\"font-family:&#039;Great Vibes&#039;;--font-weight:theme;color:#c5ab6b;\">Privacy policy<\/h2><\/div><\/div>[vc_empty_space height=&#8221;33px&#8221;][vc_column_text css=&#8221;.vc_custom_1580468325912{padding-top: 20px !important;padding-bottom: 20px !important;}&#8221;]The Controller of your personal data is Union Chocolate Sp. z o. o. [limited liability company] with its registered office in S\u0142o\u0144sk Dolny number 3A, 87-720 Ciechocinek; Tax Identificaton Number NIP 854-20-36-872; National Business Registry number REGON 811920394; National Court Register number KRS 0000169387.<\/p>\n<p>Your personal data are processed in order to establish and maintain business relations between you and Union Chocolate Sp. z o.o., direct marketing of products and services as well as in order to send commercial information as specified by the Act on Rendering Electronic Services.<\/p>\n<p>Legal basis for the processing of your personal data is Regulation (EU) 2016\/679 of 27 April 2016 on the protection of natural persons with regard to the processing of personal data and on the free movement of such data.<\/p>\n<p>The legitimate interest of the controller is to establish and maintain business relations with you as well as to receive and send commercial offers.<\/p>\n<p>The processed categories of your personal data include personal data that come directly from you (or were provided on your behalf) and personal data that were collected from public sources, in particular your first and last name, e-mail address, contact telephone number, correspondence address.<\/p>\n<p>The recipients of your personal data are the employees and associates as well as entities that support the company in its business activity, in particular:<br \/>\n\u2022 suppliers of information systems and IT services;<br \/>\n\u2022 entities that we commission to support us in the conducted activity, in particular in such areas as legal support, bookkeeping and debt recovery;<br \/>\n\u2022 banks as regards making payments;<br \/>\n\u2022 post office operators, forwarding and courier companies<br \/>\n\u2022 public authorities and other entities authorised under the law.<\/p>\n<p>You have the right to:<br \/>\n\u2022 access the content of your personal data;<br \/>\n\u2022 rectify, delete, and limit the processing of your data;<br \/>\n\u2022 transfer your data;<br \/>\n\u2022 object;<br \/>\n\u2022 withdraw your consent.<\/p>\n<p>With respect to any matters concerning our processing of your personal data and exercising the rights related to data processing, you can contact:<br \/>\n\u2022 e-mail: sekretariat@unionchocolate.pl<br \/>\n\u2022 phone 24 2851041<br \/>\n\u2022 address: Union Chocolate Sp. z o.o., 99-320 \u017bychlin, al. Rac\u0142awickie 6[\/vc_column_text][vc_empty_space height=&#8221;33px&#8221;][vc_single_image image=&#8221;1090&#8243; img_size=&#8221;full&#8221; alignment=&#8221;center&#8221;][\/vc_column][\/vc_row][vc_row enable_overlay=&#8221;enable_overlay_value&#8221; overlay_pattern=&#8221;09.png&#8221; type=&#8221;vc_default&#8221; css=&#8221;.vc_custom_1571225271485{padding-top: 25px !important;padding-right: 15px !important;padding-bottom: 10px !important;padding-left: 15px !important;}&#8221;][vc_column css_animation=&#8221;bounceInDown&#8221; css=&#8221;.vc_custom_1568880571482{padding-top: 10px !important;padding-bottom: 10px !important;}&#8221;][vc_empty_space height=&#8221;15px&#8221;]<div id=\"ultimate-heading-600369e4c7aff279d\" class=\"uvc-heading ult-adjust-bottom-margin ultimate-heading-600369e4c7aff279d uvc-763 \" data-hspacer=\"no_spacer\"  data-halign=\"center\" style=\"text-align:center\"><div class=\"uvc-heading-spacer no_spacer\" style=\"top\"><\/div><div class=\"uvc-main-heading ult-responsive\"  data-ultimate-target='.uvc-heading.ultimate-heading-600369e4c7aff279d h2'  data-responsive-json-new='{\"font-size\":\"desktop:60px;\",\"line-height\":\"desktop:77px;\"}' ><h2 style=\"font-family:&#039;Great Vibes&#039;;--font-weight:theme;color:#c5ab6b;\">Cookie files<\/h2><\/div><\/div>[vc_empty_space height=&#8221;33px&#8221;][vc_column_text css=&#8221;.vc_custom_1580473653518{padding-top: 20px !important;padding-bottom: 20px !important;}&#8221;]<\/p>\n<p style=\"text-align: center;\"><strong>COOKIES POLICY<\/strong><\/p>\n<p>&nbsp;<\/p>\n<p>The following Cookies Policy defines the principles of saving and gaining access to data on User Devices that use the Service for the purpose of rendering electronic services by the Service Administrator.<\/p>\n<p>Article 1 DEFINITIONS<br \/>\nService \u2013 an on-line service available at http:\/\/unionchocolate.pl<\/p>\n<p>External Service \u2013 on-line services operated by the partners, service providers and customers of the Administrator<\/p>\n<p>Administrator \u2013 Union Chocolate Sp. z o. o., conducting business activity at: al. Rac\u0142awickie 6 99-320 \u017bychlin, having the Tax Identification Number (NIP): 854-20-36-872, having the National Business Registry number REGON: 811920394, entered in the register by the District Court in Toru\u0144, 7th Commercial Division of the National Court Register under the number KRS: 0000169387, providing services via electronic means through the Service and also storing and being given access to information on the User devices<\/p>\n<p>User \u2013 a natural person for whom the Administrator renders electronic services through the Service<\/p>\n<p>Device \u2013 an electronic device, including software, through which the User gains access to the Service<\/p>\n<p>Cookies \u2013 text data stored in the form of files placed on the User\u2019s Device<\/p>\n<p>Article 2 TYPES OF COOKIES<br \/>\nInternal cookies \u2013 files placed and read from the User\u2019s Device by the information and telecommunications system of the Service<\/p>\n<p>External cookies \u2013 files placed and read from the User\u2019s Device by the information and telecommunications systems of the External Services<\/p>\n<p>Session cookies \u2013 files placed and read from the User\u2019s Device by the Service or External Services during a single session of a given Device. When the session ends, the files are removed from the User\u2019s Device.<\/p>\n<p>Permanent cookies \u2013 files placed and read from the User\u2019s Device by the Service or External Services until they are removed manually. The files are not automatically removed when the Device session ends, unless the User\u2019s Device is configured to remove the cookie files when the Device session ends.<\/p>\n<p>Article 3 SECURITY<br \/>\nStoring and reading mechanisms &#8211; Mechanisms for storing and reading cookies do not allow to collect any personal data or confidential information from the User\u2019s Device. It is virtually impossible to transfer to the User\u2019s Device any viruses, Trojan horses or other bugs.<\/p>\n<p>Internal cookies \u2013 internal cookies used by the Administrator are safe for the User Devices<\/p>\n<p>External cookies \u2013 the Administrator is not liable for the safety of cookie files that come from the Service partners. A list of partners can be found in the further part of the Cookies Policy.<\/p>\n<p>Article 4 PURPOSES FOR WHICH THE COOKIE FILES ARE USED<br \/>\nImproved and easier access to the Service \u2013 the Administrator may store in the cookie files information about User preferences and settings related to the Service in order to make more efficient, improve and speed up the provision of services within the Service.<\/p>\n<p>Statistical data \u2013 the Administrator and External Services use cookie files to collect and process statistical data, such as e.g. visit statistics, User Devices statistics and user behaviour statistics. Such data are collected for analysis and in order to improve the Service.<\/p>\n<p>Social services \u2013 the Administrator and External Services use cookie files to support social services<\/p>\n<p>Article 5 EXTERNAL SERVICES<br \/>\nThe Controller cooperates with the following external services that may place cookie files on the User\u2019s Device:<\/p>\n<p>Google Analytics<\/p>\n<p>Facebook<\/p>\n<p>Article 6 A POSSIBILITY TO DETERMINE THE CONDITIONS OF STORAGE AND GAINING ACCESS ON USER DEVICES BY THE SERVICE AND EXTERNAL SERVICES<br \/>\nThe User may at any time individually change the settings related to the saving, removal and access to the data of the saved cookie files.<\/p>\n<p>Information on how to block cookie files in the most popular computer browsers and mobile devices is available on the website: how to block cookie files.<\/p>\n<p>The User may at any moment remove any cookie files saved so far using the tools of the User\u2019s Device through which the User makes use of the Service.<\/p>\n<p>Article 7 SERVICE REQUIREMENTS<br \/>\nLimiting the saving and reading of cookie files on the User\u2019s Device may cause malfunction of certain functions of the Service.<\/p>\n<p>The Administrator shall not be held liable for any malfunctions of the Service if the User limits or blocks in any way the possibility of saving and reading cookie files.<\/p>\n<p>Article 8 CHANGES TO COOKIES POLICY<br \/>\nThe Administrator reserves the right to make any and all changes to this Cookies Policy without the need to inform the users thereof.<\/p>\n<p>Any changes made to the Cookies Policy shall be always published on this website.<\/p>\n<p>The changes made shall come into force on the date of publication of this Cookies Policy.[\/vc_column_text][vc_empty_space height=&#8221;33px&#8221;][vc_single_image image=&#8221;1090&#8243; img_size=&#8221;full&#8221; alignment=&#8221;center&#8221;][\/vc_column][\/vc_row]<\/p>\n","protected":false},"excerpt":{"rendered":"<p>[vc_row enable_overlay=&#8221;enable_overlay_value&#8221; overlay_pattern=&#8221;09.png&#8221; type=&#8221;vc_default&#8221; css=&#8221;.vc_custom_1571225271485{padding-top: 25px !important;padding-right: 15px !important;padding-bottom: 10px !important;padding-left: 15px !important;}&#8221;][vc_column css_animation=&#8221;bounceInDown&#8221; css=&#8221;.vc_custom_1568880571482{padding-top: 10px !important;padding-bottom: 10px !important;}&#8221;][vc_empty_space height=&#8221;15px&#8221;][vc_empty_space height=&#8221;33px&#8221;][vc_column_text css=&#8221;.vc_custom_1580468325912{padding-top: 20px !important;padding-bottom: 20px !important;}&#8221;]The Controller of your personal data is Union Chocolate Sp. z o. o. [limited liability company] with its registered office in S\u0142o\u0144sk Dolny number 3A, 87-720 Ciechocinek; Tax Identificaton Number&hellip;<\/p>\n","protected":false},"author":1,"featured_media":0,"parent":0,"menu_order":0,"comment_status":"closed","ping_status":"closed","template":"","meta":{"footnotes":""},"class_list":["post-2200","page","type-page","status-publish","hentry","description-off"],"yoast_head":"<!-- This site is optimized with the Yoast SEO plugin v24.5 - https:\/\/yoast.com\/wordpress\/plugins\/seo\/ -->\n<title>Privacy policy - Union Chocolate - producent czekolad, mas czekoladowych, oraz polew<\/title>\n<meta name=\"robots\" content=\"index, follow, max-snippet:-1, max-image-preview:large, max-video-preview:-1\" \/>\n<link rel=\"canonical\" href=\"https:\/\/unionchocolate.pl\/index.php\/privacy-policy\/?lang=en\" \/>\n<meta property=\"og:locale\" content=\"pl_PL\" \/>\n<meta property=\"og:type\" content=\"article\" \/>\n<meta property=\"og:title\" content=\"Privacy policy - Union Chocolate - producent czekolad, mas czekoladowych, oraz polew\" \/>\n<meta property=\"og:description\" content=\"[vc_row enable_overlay=&#8221;enable_overlay_value&#8221; overlay_pattern=&#8221;09.png&#8221; type=&#8221;vc_default&#8221; css=&#8221;.vc_custom_1571225271485{padding-top: 25px !important;padding-right: 15px !important;padding-bottom: 10px !important;padding-left: 15px !important;}&#8221;][vc_column css_animation=&#8221;bounceInDown&#8221; css=&#8221;.vc_custom_1568880571482{padding-top: 10px !important;padding-bottom: 10px !important;}&#8221;][vc_empty_space height=&#8221;15px&#8221;][vc_empty_space height=&#8221;33px&#8221;][vc_column_text css=&#8221;.vc_custom_1580468325912{padding-top: 20px !important;padding-bottom: 20px !important;}&#8221;]The Controller of your personal data is Union Chocolate Sp. z o. o. [limited liability company] with its registered office in S\u0142o\u0144sk Dolny number 3A, 87-720 Ciechocinek; Tax Identificaton Number&hellip;\" \/>\n<meta property=\"og:url\" content=\"https:\/\/unionchocolate.pl\/index.php\/privacy-policy\/?lang=en\" \/>\n<meta property=\"og:site_name\" content=\"Union Chocolate - producent czekolad, mas czekoladowych, oraz polew\" \/>\n<meta property=\"article:modified_time\" content=\"2020-01-31T12:27:38+00:00\" \/>\n<meta name=\"twitter:card\" content=\"summary_large_image\" \/>\n<meta name=\"twitter:label1\" content=\"Szacowany czas czytania\" \/>\n\t<meta name=\"twitter:data1\" content=\"7 minut\" \/>\n<script type=\"application\/ld+json\" class=\"yoast-schema-graph\">{\"@context\":\"https:\/\/schema.org\",\"@graph\":[{\"@type\":\"WebPage\",\"@id\":\"https:\/\/unionchocolate.pl\/index.php\/privacy-policy\/?lang=en\",\"url\":\"https:\/\/unionchocolate.pl\/index.php\/privacy-policy\/?lang=en\",\"name\":\"Privacy policy - Union Chocolate - producent czekolad, mas czekoladowych, oraz polew\",\"isPartOf\":{\"@id\":\"https:\/\/unionchocolate.pl\/#website\"},\"datePublished\":\"2020-01-30T15:27:58+00:00\",\"dateModified\":\"2020-01-31T12:27:38+00:00\",\"breadcrumb\":{\"@id\":\"https:\/\/unionchocolate.pl\/index.php\/privacy-policy\/?lang=en#breadcrumb\"},\"inLanguage\":\"pl-PL\",\"potentialAction\":[{\"@type\":\"ReadAction\",\"target\":[\"https:\/\/unionchocolate.pl\/index.php\/privacy-policy\/?lang=en\"]}]},{\"@type\":\"BreadcrumbList\",\"@id\":\"https:\/\/unionchocolate.pl\/index.php\/privacy-policy\/?lang=en#breadcrumb\",\"itemListElement\":[{\"@type\":\"ListItem\",\"position\":1,\"name\":\"Strona g\u0142\u00f3wna\",\"item\":\"https:\/\/unionchocolate.pl\/\"},{\"@type\":\"ListItem\",\"position\":2,\"name\":\"Privacy policy\"}]},{\"@type\":\"WebSite\",\"@id\":\"https:\/\/unionchocolate.pl\/#website\",\"url\":\"https:\/\/unionchocolate.pl\/\",\"name\":\"Union Chocolate - producent czekolad, mas czekoladowych, oraz polew\",\"description\":\"Producent czekolad, mas czekoladowych, oraz polew z przeznaczeniem do dalszej produkcji w zak\u0142adach przemys\u0142u cukierniczego. Producent tabliczek czekolad o r\u00f3\u017cnych smakach.\",\"potentialAction\":[{\"@type\":\"SearchAction\",\"target\":{\"@type\":\"EntryPoint\",\"urlTemplate\":\"https:\/\/unionchocolate.pl\/?s={search_term_string}\"},\"query-input\":{\"@type\":\"PropertyValueSpecification\",\"valueRequired\":true,\"valueName\":\"search_term_string\"}}],\"inLanguage\":\"pl-PL\"}]}<\/script>\n<!-- \/ Yoast SEO plugin. -->","yoast_head_json":{"title":"Privacy policy - Union Chocolate - producent czekolad, mas czekoladowych, oraz polew","robots":{"index":"index","follow":"follow","max-snippet":"max-snippet:-1","max-image-preview":"max-image-preview:large","max-video-preview":"max-video-preview:-1"},"canonical":"https:\/\/unionchocolate.pl\/index.php\/privacy-policy\/?lang=en","og_locale":"pl_PL","og_type":"article","og_title":"Privacy policy - Union Chocolate - producent czekolad, mas czekoladowych, oraz polew","og_description":"[vc_row enable_overlay=&#8221;enable_overlay_value&#8221; overlay_pattern=&#8221;09.png&#8221; type=&#8221;vc_default&#8221; css=&#8221;.vc_custom_1571225271485{padding-top: 25px !important;padding-right: 15px !important;padding-bottom: 10px !important;padding-left: 15px !important;}&#8221;][vc_column css_animation=&#8221;bounceInDown&#8221; css=&#8221;.vc_custom_1568880571482{padding-top: 10px !important;padding-bottom: 10px !important;}&#8221;][vc_empty_space height=&#8221;15px&#8221;][vc_empty_space height=&#8221;33px&#8221;][vc_column_text css=&#8221;.vc_custom_1580468325912{padding-top: 20px !important;padding-bottom: 20px !important;}&#8221;]The Controller of your personal data is Union Chocolate Sp. z o. o. [limited liability company] with its registered office in S\u0142o\u0144sk Dolny number 3A, 87-720 Ciechocinek; Tax Identificaton Number&hellip;","og_url":"https:\/\/unionchocolate.pl\/index.php\/privacy-policy\/?lang=en","og_site_name":"Union Chocolate - producent czekolad, mas czekoladowych, oraz polew","article_modified_time":"2020-01-31T12:27:38+00:00","twitter_card":"summary_large_image","twitter_misc":{"Szacowany czas czytania":"7 minut"},"schema":{"@context":"https:\/\/schema.org","@graph":[{"@type":"WebPage","@id":"https:\/\/unionchocolate.pl\/index.php\/privacy-policy\/?lang=en","url":"https:\/\/unionchocolate.pl\/index.php\/privacy-policy\/?lang=en","name":"Privacy policy - Union Chocolate - producent czekolad, mas czekoladowych, oraz polew","isPartOf":{"@id":"https:\/\/unionchocolate.pl\/#website"},"datePublished":"2020-01-30T15:27:58+00:00","dateModified":"2020-01-31T12:27:38+00:00","breadcrumb":{"@id":"https:\/\/unionchocolate.pl\/index.php\/privacy-policy\/?lang=en#breadcrumb"},"inLanguage":"pl-PL","potentialAction":[{"@type":"ReadAction","target":["https:\/\/unionchocolate.pl\/index.php\/privacy-policy\/?lang=en"]}]},{"@type":"BreadcrumbList","@id":"https:\/\/unionchocolate.pl\/index.php\/privacy-policy\/?lang=en#breadcrumb","itemListElement":[{"@type":"ListItem","position":1,"name":"Strona g\u0142\u00f3wna","item":"https:\/\/unionchocolate.pl\/"},{"@type":"ListItem","position":2,"name":"Privacy policy"}]},{"@type":"WebSite","@id":"https:\/\/unionchocolate.pl\/#website","url":"https:\/\/unionchocolate.pl\/","name":"Union Chocolate - producent czekolad, mas czekoladowych, oraz polew","description":"Producent czekolad, mas czekoladowych, oraz polew z przeznaczeniem do dalszej produkcji w zak\u0142adach przemys\u0142u cukierniczego. Producent tabliczek czekolad o r\u00f3\u017cnych smakach.","potentialAction":[{"@type":"SearchAction","target":{"@type":"EntryPoint","urlTemplate":"https:\/\/unionchocolate.pl\/?s={search_term_string}"},"query-input":{"@type":"PropertyValueSpecification","valueRequired":true,"valueName":"search_term_string"}}],"inLanguage":"pl-PL"}]}},"_links":{"self":[{"href":"https:\/\/unionchocolate.pl\/index.php\/wp-json\/wp\/v2\/pages\/2200","targetHints":{"allow":["GET"]}}],"collection":[{"href":"https:\/\/unionchocolate.pl\/index.php\/wp-json\/wp\/v2\/pages"}],"about":[{"href":"https:\/\/unionchocolate.pl\/index.php\/wp-json\/wp\/v2\/types\/page"}],"author":[{"embeddable":true,"href":"https:\/\/unionchocolate.pl\/index.php\/wp-json\/wp\/v2\/users\/1"}],"replies":[{"embeddable":true,"href":"https:\/\/unionchocolate.pl\/index.php\/wp-json\/wp\/v2\/comments?post=2200"}],"version-history":[{"count":0,"href":"https:\/\/unionchocolate.pl\/index.php\/wp-json\/wp\/v2\/pages\/2200\/revisions"}],"wp:attachment":[{"href":"https:\/\/unionchocolate.pl\/index.php\/wp-json\/wp\/v2\/media?parent=2200"}],"curies":[{"name":"wp","href":"https:\/\/api.w.org\/{rel}","templated":true}]}}