{"id":2159,"date":"2020-01-30T14:55:03","date_gmt":"2020-01-30T14:55:03","guid":{"rendered":"http:\/\/unionchocolate.pl\/?page_id=2159"},"modified":"2022-05-23T09:16:09","modified_gmt":"2022-05-23T09:16:09","slug":"retail-offer","status":"publish","type":"page","link":"https:\/\/unionchocolate.pl\/index.php\/retail-offer\/?lang=en","title":{"rendered":"Retail offer"},"content":{"rendered":"<p>[vc_row full_width=&#8221;stretch_row&#8221; type=&#8221;vc_default&#8221; css=&#8221;.vc_custom_1569349252271{margin-top: -30px !important;border-top-width: 5px !important;border-right-width: 0px !important;border-bottom-width: 0px !important;border-left-width: 0px !important;padding-top: 30px !important;padding-bottom: 40px !important;border-left-color: #c8b074 !important;border-left-style: solid !important;border-right-color: #c8b074 !important;border-right-style: solid !important;border-top-color: #c8b074 !important;border-top-style: solid !important;border-bottom-color: #c8b074 !important;border-bottom-style: solid !important;}&#8221; el_class=&#8221;rowrow&#8221;][vc_column][vc_empty_space height=&#8221;15px&#8221;]<div id=\"ultimate-heading-456569e4ca1f99f61\" class=\"uvc-heading ult-adjust-bottom-margin ultimate-heading-456569e4ca1f99f61 uvc-4481 \" data-hspacer=\"no_spacer\"  data-halign=\"center\" style=\"text-align:center\"><div class=\"uvc-heading-spacer no_spacer\" style=\"top\"><\/div><div class=\"uvc-main-heading ult-responsive\"  data-ultimate-target='.uvc-heading.ultimate-heading-456569e4ca1f99f61 h2'  data-responsive-json-new='{\"font-size\":\"desktop:60px;\",\"line-height\":\"desktop:77px;\"}' ><h2 style=\"font-family:&#039;Great Vibes&#039;;--font-weight:theme;color:#c5ab6b;\">Retail<\/h2><\/div><div class=\"uvc-sub-heading ult-responsive\"  data-ultimate-target='.uvc-heading.ultimate-heading-456569e4ca1f99f61 .uvc-sub-heading '  data-responsive-json-new='{\"font-size\":\"desktop:40px;\",\"line-height\":\"desktop:50px;\"}'  style=\"font-family:&#039;Poppins&#039;;font-weight:normal;color:#5e5e5e;margin-bottom:20px;\">OFFER<\/div><\/div>[vc_empty_space height=&#8221;15px&#8221;][vc_single_image image=&#8221;1090&#8243; img_size=&#8221;full&#8221; alignment=&#8221;center&#8221;][\/vc_column][\/vc_row][vc_row full_width=&#8221;stretch_row&#8221; css=&#8221;.vc_custom_1569411351609{padding-bottom: 40px !important;}&#8221;][vc_column width=&#8221;1\/3&#8243;][vc_single_image image=&#8221;2482&#8243; img_size=&#8221;full&#8221; alignment=&#8221;center&#8221; css=&#8221;.vc_custom_1653296324307{margin-bottom: 0px !important;padding-bottom: 0px !important;}&#8221;][vc_column_text css=&#8221;.vc_custom_1580477415042{padding-top: 15px !important;}&#8221;]<\/p>\n<p style=\"text-align: center;\"><strong>Milk<br \/>\nchocolate <\/strong><\/p>\n<p style=\"text-align: center;\">net weight: 100g<\/p>\n<p style=\"text-align: center;\"><a href=\"http:\/\/unionchocolate.pl\/index.php\/retail-offer\/milk-chocolate\/?lang=en\">specification<\/a><\/p>\n<p>[\/vc_column_text][vc_separator color=&#8221;custom&#8221; el_width=&#8221;90&#8243; accent_color=&#8221;#c6c6c6&#8243; css=&#8221;.vc_custom_1569349648080{padding-top: 5px !important;padding-bottom: 35px !important;}&#8221;][\/vc_column][vc_column width=&#8221;1\/3&#8243;][vc_single_image image=&#8221;2485&#8243; img_size=&#8221;full&#8221; alignment=&#8221;center&#8221; css=&#8221;.vc_custom_1653296366045{margin-bottom: 0px !important;padding-bottom: 0px !important;}&#8221;][vc_column_text css=&#8221;.vc_custom_1580481257685{padding-top: 15px !important;}&#8221;]<\/p>\n<p style=\"text-align: center;\"><strong>Milk Chocolate<br \/>\nwith Coconut Flakes (15%)<\/strong><\/p>\n<p style=\"text-align: center;\">net weight: 100g<\/p>\n<p style=\"text-align: center;\"><a href=\"http:\/\/unionchocolate.pl\/index.php\/retail-offer\/milk-chocolate-with-coconut-flakes-15\/?lang=en\">specification<\/a><\/p>\n<p>[\/vc_column_text][vc_separator color=&#8221;custom&#8221; el_width=&#8221;90&#8243; accent_color=&#8221;#c6c6c6&#8243; css=&#8221;.vc_custom_1569349648080{padding-top: 5px !important;padding-bottom: 35px !important;}&#8221;][\/vc_column][vc_column width=&#8221;1\/3&#8243;][vc_single_image image=&#8221;2487&#8243; img_size=&#8221;full&#8221; alignment=&#8221;center&#8221; css=&#8221;.vc_custom_1653296400288{margin-bottom: 0px !important;padding-bottom: 0px !important;}&#8221;][vc_column_text css=&#8221;.vc_custom_1580481273158{padding-top: 15px !important;}&#8221;]<\/p>\n<p style=\"text-align: center;\"><strong>Milk Chocolate<br \/>\nwith Hazelnuts (7%)<\/strong><\/p>\n<p style=\"text-align: center;\">net weight: 100g<\/p>\n<p style=\"text-align: center;\"><a href=\"http:\/\/unionchocolate.pl\/index.php\/retail-offer\/milk-chocolate-with-hazelnuts-7\/?lang=en\">specification<\/a><\/p>\n<p>[\/vc_column_text][vc_separator color=&#8221;custom&#8221; el_width=&#8221;90&#8243; accent_color=&#8221;#c6c6c6&#8243; css=&#8221;.vc_custom_1569349648080{padding-top: 5px !important;padding-bottom: 35px !important;}&#8221;][\/vc_column][\/vc_row][vc_row full_width=&#8221;stretch_row&#8221; css=&#8221;.vc_custom_1569411351609{padding-bottom: 40px !important;}&#8221;][vc_column width=&#8221;1\/3&#8243;][vc_single_image image=&#8221;2490&#8243; img_size=&#8221;full&#8221; alignment=&#8221;center&#8221; css=&#8221;.vc_custom_1653296428344{margin-bottom: 0px !important;padding-bottom: 0px !important;}&#8221;][vc_column_text css=&#8221;.vc_custom_1580481303837{padding-top: 15px !important;}&#8221;]<\/p>\n<p style=\"text-align: center;\"><strong>Milk Chocolate<br \/>\nwith Resins (10%) and Nuts (4%)<\/strong><\/p>\n<p style=\"text-align: center;\">net weight: 100g<\/p>\n<p style=\"text-align: center;\"><a href=\"http:\/\/unionchocolate.pl\/index.php\/retail-offer\/milk-chocolate-with-resins-10-and-nuts-4\/?lang=en\">specification<\/a><\/p>\n<p>[\/vc_column_text][vc_separator color=&#8221;custom&#8221; el_width=&#8221;90&#8243; accent_color=&#8221;#c6c6c6&#8243; css=&#8221;.vc_custom_1569349648080{padding-top: 5px !important;padding-bottom: 35px !important;}&#8221;][\/vc_column][vc_column width=&#8221;1\/3&#8243;][vc_single_image image=&#8221;2492&#8243; img_size=&#8221;full&#8221; alignment=&#8221;center&#8221; css=&#8221;.vc_custom_1653296449761{margin-bottom: 0px !important;padding-bottom: 0px !important;}&#8221;][vc_column_text css=&#8221;.vc_custom_1580481325657{padding-top: 15px !important;}&#8221;]<\/p>\n<p style=\"text-align: center;\"><strong>Rum-Flavoured Milk Chocolate<br \/>\nwith Resins (20%)<\/strong><\/p>\n<p style=\"text-align: center;\">net weight: 100g<\/p>\n<p style=\"text-align: center;\"><a href=\"http:\/\/unionchocolate.pl\/index.php\/retail-offer\/rum-flavoured-milk-chocolate-with-resins-20\/?lang=en\">specification<\/a><\/p>\n<p>[\/vc_column_text][vc_separator color=&#8221;custom&#8221; el_width=&#8221;90&#8243; accent_color=&#8221;#c6c6c6&#8243; css=&#8221;.vc_custom_1569349648080{padding-top: 5px !important;padding-bottom: 35px !important;}&#8221;][\/vc_column][vc_column width=&#8221;1\/3&#8243;][vc_single_image image=&#8221;2494&#8243; img_size=&#8221;full&#8221; alignment=&#8221;center&#8221; css=&#8221;.vc_custom_1653296471612{margin-bottom: 0px !important;padding-bottom: 0px !important;}&#8221;][vc_column_text css=&#8221;.vc_custom_1580481348656{padding-top: 15px !important;}&#8221;]<\/p>\n<p style=\"text-align: center;\"><strong>Bitter<br \/>\nChocolate (60%)<\/strong><\/p>\n<p style=\"text-align: center;\">net weight: 100g<\/p>\n<p style=\"text-align: center;\"><a href=\"http:\/\/unionchocolate.pl\/index.php\/retail-offer\/bitter-chocolate-60\/?lang=en\">specification<\/a><\/p>\n<p>[\/vc_column_text][vc_separator color=&#8221;custom&#8221; el_width=&#8221;90&#8243; accent_color=&#8221;#c6c6c6&#8243; css=&#8221;.vc_custom_1569349648080{padding-top: 5px !important;padding-bottom: 35px !important;}&#8221;][\/vc_column][\/vc_row][vc_row full_width=&#8221;stretch_row&#8221; css=&#8221;.vc_custom_1569411351609{padding-bottom: 40px !important;}&#8221;][vc_column width=&#8221;1\/3&#8243;][vc_single_image image=&#8221;1912&#8243; img_size=&#8221;full&#8221; alignment=&#8221;center&#8221; css=&#8221;.vc_custom_1571230002926{margin-bottom: 0px !important;padding-bottom: 0px !important;}&#8221;][vc_column_text css=&#8221;.vc_custom_1580481366180{padding-top: 15px !important;}&#8221;]<\/p>\n<p style=\"text-align: center;\"><b>Extra<br \/>\nMilk Chocolate<\/b><\/p>\n<p style=\"text-align: center;\">net weight: 80g<\/p>\n<p style=\"text-align: center;\"><a href=\"http:\/\/unionchocolate.pl\/index.php\/retail-offer\/extra-milk-chocolate\/?lang=en\">specification<\/a><\/p>\n<p>[\/vc_column_text][vc_separator color=&#8221;custom&#8221; el_width=&#8221;90&#8243; accent_color=&#8221;#c6c6c6&#8243; css=&#8221;.vc_custom_1569349648080{padding-top: 5px !important;padding-bottom: 35px !important;}&#8221;][\/vc_column][vc_column width=&#8221;1\/3&#8243;][vc_single_image image=&#8221;2476&#8243; img_size=&#8221;full&#8221; alignment=&#8221;center&#8221; css=&#8221;.vc_custom_1653296229249{margin-bottom: 0px !important;padding-bottom: 0px !important;}&#8221;][vc_column_text css=&#8221;.vc_custom_1580481384671{padding-top: 15px !important;}&#8221;]<\/p>\n<p style=\"text-align: center;\"><b>Extra Bitter Chocolate<br \/>\nwith tiny bits of cocoa beans<\/b><\/p>\n<p style=\"text-align: center;\">net weight: 80g<\/p>\n<p style=\"text-align: center;\"><a href=\"http:\/\/unionchocolate.pl\/index.php\/retail-offer\/extra-bitter-chocolate-with-tiny-bits-of-cocoa-beans\/?lang=en\">specification<\/a><\/p>\n<p>[\/vc_column_text][vc_separator color=&#8221;custom&#8221; el_width=&#8221;90&#8243; accent_color=&#8221;#c6c6c6&#8243; css=&#8221;.vc_custom_1569349648080{padding-top: 5px !important;padding-bottom: 35px !important;}&#8221;][\/vc_column][vc_column width=&#8221;1\/3&#8243;][vc_single_image image=&#8221;2515&#8243; img_size=&#8221;full&#8221; alignment=&#8221;center&#8221; css=&#8221;.vc_custom_1653297366968{margin-bottom: 0px !important;padding-bottom: 0px !important;}&#8221;][vc_column_text css=&#8221;.vc_custom_1580481401401{padding-top: 15px !important;}&#8221;]<\/p>\n<p style=\"text-align: center;\"><b>Extra<br \/>\nBitter Chocolate<br \/>\n<\/b><\/p>\n<p style=\"text-align: center;\">net weight: 80g<\/p>\n<p style=\"text-align: center;\"><a href=\"http:\/\/unionchocolate.pl\/index.php\/retail-offer\/extra-bitter-chocolate\/?lang=en\">specification<\/a><\/p>\n<p>[\/vc_column_text][vc_separator color=&#8221;custom&#8221; el_width=&#8221;90&#8243; accent_color=&#8221;#c6c6c6&#8243; css=&#8221;.vc_custom_1569349648080{padding-top: 5px !important;padding-bottom: 35px !important;}&#8221;][\/vc_column][\/vc_row]<\/p>\n","protected":false},"excerpt":{"rendered":"<p>[vc_row full_width=&#8221;stretch_row&#8221; type=&#8221;vc_default&#8221; css=&#8221;.vc_custom_1569349252271{margin-top: -30px !important;border-top-width: 5px !important;border-right-width: 0px !important;border-bottom-width: 0px !important;border-left-width: 0px !important;padding-top: 30px !important;padding-bottom: 40px !important;border-left-color: #c8b074 !important;border-left-style: solid !important;border-right-color: #c8b074 !important;border-right-style: solid !important;border-top-color: #c8b074 !important;border-top-style: solid !important;border-bottom-color: #c8b074 !important;border-bottom-style: solid !important;}&#8221; el_class=&#8221;rowrow&#8221;][vc_column][vc_empty_space height=&#8221;15px&#8221;][vc_empty_space height=&#8221;15px&#8221;][vc_single_image image=&#8221;1090&#8243; img_size=&#8221;full&#8221; alignment=&#8221;center&#8221;][\/vc_column][\/vc_row][vc_row full_width=&#8221;stretch_row&#8221; css=&#8221;.vc_custom_1569411351609{padding-bottom: 40px !important;}&#8221;][vc_column width=&#8221;1\/3&#8243;][vc_single_image image=&#8221;2482&#8243; img_size=&#8221;full&#8221; alignment=&#8221;center&#8221; css=&#8221;.vc_custom_1653296324307{margin-bottom: 0px !important;padding-bottom: 0px !important;}&#8221;][vc_column_text css=&#8221;.vc_custom_1580477415042{padding-top: 15px&hellip;<\/p>\n","protected":false},"author":1,"featured_media":0,"parent":0,"menu_order":0,"comment_status":"closed","ping_status":"closed","template":"","meta":{"footnotes":""},"class_list":["post-2159","page","type-page","status-publish","hentry","description-off"],"yoast_head":"<!-- This site is optimized with the Yoast SEO plugin v24.5 - https:\/\/yoast.com\/wordpress\/plugins\/seo\/ -->\n<title>Retail offer - Union Chocolate - producent czekolad, mas czekoladowych, oraz polew<\/title>\n<meta name=\"robots\" content=\"index, follow, max-snippet:-1, max-image-preview:large, max-video-preview:-1\" \/>\n<link rel=\"canonical\" href=\"https:\/\/unionchocolate.pl\/index.php\/retail-offer\/?lang=en\" \/>\n<meta property=\"og:locale\" content=\"pl_PL\" \/>\n<meta property=\"og:type\" content=\"article\" \/>\n<meta property=\"og:title\" content=\"Retail offer - Union Chocolate - producent czekolad, mas czekoladowych, oraz polew\" \/>\n<meta property=\"og:description\" content=\"[vc_row full_width=&#8221;stretch_row&#8221; type=&#8221;vc_default&#8221; css=&#8221;.vc_custom_1569349252271{margin-top: -30px !important;border-top-width: 5px !important;border-right-width: 0px !important;border-bottom-width: 0px !important;border-left-width: 0px !important;padding-top: 30px !important;padding-bottom: 40px !important;border-left-color: #c8b074 !important;border-left-style: solid !important;border-right-color: #c8b074 !important;border-right-style: solid !important;border-top-color: #c8b074 !important;border-top-style: solid !important;border-bottom-color: #c8b074 !important;border-bottom-style: solid !important;}&#8221; el_class=&#8221;rowrow&#8221;][vc_column][vc_empty_space height=&#8221;15px&#8221;][vc_empty_space height=&#8221;15px&#8221;][vc_single_image image=&#8221;1090&#8243; img_size=&#8221;full&#8221; alignment=&#8221;center&#8221;][\/vc_column][\/vc_row][vc_row full_width=&#8221;stretch_row&#8221; css=&#8221;.vc_custom_1569411351609{padding-bottom: 40px !important;}&#8221;][vc_column width=&#8221;1\/3&#8243;][vc_single_image image=&#8221;2482&#8243; img_size=&#8221;full&#8221; alignment=&#8221;center&#8221; css=&#8221;.vc_custom_1653296324307{margin-bottom: 0px !important;padding-bottom: 0px !important;}&#8221;][vc_column_text css=&#8221;.vc_custom_1580477415042{padding-top: 15px&hellip;\" \/>\n<meta property=\"og:url\" content=\"https:\/\/unionchocolate.pl\/index.php\/retail-offer\/?lang=en\" \/>\n<meta property=\"og:site_name\" content=\"Union Chocolate - producent czekolad, mas czekoladowych, oraz polew\" \/>\n<meta property=\"article:modified_time\" content=\"2022-05-23T09:16:09+00:00\" \/>\n<meta name=\"twitter:card\" content=\"summary_large_image\" \/>\n<meta name=\"twitter:label1\" content=\"Szacowany czas czytania\" \/>\n\t<meta name=\"twitter:data1\" content=\"4 minuty\" \/>\n<script type=\"application\/ld+json\" class=\"yoast-schema-graph\">{\"@context\":\"https:\/\/schema.org\",\"@graph\":[{\"@type\":\"WebPage\",\"@id\":\"https:\/\/unionchocolate.pl\/index.php\/retail-offer\/?lang=en\",\"url\":\"https:\/\/unionchocolate.pl\/index.php\/retail-offer\/?lang=en\",\"name\":\"Retail offer - Union Chocolate - producent czekolad, mas czekoladowych, oraz polew\",\"isPartOf\":{\"@id\":\"https:\/\/unionchocolate.pl\/#website\"},\"datePublished\":\"2020-01-30T14:55:03+00:00\",\"dateModified\":\"2022-05-23T09:16:09+00:00\",\"breadcrumb\":{\"@id\":\"https:\/\/unionchocolate.pl\/index.php\/retail-offer\/?lang=en#breadcrumb\"},\"inLanguage\":\"pl-PL\",\"potentialAction\":[{\"@type\":\"ReadAction\",\"target\":[\"https:\/\/unionchocolate.pl\/index.php\/retail-offer\/?lang=en\"]}]},{\"@type\":\"BreadcrumbList\",\"@id\":\"https:\/\/unionchocolate.pl\/index.php\/retail-offer\/?lang=en#breadcrumb\",\"itemListElement\":[{\"@type\":\"ListItem\",\"position\":1,\"name\":\"Strona g\u0142\u00f3wna\",\"item\":\"https:\/\/unionchocolate.pl\/\"},{\"@type\":\"ListItem\",\"position\":2,\"name\":\"Retail offer\"}]},{\"@type\":\"WebSite\",\"@id\":\"https:\/\/unionchocolate.pl\/#website\",\"url\":\"https:\/\/unionchocolate.pl\/\",\"name\":\"Union Chocolate - producent czekolad, mas czekoladowych, oraz polew\",\"description\":\"Producent czekolad, mas czekoladowych, oraz polew z przeznaczeniem do dalszej produkcji w zak\u0142adach przemys\u0142u cukierniczego. Producent tabliczek czekolad o r\u00f3\u017cnych smakach.\",\"potentialAction\":[{\"@type\":\"SearchAction\",\"target\":{\"@type\":\"EntryPoint\",\"urlTemplate\":\"https:\/\/unionchocolate.pl\/?s={search_term_string}\"},\"query-input\":{\"@type\":\"PropertyValueSpecification\",\"valueRequired\":true,\"valueName\":\"search_term_string\"}}],\"inLanguage\":\"pl-PL\"}]}<\/script>\n<!-- \/ Yoast SEO plugin. -->","yoast_head_json":{"title":"Retail offer - Union Chocolate - producent czekolad, mas czekoladowych, oraz polew","robots":{"index":"index","follow":"follow","max-snippet":"max-snippet:-1","max-image-preview":"max-image-preview:large","max-video-preview":"max-video-preview:-1"},"canonical":"https:\/\/unionchocolate.pl\/index.php\/retail-offer\/?lang=en","og_locale":"pl_PL","og_type":"article","og_title":"Retail offer - Union Chocolate - producent czekolad, mas czekoladowych, oraz polew","og_description":"[vc_row full_width=&#8221;stretch_row&#8221; type=&#8221;vc_default&#8221; css=&#8221;.vc_custom_1569349252271{margin-top: -30px !important;border-top-width: 5px !important;border-right-width: 0px !important;border-bottom-width: 0px !important;border-left-width: 0px !important;padding-top: 30px !important;padding-bottom: 40px !important;border-left-color: #c8b074 !important;border-left-style: solid !important;border-right-color: #c8b074 !important;border-right-style: solid !important;border-top-color: #c8b074 !important;border-top-style: solid !important;border-bottom-color: #c8b074 !important;border-bottom-style: solid !important;}&#8221; el_class=&#8221;rowrow&#8221;][vc_column][vc_empty_space height=&#8221;15px&#8221;][vc_empty_space height=&#8221;15px&#8221;][vc_single_image image=&#8221;1090&#8243; img_size=&#8221;full&#8221; alignment=&#8221;center&#8221;][\/vc_column][\/vc_row][vc_row full_width=&#8221;stretch_row&#8221; css=&#8221;.vc_custom_1569411351609{padding-bottom: 40px !important;}&#8221;][vc_column width=&#8221;1\/3&#8243;][vc_single_image image=&#8221;2482&#8243; img_size=&#8221;full&#8221; alignment=&#8221;center&#8221; css=&#8221;.vc_custom_1653296324307{margin-bottom: 0px !important;padding-bottom: 0px !important;}&#8221;][vc_column_text css=&#8221;.vc_custom_1580477415042{padding-top: 15px&hellip;","og_url":"https:\/\/unionchocolate.pl\/index.php\/retail-offer\/?lang=en","og_site_name":"Union Chocolate - producent czekolad, mas czekoladowych, oraz polew","article_modified_time":"2022-05-23T09:16:09+00:00","twitter_card":"summary_large_image","twitter_misc":{"Szacowany czas czytania":"4 minuty"},"schema":{"@context":"https:\/\/schema.org","@graph":[{"@type":"WebPage","@id":"https:\/\/unionchocolate.pl\/index.php\/retail-offer\/?lang=en","url":"https:\/\/unionchocolate.pl\/index.php\/retail-offer\/?lang=en","name":"Retail offer - Union Chocolate - producent czekolad, mas czekoladowych, oraz polew","isPartOf":{"@id":"https:\/\/unionchocolate.pl\/#website"},"datePublished":"2020-01-30T14:55:03+00:00","dateModified":"2022-05-23T09:16:09+00:00","breadcrumb":{"@id":"https:\/\/unionchocolate.pl\/index.php\/retail-offer\/?lang=en#breadcrumb"},"inLanguage":"pl-PL","potentialAction":[{"@type":"ReadAction","target":["https:\/\/unionchocolate.pl\/index.php\/retail-offer\/?lang=en"]}]},{"@type":"BreadcrumbList","@id":"https:\/\/unionchocolate.pl\/index.php\/retail-offer\/?lang=en#breadcrumb","itemListElement":[{"@type":"ListItem","position":1,"name":"Strona g\u0142\u00f3wna","item":"https:\/\/unionchocolate.pl\/"},{"@type":"ListItem","position":2,"name":"Retail offer"}]},{"@type":"WebSite","@id":"https:\/\/unionchocolate.pl\/#website","url":"https:\/\/unionchocolate.pl\/","name":"Union Chocolate - producent czekolad, mas czekoladowych, oraz polew","description":"Producent czekolad, mas czekoladowych, oraz polew z przeznaczeniem do dalszej produkcji w zak\u0142adach przemys\u0142u cukierniczego. Producent tabliczek czekolad o r\u00f3\u017cnych smakach.","potentialAction":[{"@type":"SearchAction","target":{"@type":"EntryPoint","urlTemplate":"https:\/\/unionchocolate.pl\/?s={search_term_string}"},"query-input":{"@type":"PropertyValueSpecification","valueRequired":true,"valueName":"search_term_string"}}],"inLanguage":"pl-PL"}]}},"_links":{"self":[{"href":"https:\/\/unionchocolate.pl\/index.php\/wp-json\/wp\/v2\/pages\/2159","targetHints":{"allow":["GET"]}}],"collection":[{"href":"https:\/\/unionchocolate.pl\/index.php\/wp-json\/wp\/v2\/pages"}],"about":[{"href":"https:\/\/unionchocolate.pl\/index.php\/wp-json\/wp\/v2\/types\/page"}],"author":[{"embeddable":true,"href":"https:\/\/unionchocolate.pl\/index.php\/wp-json\/wp\/v2\/users\/1"}],"replies":[{"embeddable":true,"href":"https:\/\/unionchocolate.pl\/index.php\/wp-json\/wp\/v2\/comments?post=2159"}],"version-history":[{"count":5,"href":"https:\/\/unionchocolate.pl\/index.php\/wp-json\/wp\/v2\/pages\/2159\/revisions"}],"predecessor-version":[{"id":2517,"href":"https:\/\/unionchocolate.pl\/index.php\/wp-json\/wp\/v2\/pages\/2159\/revisions\/2517"}],"wp:attachment":[{"href":"https:\/\/unionchocolate.pl\/index.php\/wp-json\/wp\/v2\/media?parent=2159"}],"curies":[{"name":"wp","href":"https:\/\/api.w.org\/{rel}","templated":true}]}}