{"id":2154,"date":"2020-01-30T09:14:57","date_gmt":"2020-01-30T09:14:57","guid":{"rendered":"http:\/\/unionchocolate.pl\/?page_id=2154"},"modified":"2023-08-28T08:49:27","modified_gmt":"2023-08-28T08:49:27","slug":"certificates","status":"publish","type":"page","link":"https:\/\/unionchocolate.pl\/index.php\/certificates\/?lang=en","title":{"rendered":"Certificates"},"content":{"rendered":"<p>[vc_row full_width=&#8221;stretch_row_content_no_spaces&#8221; enable_overlay=&#8221;enable_overlay_value&#8221; overlay_pattern=&#8221;09.png&#8221; type=&#8221;vc_default&#8221; css=&#8221;.vc_custom_1568880637548{padding-top: 25px !important;padding-right: 15px !important;padding-bottom: 10px !important;padding-left: 15px !important;}&#8221;][vc_column css_animation=&#8221;bounceInDown&#8221; css=&#8221;.vc_custom_1568880571482{padding-top: 10px !important;padding-bottom: 10px !important;}&#8221;][vc_empty_space height=&#8221;15px&#8221;]<div id=\"ultimate-heading-740169e4cabd5fd41\" class=\"uvc-heading ult-adjust-bottom-margin ultimate-heading-740169e4cabd5fd41 uvc-3519 \" data-hspacer=\"no_spacer\"  data-halign=\"center\" style=\"text-align:center\"><div class=\"uvc-heading-spacer no_spacer\" style=\"top\"><\/div><div class=\"uvc-main-heading ult-responsive\"  data-ultimate-target='.uvc-heading.ultimate-heading-740169e4cabd5fd41 h2'  data-responsive-json-new='{\"font-size\":\"desktop:60px;\",\"line-height\":\"desktop:77px;\"}' ><h2 style=\"font-family:&#039;Great Vibes&#039;;--font-weight:theme;color:#c5ab6b;\">Certificates<\/h2><\/div><\/div>[vc_empty_space height=&#8221;15px&#8221;][vc_single_image image=&#8221;1090&#8243; img_size=&#8221;full&#8221; alignment=&#8221;center&#8221;][\/vc_column][\/vc_row][vc_row content_placement=&#8221;middle&#8221; type=&#8221;vc_default&#8221; css=&#8221;.vc_custom_1568885723493{margin-top: 0px !important;padding-top: 25px !important;padding-bottom: 25px !important;}&#8221; el_class=&#8221;rowrow&#8221;][vc_column width=&#8221;1\/2&#8243;][vc_column_text css=&#8221;.vc_custom_1580464454109{padding-top: 30px !important;padding-bottom: 20px !important;}&#8221;]<\/p>\n<h4 style=\"text-align: center;\">IFS FOOD Certificate<\/h4>\n<p>[\/vc_column_text][vc_single_image image=&#8221;2506&#8243; img_size=&#8221;full&#8221; alignment=&#8221;center&#8221;][vc_column_text css=&#8221;.vc_custom_1580464470755{padding-top: 21px !important;padding-bottom: 21px !important;}&#8221;]<\/p>\n<p style=\"text-align: center;\">Certificate for audit scope: manufacture of cocoa mass, chocolate, couverture chocolate and chocolate masses packed in the form of bars, wrapped in aluminium foil and labelled, or discs packed in bulk in paper sacks and cartons with polyethylene foam inserts or liquid masses loaded into tankers.<\/p>\n<p>[\/vc_column_text][\/vc_column][vc_column css_animation=&#8221;fadeIn&#8221; width=&#8221;1\/2&#8243;][vc_single_image image=&#8221;1492&#8243; img_size=&#8221;large&#8221; onclick=&#8221;link_image&#8221;][\/vc_column][\/vc_row][vc_row full_width=&#8221;stretch_row&#8221; content_placement=&#8221;middle&#8221; type=&#8221;vc_default&#8221; css=&#8221;.vc_custom_1568885717964{padding-top: 25px !important;padding-bottom: 25px !important;background-color: #e8e8e8 !important;}&#8221;][vc_column css_animation=&#8221;fadeIn&#8221; width=&#8221;1\/2&#8243;][vc_single_image image=&#8221;1498&#8243; img_size=&#8221;large&#8221; onclick=&#8221;link_image&#8221;][\/vc_column][vc_column width=&#8221;1\/2&#8243;][vc_column_text css=&#8221;.vc_custom_1580464558527{padding-bottom: 20px !important;}&#8221;]<\/p>\n<h4 style=\"text-align: center;\">Certificate<br \/>\nLETTER OF KOSHER CERTIFICATION<\/h4>\n<p>[\/vc_column_text][vc_single_image image=&#8221;2506&#8243; img_size=&#8221;full&#8221; alignment=&#8221;center&#8221;][\/vc_column][\/vc_row][vc_row content_placement=&#8221;middle&#8221; type=&#8221;vc_default&#8221; css=&#8221;.vc_custom_1568885723493{margin-top: 0px !important;padding-top: 25px !important;padding-bottom: 25px !important;}&#8221; el_class=&#8221;rowrow&#8221;][vc_column width=&#8221;1\/2&#8243;][vc_column_text css=&#8221;.vc_custom_1693212529319{padding-top: 30px !important;padding-bottom: 20px !important;}&#8221;]<\/p>\n<h4 style=\"text-align: center;\">Solvency Credibility<\/h4>\n<p>[\/vc_column_text][vc_single_image image=&#8221;2506&#8243; img_size=&#8221;full&#8221; alignment=&#8221;center&#8221;][vc_column_text css=&#8221;.vc_custom_1693212553488{padding-top: 21px !important;padding-bottom: 21px !important;}&#8221;]<\/p>\n<p style=\"text-align: center;\">Creditreform Polska certifies, that the company:<br \/>\nUnion Chocolate sp. z o.o.<br \/>\nTax number 854-203-68-72<br \/>\naccording to the analysis prepared on 16 July 2023<br \/>\nwas granted the Insolvency Index amounting to:<br \/>\n165<br \/>\nvery good payment capability<\/p>\n<p>[\/vc_column_text][\/vc_column][vc_column css_animation=&#8221;fadeIn&#8221; width=&#8221;1\/2&#8243;][vc_single_image image=&#8221;2678&#8243; img_size=&#8221;large&#8221; onclick=&#8221;link_image&#8221;][\/vc_column][\/vc_row]<\/p>\n","protected":false},"excerpt":{"rendered":"<p>[vc_row full_width=&#8221;stretch_row_content_no_spaces&#8221; enable_overlay=&#8221;enable_overlay_value&#8221; overlay_pattern=&#8221;09.png&#8221; type=&#8221;vc_default&#8221; css=&#8221;.vc_custom_1568880637548{padding-top: 25px !important;padding-right: 15px !important;padding-bottom: 10px !important;padding-left: 15px !important;}&#8221;][vc_column css_animation=&#8221;bounceInDown&#8221; css=&#8221;.vc_custom_1568880571482{padding-top: 10px !important;padding-bottom: 10px !important;}&#8221;][vc_empty_space height=&#8221;15px&#8221;][vc_empty_space height=&#8221;15px&#8221;][vc_single_image image=&#8221;1090&#8243; img_size=&#8221;full&#8221; alignment=&#8221;center&#8221;][\/vc_column][\/vc_row][vc_row content_placement=&#8221;middle&#8221; type=&#8221;vc_default&#8221; css=&#8221;.vc_custom_1568885723493{margin-top: 0px !important;padding-top: 25px !important;padding-bottom: 25px !important;}&#8221; el_class=&#8221;rowrow&#8221;][vc_column width=&#8221;1\/2&#8243;][vc_column_text css=&#8221;.vc_custom_1580464454109{padding-top: 30px !important;padding-bottom: 20px !important;}&#8221;] IFS FOOD Certificate [\/vc_column_text][vc_single_image image=&#8221;2506&#8243; img_size=&#8221;full&#8221; alignment=&#8221;center&#8221;][vc_column_text css=&#8221;.vc_custom_1580464470755{padding-top: 21px !important;padding-bottom: 21px !important;}&#8221;] Certificate for&hellip;<\/p>\n","protected":false},"author":1,"featured_media":0,"parent":0,"menu_order":0,"comment_status":"closed","ping_status":"closed","template":"","meta":{"footnotes":""},"class_list":["post-2154","page","type-page","status-publish","hentry","description-off"],"yoast_head":"<!-- This site is optimized with the Yoast SEO plugin v24.5 - https:\/\/yoast.com\/wordpress\/plugins\/seo\/ -->\n<title>Certificates - Union Chocolate - producent czekolad, mas czekoladowych, oraz polew<\/title>\n<meta name=\"robots\" content=\"index, follow, max-snippet:-1, max-image-preview:large, max-video-preview:-1\" \/>\n<link rel=\"canonical\" href=\"https:\/\/unionchocolate.pl\/index.php\/certificates\/?lang=en\" \/>\n<meta property=\"og:locale\" content=\"pl_PL\" \/>\n<meta property=\"og:type\" content=\"article\" \/>\n<meta property=\"og:title\" content=\"Certificates - Union Chocolate - producent czekolad, mas czekoladowych, oraz polew\" \/>\n<meta property=\"og:description\" content=\"[vc_row full_width=&#8221;stretch_row_content_no_spaces&#8221; enable_overlay=&#8221;enable_overlay_value&#8221; overlay_pattern=&#8221;09.png&#8221; type=&#8221;vc_default&#8221; css=&#8221;.vc_custom_1568880637548{padding-top: 25px !important;padding-right: 15px !important;padding-bottom: 10px !important;padding-left: 15px !important;}&#8221;][vc_column css_animation=&#8221;bounceInDown&#8221; css=&#8221;.vc_custom_1568880571482{padding-top: 10px !important;padding-bottom: 10px !important;}&#8221;][vc_empty_space height=&#8221;15px&#8221;][vc_empty_space height=&#8221;15px&#8221;][vc_single_image image=&#8221;1090&#8243; img_size=&#8221;full&#8221; alignment=&#8221;center&#8221;][\/vc_column][\/vc_row][vc_row content_placement=&#8221;middle&#8221; type=&#8221;vc_default&#8221; css=&#8221;.vc_custom_1568885723493{margin-top: 0px !important;padding-top: 25px !important;padding-bottom: 25px !important;}&#8221; el_class=&#8221;rowrow&#8221;][vc_column width=&#8221;1\/2&#8243;][vc_column_text css=&#8221;.vc_custom_1580464454109{padding-top: 30px !important;padding-bottom: 20px !important;}&#8221;] IFS FOOD Certificate [\/vc_column_text][vc_single_image image=&#8221;2506&#8243; img_size=&#8221;full&#8221; alignment=&#8221;center&#8221;][vc_column_text css=&#8221;.vc_custom_1580464470755{padding-top: 21px !important;padding-bottom: 21px !important;}&#8221;] Certificate for&hellip;\" \/>\n<meta property=\"og:url\" content=\"https:\/\/unionchocolate.pl\/index.php\/certificates\/?lang=en\" \/>\n<meta property=\"og:site_name\" content=\"Union Chocolate - producent czekolad, mas czekoladowych, oraz polew\" \/>\n<meta property=\"article:modified_time\" content=\"2023-08-28T08:49:27+00:00\" \/>\n<meta name=\"twitter:card\" content=\"summary_large_image\" \/>\n<meta name=\"twitter:label1\" content=\"Szacowany czas czytania\" \/>\n\t<meta name=\"twitter:data1\" content=\"2 minuty\" \/>\n<script type=\"application\/ld+json\" class=\"yoast-schema-graph\">{\"@context\":\"https:\/\/schema.org\",\"@graph\":[{\"@type\":\"WebPage\",\"@id\":\"https:\/\/unionchocolate.pl\/index.php\/certificates\/?lang=en\",\"url\":\"https:\/\/unionchocolate.pl\/index.php\/certificates\/?lang=en\",\"name\":\"Certificates - Union Chocolate - producent czekolad, mas czekoladowych, oraz polew\",\"isPartOf\":{\"@id\":\"https:\/\/unionchocolate.pl\/#website\"},\"datePublished\":\"2020-01-30T09:14:57+00:00\",\"dateModified\":\"2023-08-28T08:49:27+00:00\",\"breadcrumb\":{\"@id\":\"https:\/\/unionchocolate.pl\/index.php\/certificates\/?lang=en#breadcrumb\"},\"inLanguage\":\"pl-PL\",\"potentialAction\":[{\"@type\":\"ReadAction\",\"target\":[\"https:\/\/unionchocolate.pl\/index.php\/certificates\/?lang=en\"]}]},{\"@type\":\"BreadcrumbList\",\"@id\":\"https:\/\/unionchocolate.pl\/index.php\/certificates\/?lang=en#breadcrumb\",\"itemListElement\":[{\"@type\":\"ListItem\",\"position\":1,\"name\":\"Strona g\u0142\u00f3wna\",\"item\":\"https:\/\/unionchocolate.pl\/\"},{\"@type\":\"ListItem\",\"position\":2,\"name\":\"Certificates\"}]},{\"@type\":\"WebSite\",\"@id\":\"https:\/\/unionchocolate.pl\/#website\",\"url\":\"https:\/\/unionchocolate.pl\/\",\"name\":\"Union Chocolate - producent czekolad, mas czekoladowych, oraz polew\",\"description\":\"Producent czekolad, mas czekoladowych, oraz polew z przeznaczeniem do dalszej produkcji w zak\u0142adach przemys\u0142u cukierniczego. Producent tabliczek czekolad o r\u00f3\u017cnych smakach.\",\"potentialAction\":[{\"@type\":\"SearchAction\",\"target\":{\"@type\":\"EntryPoint\",\"urlTemplate\":\"https:\/\/unionchocolate.pl\/?s={search_term_string}\"},\"query-input\":{\"@type\":\"PropertyValueSpecification\",\"valueRequired\":true,\"valueName\":\"search_term_string\"}}],\"inLanguage\":\"pl-PL\"}]}<\/script>\n<!-- \/ Yoast SEO plugin. -->","yoast_head_json":{"title":"Certificates - Union Chocolate - producent czekolad, mas czekoladowych, oraz polew","robots":{"index":"index","follow":"follow","max-snippet":"max-snippet:-1","max-image-preview":"max-image-preview:large","max-video-preview":"max-video-preview:-1"},"canonical":"https:\/\/unionchocolate.pl\/index.php\/certificates\/?lang=en","og_locale":"pl_PL","og_type":"article","og_title":"Certificates - Union Chocolate - producent czekolad, mas czekoladowych, oraz polew","og_description":"[vc_row full_width=&#8221;stretch_row_content_no_spaces&#8221; enable_overlay=&#8221;enable_overlay_value&#8221; overlay_pattern=&#8221;09.png&#8221; type=&#8221;vc_default&#8221; css=&#8221;.vc_custom_1568880637548{padding-top: 25px !important;padding-right: 15px !important;padding-bottom: 10px !important;padding-left: 15px !important;}&#8221;][vc_column css_animation=&#8221;bounceInDown&#8221; css=&#8221;.vc_custom_1568880571482{padding-top: 10px !important;padding-bottom: 10px !important;}&#8221;][vc_empty_space height=&#8221;15px&#8221;][vc_empty_space height=&#8221;15px&#8221;][vc_single_image image=&#8221;1090&#8243; img_size=&#8221;full&#8221; alignment=&#8221;center&#8221;][\/vc_column][\/vc_row][vc_row content_placement=&#8221;middle&#8221; type=&#8221;vc_default&#8221; css=&#8221;.vc_custom_1568885723493{margin-top: 0px !important;padding-top: 25px !important;padding-bottom: 25px !important;}&#8221; el_class=&#8221;rowrow&#8221;][vc_column width=&#8221;1\/2&#8243;][vc_column_text css=&#8221;.vc_custom_1580464454109{padding-top: 30px !important;padding-bottom: 20px !important;}&#8221;] IFS FOOD Certificate [\/vc_column_text][vc_single_image image=&#8221;2506&#8243; img_size=&#8221;full&#8221; alignment=&#8221;center&#8221;][vc_column_text css=&#8221;.vc_custom_1580464470755{padding-top: 21px !important;padding-bottom: 21px !important;}&#8221;] Certificate for&hellip;","og_url":"https:\/\/unionchocolate.pl\/index.php\/certificates\/?lang=en","og_site_name":"Union Chocolate - producent czekolad, mas czekoladowych, oraz polew","article_modified_time":"2023-08-28T08:49:27+00:00","twitter_card":"summary_large_image","twitter_misc":{"Szacowany czas czytania":"2 minuty"},"schema":{"@context":"https:\/\/schema.org","@graph":[{"@type":"WebPage","@id":"https:\/\/unionchocolate.pl\/index.php\/certificates\/?lang=en","url":"https:\/\/unionchocolate.pl\/index.php\/certificates\/?lang=en","name":"Certificates - Union Chocolate - producent czekolad, mas czekoladowych, oraz polew","isPartOf":{"@id":"https:\/\/unionchocolate.pl\/#website"},"datePublished":"2020-01-30T09:14:57+00:00","dateModified":"2023-08-28T08:49:27+00:00","breadcrumb":{"@id":"https:\/\/unionchocolate.pl\/index.php\/certificates\/?lang=en#breadcrumb"},"inLanguage":"pl-PL","potentialAction":[{"@type":"ReadAction","target":["https:\/\/unionchocolate.pl\/index.php\/certificates\/?lang=en"]}]},{"@type":"BreadcrumbList","@id":"https:\/\/unionchocolate.pl\/index.php\/certificates\/?lang=en#breadcrumb","itemListElement":[{"@type":"ListItem","position":1,"name":"Strona g\u0142\u00f3wna","item":"https:\/\/unionchocolate.pl\/"},{"@type":"ListItem","position":2,"name":"Certificates"}]},{"@type":"WebSite","@id":"https:\/\/unionchocolate.pl\/#website","url":"https:\/\/unionchocolate.pl\/","name":"Union Chocolate - producent czekolad, mas czekoladowych, oraz polew","description":"Producent czekolad, mas czekoladowych, oraz polew z przeznaczeniem do dalszej produkcji w zak\u0142adach przemys\u0142u cukierniczego. Producent tabliczek czekolad o r\u00f3\u017cnych smakach.","potentialAction":[{"@type":"SearchAction","target":{"@type":"EntryPoint","urlTemplate":"https:\/\/unionchocolate.pl\/?s={search_term_string}"},"query-input":{"@type":"PropertyValueSpecification","valueRequired":true,"valueName":"search_term_string"}}],"inLanguage":"pl-PL"}]}},"_links":{"self":[{"href":"https:\/\/unionchocolate.pl\/index.php\/wp-json\/wp\/v2\/pages\/2154","targetHints":{"allow":["GET"]}}],"collection":[{"href":"https:\/\/unionchocolate.pl\/index.php\/wp-json\/wp\/v2\/pages"}],"about":[{"href":"https:\/\/unionchocolate.pl\/index.php\/wp-json\/wp\/v2\/types\/page"}],"author":[{"embeddable":true,"href":"https:\/\/unionchocolate.pl\/index.php\/wp-json\/wp\/v2\/users\/1"}],"replies":[{"embeddable":true,"href":"https:\/\/unionchocolate.pl\/index.php\/wp-json\/wp\/v2\/comments?post=2154"}],"version-history":[{"count":4,"href":"https:\/\/unionchocolate.pl\/index.php\/wp-json\/wp\/v2\/pages\/2154\/revisions"}],"predecessor-version":[{"id":2684,"href":"https:\/\/unionchocolate.pl\/index.php\/wp-json\/wp\/v2\/pages\/2154\/revisions\/2684"}],"wp:attachment":[{"href":"https:\/\/unionchocolate.pl\/index.php\/wp-json\/wp\/v2\/media?parent=2154"}],"curies":[{"name":"wp","href":"https:\/\/api.w.org\/{rel}","templated":true}]}}