{"id":2113,"date":"2019-10-23T10:25:43","date_gmt":"2019-10-23T10:25:43","guid":{"rendered":"http:\/\/unionchocolate.pl\/?page_id=2113"},"modified":"2020-08-20T12:37:39","modified_gmt":"2020-08-20T12:37:39","slug":"projekt-ue-efrr","status":"publish","type":"page","link":"https:\/\/unionchocolate.pl\/index.php\/projekt-ue-efrr\/","title":{"rendered":"Projekt UE EFRR"},"content":{"rendered":"<p>[vc_row type=&#8221;vc_default&#8221; css=&#8221;.vc_custom_1592487458238{padding-top: 50px !important;padding-bottom: 30px !important;background-color: #ffffff !important;}&#8221; el_class=&#8221;rowrow&#8221;][vc_column css_animation=&#8221;fadeInRight&#8221; css=&#8221;.vc_custom_1533899125458{padding-bottom: 30px !important;}&#8221;][vc_row_inner content_placement=&#8221;middle&#8221;][vc_column_inner][vc_single_image image=&#8221;2435&#8243; img_size=&#8221;full&#8221;][\/vc_column_inner][\/vc_row_inner]<div id=\"ultimate-heading-297069e49ceac2d29\" class=\"uvc-heading ult-adjust-bottom-margin ultimate-heading-297069e49ceac2d29 uvc-8394 \" data-hspacer=\"no_spacer\"  data-halign=\"left\" style=\"text-align:left\"><div class=\"uvc-heading-spacer no_spacer\" style=\"top\"><\/div><div class=\"uvc-sub-heading ult-responsive\"  data-ultimate-target='.uvc-heading.ultimate-heading-297069e49ceac2d29 .uvc-sub-heading '  data-responsive-json-new='{\"font-size\":\"desktop:25px;\",\"line-height\":\"desktop:30px;\"}'  style=\"font-family:&#039;Poppins&#039;;font-weight:normal;color:#303030;margin-top:30px;margin-bottom:30px;\"><\/p>\n<p align=\"CENTER\"><b>DOTACJA NA KAPITA\u0141 OBROTOWY DLA UNION CHOCOLATE SP. Z O.O. <\/b><\/p>\n<p><\/div><\/div>[vc_column_text css=&#8221;.vc_custom_1597926822268{padding-bottom: 11px !important;}&#8221;]<\/p>\n<p align=\"JUSTIFY\"><b>Numer projektu: <\/b>Umowa nr POIR.03.04.00-04-0166\/20-00<\/p>\n<p align=\"JUSTIFY\"><b>Tytu\u0142 projektu: <\/b>Dotacja na kapita\u0142 obrotowy dla Union Chocolate Sp. z o.o.<\/p>\n<p align=\"JUSTIFY\"><b>Beneficjent: <\/b>Union Chocolate Sp. z o.o.<\/p>\n<p align=\"JUSTIFY\"><b>Nr dzia\u0142ania: <\/b>Dzia\u0142anie 3.4. Dotacje na kapita\u0142 obrotowy Programu Operacyjnego Inteligentny Rozw\u00f3j 2014-2020<\/p>\n<p align=\"JUSTIFY\"><b>Cel projektu: <\/b>Celem projektu jest utrzymanie prowadzenia dzia\u0142alno\u015bci przedsi\u0119biorstwa przez okres 3 miesi\u0119cy od 1 lipca 2020 do 30 wrze\u015bnia 2020r.<\/p>\n<p><b>Warto\u015b\u0107 projektu: <\/b>237.342,51 PLN<\/p>\n<p><b>Dofinansowanie: <\/b>237.342,51 PLN[\/vc_column_text][\/vc_column][\/vc_row][vc_row type=&#8221;vc_default&#8221; css=&#8221;.vc_custom_1569334925520{padding-top: 50px !important;padding-bottom: 60px !important;background-color: #ffffff !important;}&#8221; el_class=&#8221;rowrow&#8221;][vc_column css_animation=&#8221;fadeInRight&#8221; css=&#8221;.vc_custom_1533899125458{padding-bottom: 30px !important;}&#8221;][vc_separator][\/vc_column][\/vc_row][vc_row type=&#8221;vc_default&#8221; css=&#8221;.vc_custom_1592487458238{padding-top: 50px !important;padding-bottom: 30px !important;background-color: #ffffff !important;}&#8221; el_class=&#8221;rowrow&#8221;][vc_column css_animation=&#8221;fadeInRight&#8221; css=&#8221;.vc_custom_1533899125458{padding-bottom: 30px !important;}&#8221;][vc_row_inner content_placement=&#8221;middle&#8221;][vc_column_inner][vc_single_image image=&#8221;2402&#8243; img_size=&#8221;full&#8221;][\/vc_column_inner][\/vc_row_inner]<div id=\"ultimate-heading-70669e49ceac2dd3\" class=\"uvc-heading ult-adjust-bottom-margin ultimate-heading-70669e49ceac2dd3 uvc-751 \" data-hspacer=\"no_spacer\"  data-halign=\"left\" style=\"text-align:left\"><div class=\"uvc-heading-spacer no_spacer\" style=\"top\"><\/div><div class=\"uvc-sub-heading ult-responsive\"  data-ultimate-target='.uvc-heading.ultimate-heading-70669e49ceac2dd3 .uvc-sub-heading '  data-responsive-json-new='{\"font-size\":\"desktop:25px;\",\"line-height\":\"desktop:30px;\"}'  style=\"font-family:&#039;Poppins&#039;;font-weight:normal;color:#303030;margin-top:30px;margin-bottom:30px;\"><\/p>\n<p align=\"CENTER\"><b>ROZBUDOWA DZIA\u0141U B+R <\/b><\/p>\n<p align=\"CENTER\"><b>W PRZEDSI\u0118BIORSTWIE UNION CHOCOLATE SP. Z O.O.<\/b><\/p>\n<p><\/div><\/div>[vc_column_text css=&#8221;.vc_custom_1592486274333{padding-bottom: 11px !important;}&#8221;]<\/p>\n<p align=\"JUSTIFY\"><b>Numer projektu: <\/b>Umowa nr RPLD.01.02.01-10-0012\/19-00<\/p>\n<p align=\"JUSTIFY\"><b>Tytu\u0142 projektu: <\/b>Rozbudowa dzia\u0142u B+R w przedsi\u0119biorstwie Union Chocolate Sp. z o.o.<\/p>\n<p align=\"JUSTIFY\"><b>Beneficjent: <\/b>Union Chocolate Sp. z o.o.<\/p>\n<p align=\"JUSTIFY\"><b>Nr dzia\u0142ania: <\/b>Dzia\u0142anie I.2: Inwestycje przedsi\u0119biorstw w badania i innowacje. Poddzia\u0142anie I.2.1: Infrastruktura B+R przedsi\u0119biorstw<\/p>\n<p align=\"JUSTIFY\"><b>Cel projektu: <\/b>Celem projektu jest inwestycja w infrastruktur\u0119 B+R poprzez doposa\u017cenie istniej\u0105cego laboratorium.<\/p>\n<p><b>Warto\u015b\u0107 projektu: <\/b>802\u00a0527,00 PLN<\/p>\n<p><b>Dofinansowanie: <\/b>556\u00a0665,00 PLN[\/vc_column_text][\/vc_column][\/vc_row][vc_row type=&#8221;vc_default&#8221; css=&#8221;.vc_custom_1569334925520{padding-top: 50px !important;padding-bottom: 60px !important;background-color: #ffffff !important;}&#8221; el_class=&#8221;rowrow&#8221;][vc_column css_animation=&#8221;fadeInRight&#8221; css=&#8221;.vc_custom_1533899125458{padding-bottom: 30px !important;}&#8221;][vc_separator][\/vc_column][\/vc_row][vc_row type=&#8221;vc_default&#8221; css=&#8221;.vc_custom_1569334925520{padding-top: 50px !important;padding-bottom: 60px !important;background-color: #ffffff !important;}&#8221; el_class=&#8221;rowrow&#8221;][vc_column css_animation=&#8221;fadeInRight&#8221; css=&#8221;.vc_custom_1533899125458{padding-bottom: 30px !important;}&#8221;][vc_row_inner content_placement=&#8221;middle&#8221;][vc_column_inner width=&#8221;1\/3&#8243;][vc_single_image image=&#8221;2117&#8243; img_size=&#8221;full&#8221;][\/vc_column_inner][vc_column_inner width=&#8221;1\/3&#8243;][\/vc_column_inner][vc_column_inner width=&#8221;1\/3&#8243;][vc_single_image image=&#8221;2116&#8243; img_size=&#8221;full&#8221;][\/vc_column_inner][\/vc_row_inner]<div id=\"ultimate-heading-810369e49ceac2e37\" class=\"uvc-heading ult-adjust-bottom-margin ultimate-heading-810369e49ceac2e37 uvc-7168 \" data-hspacer=\"no_spacer\"  data-halign=\"left\" style=\"text-align:left\"><div class=\"uvc-heading-spacer no_spacer\" style=\"top\"><\/div><div class=\"uvc-sub-heading ult-responsive\"  data-ultimate-target='.uvc-heading.ultimate-heading-810369e49ceac2e37 .uvc-sub-heading '  data-responsive-json-new='{\"font-size\":\"desktop:25px;\",\"line-height\":\"desktop:30px;\"}'  style=\"font-family:&#039;Poppins&#039;;font-weight:normal;color:#303030;margin-top:30px;margin-bottom:30px;\"><\/p>\n<p align=\"CENTER\"><b>CZEKOLADA TWOICH MARZE\u0143.<\/b><\/p>\n<p align=\"CENTER\"><b>NOWA TECHNOLOGIA \u2013 NOWE PRODUKTY Z ZIAREN KAKAOWCA<\/b><\/p>\n<p><\/div><\/div>[vc_column_text css=&#8221;.vc_custom_1571826503413{padding-bottom: 11px !important;}&#8221;]<\/p>\n<p align=\"JUSTIFY\"><b>Cel projektu: <\/b>Wzmocnienie rynkowej pozycji konkurencyjnej firmy Union Chocolate oraz podniesienie poziomu innowacyjno\u015bci stosowanych proces\u00f3w technologicznych we w\u0142asnym Dziale B+R prac nadawczo-rozwojowych zg\u0142oszonych do ochrony praw w\u0142asno\u015bci intelektualnej, a dotycz\u0105cych sposob\u00f3w produkcji i samych produkt\u00f3w bran\u017cy cukierniczej (w tym przede wszystkim produkcji czekolady).<\/p>\n<p><b>Planowane efekty: <\/b>Nowe produkty wprowadzone do oferty firmy w wyniku realizacji projektu pt. \u201eCzekolada Twoich marze\u0144. Nowa technologia \u2013 nowe produkty z ziaren kakaowca\u201d<\/p>\n<p>\u2013 Dezodoryzowany t\u0142uszcz kakaowy,<br \/>\n\u2013 Alkalizowana miazga kakaowa,<br \/>\n\u2013 Krystalizowany, wielokolorowy, alkalizowany proszek kakaowy,<br \/>\n\u2013 Kuch kakaowy,<br \/>\n\u2013 B\u0142onnik kakaowy,<br \/>\n\u2013 \u0141uska kakaowa,<br \/>\n\u2013 Alkalizowana \u015bruta kakaowa,<br \/>\n\u2013 Czekolady gorzkie z nibsem w nowej recepturze.<\/p>\n<p><b>Warto\u015b\u0107 projektu: <\/b>29 023 800,00 PLN<\/p>\n<p><b>Wk\u0142ad Funduszy Europejskich: <\/b>13 060 710,00 PLN[\/vc_column_text][\/vc_column][\/vc_row][vc_row disable_element=&#8221;yes&#8221; css=&#8221;.vc_custom_1571814818736{margin-bottom: 0px !important;padding-top: 10px !important;padding-bottom: 0px !important;}&#8221;][vc_column width=&#8221;1\/12&#8243;][\/vc_column][vc_column width=&#8221;10\/12&#8243;]<div id=\"ult-carousel-394522637869e49ceac3256\" class=\"ult-carousel-wrapper   ult_horizontal\" data-gutter=\"15\" data-rtl=\"false\" ><div class=\"ult-carousel-256654489469e49ceac2ec9 \" >[vc_single_image image=&#8221;1103&#8243; img_size=&#8221;full&#8221;][vc_single_image image=&#8221;1104&#8243; img_size=&#8221;full&#8221;][vc_single_image image=&#8221;1105&#8243; img_size=&#8221;medium&#8221;][vc_single_image image=&#8221;1106&#8243; img_size=&#8221;medium&#8221;][vc_single_image image=&#8221;1107&#8243; img_size=&#8221;medium&#8221;]<\/div><\/div>\t\t\t<script type=\"text\/javascript\">\n\t\t\t\tjQuery(document).ready(function ($) {\n\t\t\t\t\tif( typeof jQuery('.ult-carousel-256654489469e49ceac2ec9').slick == \"function\"){\n\t\t\t\t\t\t$('.ult-carousel-256654489469e49ceac2ec9').slick({dots: false,autoplay: true,autoplaySpeed: \"4000\",speed: \"500\",infinite: true,arrows: false,slidesToScroll:4,slidesToShow:4,swipe: true,draggable: true,touchMove: true,pauseOnHover: true,pauseOnFocus: false,responsive: [\n\t\t\t\t\t\t\t{\n\t\t\t\t\t\t\t  breakpoint: 1026,\n\t\t\t\t\t\t\t  settings: {\n\t\t\t\t\t\t\t\tslidesToShow: 4,\n\t\t\t\t\t\t\t\tslidesToScroll: 4,  \n\t\t\t\t\t\t\t  }\n\t\t\t\t\t\t\t},\n\t\t\t\t\t\t\t{\n\t\t\t\t\t\t\t  breakpoint: 1025,\n\t\t\t\t\t\t\t  settings: {\n\t\t\t\t\t\t\t\tslidesToShow: 3,\n\t\t\t\t\t\t\t\tslidesToScroll: 3\n\t\t\t\t\t\t\t  }\n\t\t\t\t\t\t\t},\n\t\t\t\t\t\t\t{\n\t\t\t\t\t\t\t  breakpoint: 760,\n\t\t\t\t\t\t\t  settings: {\n\t\t\t\t\t\t\t\tslidesToShow: 2,\n\t\t\t\t\t\t\t\tslidesToScroll: 2\n\t\t\t\t\t\t\t  }\n\t\t\t\t\t\t\t}\n\t\t\t\t\t\t],pauseOnDotsHover: true,customPaging: function(slider, i) {\n                   return '<i type=\"button\" style= \"color:#333333;\" class=\"ultsl-record\" data-role=\"none\"><\/i>';\n                },});\n\t\t\t\t\t}\n\t\t\t\t});\n\t\t\t<\/script>\n\t\t\t[\/vc_column][vc_column width=&#8221;1\/12&#8243;][\/vc_column][\/vc_row][vc_row disable_element=&#8221;yes&#8221; css=&#8221;.vc_custom_1571826634589{margin-bottom: 0px !important;padding-top: 10px !important;padding-bottom: 0px !important;}&#8221;][vc_column width=&#8221;1\/12&#8243;][\/vc_column][vc_column width=&#8221;10\/12&#8243;]<div id=\"ult-carousel-307236362669e49ceac335c\" class=\"ult-carousel-wrapper   ult_horizontal\" data-gutter=\"15\" data-rtl=\"false\" ><div class=\"ult-carousel-78126249869e49ceac3321 \" >[vc_single_image image=&#8221;1103&#8243; img_size=&#8221;full&#8221;][vc_single_image image=&#8221;1104&#8243; img_size=&#8221;full&#8221;][vc_single_image image=&#8221;1105&#8243; img_size=&#8221;medium&#8221;][vc_single_image image=&#8221;1106&#8243; img_size=&#8221;medium&#8221;][vc_single_image image=&#8221;1107&#8243; img_size=&#8221;medium&#8221;]<\/div><\/div>\t\t\t<script type=\"text\/javascript\">\n\t\t\t\tjQuery(document).ready(function ($) {\n\t\t\t\t\tif( typeof jQuery('.ult-carousel-78126249869e49ceac3321').slick == \"function\"){\n\t\t\t\t\t\t$('.ult-carousel-78126249869e49ceac3321').slick({dots: false,autoplay: true,autoplaySpeed: \"4000\",speed: \"500\",infinite: true,arrows: false,slidesToScroll:4,slidesToShow:4,swipe: true,draggable: true,touchMove: true,pauseOnHover: true,pauseOnFocus: false,responsive: [\n\t\t\t\t\t\t\t{\n\t\t\t\t\t\t\t  breakpoint: 1026,\n\t\t\t\t\t\t\t  settings: {\n\t\t\t\t\t\t\t\tslidesToShow: 4,\n\t\t\t\t\t\t\t\tslidesToScroll: 4,  \n\t\t\t\t\t\t\t  }\n\t\t\t\t\t\t\t},\n\t\t\t\t\t\t\t{\n\t\t\t\t\t\t\t  breakpoint: 1025,\n\t\t\t\t\t\t\t  settings: {\n\t\t\t\t\t\t\t\tslidesToShow: 3,\n\t\t\t\t\t\t\t\tslidesToScroll: 3\n\t\t\t\t\t\t\t  }\n\t\t\t\t\t\t\t},\n\t\t\t\t\t\t\t{\n\t\t\t\t\t\t\t  breakpoint: 760,\n\t\t\t\t\t\t\t  settings: {\n\t\t\t\t\t\t\t\tslidesToShow: 2,\n\t\t\t\t\t\t\t\tslidesToScroll: 2\n\t\t\t\t\t\t\t  }\n\t\t\t\t\t\t\t}\n\t\t\t\t\t\t],pauseOnDotsHover: true,customPaging: function(slider, i) {\n                   return '<i type=\"button\" style= \"color:#333333;\" class=\"ultsl-record\" data-role=\"none\"><\/i>';\n                },});\n\t\t\t\t\t}\n\t\t\t\t});\n\t\t\t<\/script>\n\t\t\t[vc_single_image image=&#8221;1088&#8243; img_size=&#8221;full&#8221; alignment=&#8221;center&#8221;][vc_single_image image=&#8221;1133&#8243; img_size=&#8221;full&#8221; alignment=&#8221;center&#8221; css=&#8221;.vc_custom_1533898375229{margin-bottom: 0px !important;padding-bottom: 0px !important;}&#8221;][vc_column_text css=&#8221;.vc_custom_1533898065290{margin-top: 0px !important;margin-bottom: 0px !important;padding-top: 0px !important;padding-bottom: 15px !important;}&#8221;]<\/p>\n<p style=\"text-align: center;\">Nasze projekty dofinansowane ze \u015brodk\u00f3w Unii Europejskiej<\/p>\n<p>[\/vc_column_text]<div class=\"text-centered\"><a href=\"http:\/\/unionchocolate.pl\/index.php\/projekt-unijny\/\" class=\"btn-shortcode dt-btn-s dt-btn default-btn-color default-btn-hover-color default-btn-bg-color default-btn-bg-hover-color\" id=\"dt-btn-1\"><span>CZYTAJ WI\u0118CEJ<\/span><\/a><\/div>[\/vc_column][vc_column width=&#8221;1\/12&#8243;][\/vc_column][\/vc_row]<\/p>\n","protected":false},"excerpt":{"rendered":"<p>[vc_row type=&#8221;vc_default&#8221; css=&#8221;.vc_custom_1592487458238{padding-top: 50px !important;padding-bottom: 30px !important;background-color: #ffffff !important;}&#8221; el_class=&#8221;rowrow&#8221;][vc_column css_animation=&#8221;fadeInRight&#8221; css=&#8221;.vc_custom_1533899125458{padding-bottom: 30px !important;}&#8221;][vc_row_inner content_placement=&#8221;middle&#8221;][vc_column_inner][vc_single_image image=&#8221;2435&#8243; img_size=&#8221;full&#8221;][\/vc_column_inner][\/vc_row_inner][vc_column_text css=&#8221;.vc_custom_1597926822268{padding-bottom: 11px !important;}&#8221;] Numer projektu: Umowa nr POIR.03.04.00-04-0166\/20-00 Tytu\u0142 projektu: Dotacja na kapita\u0142 obrotowy dla Union Chocolate Sp. z o.o. Beneficjent: Union Chocolate Sp. z o.o. Nr dzia\u0142ania: Dzia\u0142anie 3.4. Dotacje na kapita\u0142 obrotowy Programu Operacyjnego Inteligentny Rozw\u00f3j&hellip;<\/p>\n","protected":false},"author":1,"featured_media":0,"parent":0,"menu_order":0,"comment_status":"closed","ping_status":"closed","template":"","meta":{"footnotes":""},"class_list":["post-2113","page","type-page","status-publish","hentry","description-off"],"yoast_head":"<!-- This site is optimized with the Yoast SEO plugin v24.5 - https:\/\/yoast.com\/wordpress\/plugins\/seo\/ -->\n<title>Projekt UE EFRR - Union Chocolate - producent czekolad, mas czekoladowych, oraz polew<\/title>\n<meta name=\"robots\" content=\"index, follow, max-snippet:-1, max-image-preview:large, max-video-preview:-1\" \/>\n<link rel=\"canonical\" href=\"https:\/\/unionchocolate.pl\/index.php\/projekt-ue-efrr\/\" \/>\n<meta property=\"og:locale\" content=\"pl_PL\" \/>\n<meta property=\"og:type\" content=\"article\" \/>\n<meta property=\"og:title\" content=\"Projekt UE EFRR - Union Chocolate - producent czekolad, mas czekoladowych, oraz polew\" \/>\n<meta property=\"og:description\" content=\"[vc_row type=&#8221;vc_default&#8221; css=&#8221;.vc_custom_1592487458238{padding-top: 50px !important;padding-bottom: 30px !important;background-color: #ffffff !important;}&#8221; el_class=&#8221;rowrow&#8221;][vc_column css_animation=&#8221;fadeInRight&#8221; css=&#8221;.vc_custom_1533899125458{padding-bottom: 30px !important;}&#8221;][vc_row_inner content_placement=&#8221;middle&#8221;][vc_column_inner][vc_single_image image=&#8221;2435&#8243; img_size=&#8221;full&#8221;][\/vc_column_inner][\/vc_row_inner][vc_column_text css=&#8221;.vc_custom_1597926822268{padding-bottom: 11px !important;}&#8221;] Numer projektu: Umowa nr POIR.03.04.00-04-0166\/20-00 Tytu\u0142 projektu: Dotacja na kapita\u0142 obrotowy dla Union Chocolate Sp. z o.o. Beneficjent: Union Chocolate Sp. z o.o. Nr dzia\u0142ania: Dzia\u0142anie 3.4. Dotacje na kapita\u0142 obrotowy Programu Operacyjnego Inteligentny Rozw\u00f3j&hellip;\" \/>\n<meta property=\"og:url\" content=\"https:\/\/unionchocolate.pl\/index.php\/projekt-ue-efrr\/\" \/>\n<meta property=\"og:site_name\" content=\"Union Chocolate - producent czekolad, mas czekoladowych, oraz polew\" \/>\n<meta property=\"article:modified_time\" content=\"2020-08-20T12:37:39+00:00\" \/>\n<meta name=\"twitter:card\" content=\"summary_large_image\" \/>\n<meta name=\"twitter:label1\" content=\"Szacowany czas czytania\" \/>\n\t<meta name=\"twitter:data1\" content=\"5 minut\" \/>\n<script type=\"application\/ld+json\" class=\"yoast-schema-graph\">{\"@context\":\"https:\/\/schema.org\",\"@graph\":[{\"@type\":\"WebPage\",\"@id\":\"https:\/\/unionchocolate.pl\/index.php\/projekt-ue-efrr\/\",\"url\":\"https:\/\/unionchocolate.pl\/index.php\/projekt-ue-efrr\/\",\"name\":\"Projekt UE EFRR - Union Chocolate - producent czekolad, mas czekoladowych, oraz polew\",\"isPartOf\":{\"@id\":\"https:\/\/unionchocolate.pl\/#website\"},\"datePublished\":\"2019-10-23T10:25:43+00:00\",\"dateModified\":\"2020-08-20T12:37:39+00:00\",\"breadcrumb\":{\"@id\":\"https:\/\/unionchocolate.pl\/index.php\/projekt-ue-efrr\/#breadcrumb\"},\"inLanguage\":\"pl-PL\",\"potentialAction\":[{\"@type\":\"ReadAction\",\"target\":[\"https:\/\/unionchocolate.pl\/index.php\/projekt-ue-efrr\/\"]}]},{\"@type\":\"BreadcrumbList\",\"@id\":\"https:\/\/unionchocolate.pl\/index.php\/projekt-ue-efrr\/#breadcrumb\",\"itemListElement\":[{\"@type\":\"ListItem\",\"position\":1,\"name\":\"Strona g\u0142\u00f3wna\",\"item\":\"https:\/\/unionchocolate.pl\/\"},{\"@type\":\"ListItem\",\"position\":2,\"name\":\"Projekt UE EFRR\"}]},{\"@type\":\"WebSite\",\"@id\":\"https:\/\/unionchocolate.pl\/#website\",\"url\":\"https:\/\/unionchocolate.pl\/\",\"name\":\"Union Chocolate - producent czekolad, mas czekoladowych, oraz polew\",\"description\":\"Producent czekolad, mas czekoladowych, oraz polew z przeznaczeniem do dalszej produkcji w zak\u0142adach przemys\u0142u cukierniczego. Producent tabliczek czekolad o r\u00f3\u017cnych smakach.\",\"potentialAction\":[{\"@type\":\"SearchAction\",\"target\":{\"@type\":\"EntryPoint\",\"urlTemplate\":\"https:\/\/unionchocolate.pl\/?s={search_term_string}\"},\"query-input\":{\"@type\":\"PropertyValueSpecification\",\"valueRequired\":true,\"valueName\":\"search_term_string\"}}],\"inLanguage\":\"pl-PL\"}]}<\/script>\n<!-- \/ Yoast SEO plugin. -->","yoast_head_json":{"title":"Projekt UE EFRR - Union Chocolate - producent czekolad, mas czekoladowych, oraz polew","robots":{"index":"index","follow":"follow","max-snippet":"max-snippet:-1","max-image-preview":"max-image-preview:large","max-video-preview":"max-video-preview:-1"},"canonical":"https:\/\/unionchocolate.pl\/index.php\/projekt-ue-efrr\/","og_locale":"pl_PL","og_type":"article","og_title":"Projekt UE EFRR - Union Chocolate - producent czekolad, mas czekoladowych, oraz polew","og_description":"[vc_row type=&#8221;vc_default&#8221; css=&#8221;.vc_custom_1592487458238{padding-top: 50px !important;padding-bottom: 30px !important;background-color: #ffffff !important;}&#8221; el_class=&#8221;rowrow&#8221;][vc_column css_animation=&#8221;fadeInRight&#8221; css=&#8221;.vc_custom_1533899125458{padding-bottom: 30px !important;}&#8221;][vc_row_inner content_placement=&#8221;middle&#8221;][vc_column_inner][vc_single_image image=&#8221;2435&#8243; img_size=&#8221;full&#8221;][\/vc_column_inner][\/vc_row_inner][vc_column_text css=&#8221;.vc_custom_1597926822268{padding-bottom: 11px !important;}&#8221;] Numer projektu: Umowa nr POIR.03.04.00-04-0166\/20-00 Tytu\u0142 projektu: Dotacja na kapita\u0142 obrotowy dla Union Chocolate Sp. z o.o. Beneficjent: Union Chocolate Sp. z o.o. Nr dzia\u0142ania: Dzia\u0142anie 3.4. Dotacje na kapita\u0142 obrotowy Programu Operacyjnego Inteligentny Rozw\u00f3j&hellip;","og_url":"https:\/\/unionchocolate.pl\/index.php\/projekt-ue-efrr\/","og_site_name":"Union Chocolate - producent czekolad, mas czekoladowych, oraz polew","article_modified_time":"2020-08-20T12:37:39+00:00","twitter_card":"summary_large_image","twitter_misc":{"Szacowany czas czytania":"5 minut"},"schema":{"@context":"https:\/\/schema.org","@graph":[{"@type":"WebPage","@id":"https:\/\/unionchocolate.pl\/index.php\/projekt-ue-efrr\/","url":"https:\/\/unionchocolate.pl\/index.php\/projekt-ue-efrr\/","name":"Projekt UE EFRR - Union Chocolate - producent czekolad, mas czekoladowych, oraz polew","isPartOf":{"@id":"https:\/\/unionchocolate.pl\/#website"},"datePublished":"2019-10-23T10:25:43+00:00","dateModified":"2020-08-20T12:37:39+00:00","breadcrumb":{"@id":"https:\/\/unionchocolate.pl\/index.php\/projekt-ue-efrr\/#breadcrumb"},"inLanguage":"pl-PL","potentialAction":[{"@type":"ReadAction","target":["https:\/\/unionchocolate.pl\/index.php\/projekt-ue-efrr\/"]}]},{"@type":"BreadcrumbList","@id":"https:\/\/unionchocolate.pl\/index.php\/projekt-ue-efrr\/#breadcrumb","itemListElement":[{"@type":"ListItem","position":1,"name":"Strona g\u0142\u00f3wna","item":"https:\/\/unionchocolate.pl\/"},{"@type":"ListItem","position":2,"name":"Projekt UE EFRR"}]},{"@type":"WebSite","@id":"https:\/\/unionchocolate.pl\/#website","url":"https:\/\/unionchocolate.pl\/","name":"Union Chocolate - producent czekolad, mas czekoladowych, oraz polew","description":"Producent czekolad, mas czekoladowych, oraz polew z przeznaczeniem do dalszej produkcji w zak\u0142adach przemys\u0142u cukierniczego. Producent tabliczek czekolad o r\u00f3\u017cnych smakach.","potentialAction":[{"@type":"SearchAction","target":{"@type":"EntryPoint","urlTemplate":"https:\/\/unionchocolate.pl\/?s={search_term_string}"},"query-input":{"@type":"PropertyValueSpecification","valueRequired":true,"valueName":"search_term_string"}}],"inLanguage":"pl-PL"}]}},"_links":{"self":[{"href":"https:\/\/unionchocolate.pl\/index.php\/wp-json\/wp\/v2\/pages\/2113","targetHints":{"allow":["GET"]}}],"collection":[{"href":"https:\/\/unionchocolate.pl\/index.php\/wp-json\/wp\/v2\/pages"}],"about":[{"href":"https:\/\/unionchocolate.pl\/index.php\/wp-json\/wp\/v2\/types\/page"}],"author":[{"embeddable":true,"href":"https:\/\/unionchocolate.pl\/index.php\/wp-json\/wp\/v2\/users\/1"}],"replies":[{"embeddable":true,"href":"https:\/\/unionchocolate.pl\/index.php\/wp-json\/wp\/v2\/comments?post=2113"}],"version-history":[{"count":0,"href":"https:\/\/unionchocolate.pl\/index.php\/wp-json\/wp\/v2\/pages\/2113\/revisions"}],"wp:attachment":[{"href":"https:\/\/unionchocolate.pl\/index.php\/wp-json\/wp\/v2\/media?parent=2113"}],"curies":[{"name":"wp","href":"https:\/\/api.w.org\/{rel}","templated":true}]}}