{"id":1504,"date":"2019-09-24T07:53:42","date_gmt":"2019-09-24T07:53:42","guid":{"rendered":"http:\/\/unionchocolate.pl\/?page_id=1504"},"modified":"2023-08-28T08:47:05","modified_gmt":"2023-08-28T08:47:05","slug":"certyfikaty","status":"publish","type":"page","link":"https:\/\/unionchocolate.pl\/index.php\/certyfikaty\/","title":{"rendered":"Certyfikaty"},"content":{"rendered":"<p>[vc_row full_width=&#8221;stretch_row_content_no_spaces&#8221; enable_overlay=&#8221;enable_overlay_value&#8221; overlay_pattern=&#8221;09.png&#8221; type=&#8221;vc_default&#8221; css=&#8221;.vc_custom_1568880637548{padding-top: 25px !important;padding-right: 15px !important;padding-bottom: 10px !important;padding-left: 15px !important;}&#8221;][vc_column css_animation=&#8221;bounceInDown&#8221; css=&#8221;.vc_custom_1568880571482{padding-top: 10px !important;padding-bottom: 10px !important;}&#8221;][vc_empty_space height=&#8221;15px&#8221;]<div id=\"ultimate-heading-423069e73034650f6\" class=\"uvc-heading ult-adjust-bottom-margin ultimate-heading-423069e73034650f6 uvc-1669 \" data-hspacer=\"no_spacer\"  data-halign=\"center\" style=\"text-align:center\"><div class=\"uvc-heading-spacer no_spacer\" style=\"top\"><\/div><div class=\"uvc-main-heading ult-responsive\"  data-ultimate-target='.uvc-heading.ultimate-heading-423069e73034650f6 h2'  data-responsive-json-new='{\"font-size\":\"desktop:60px;\",\"line-height\":\"desktop:77px;\"}' ><h2 style=\"font-family:&#039;Great Vibes&#039;;--font-weight:theme;color:#c5ab6b;\">Certyfikaty<\/h2><\/div><\/div>[vc_empty_space height=&#8221;15px&#8221;][vc_single_image image=&#8221;1090&#8243; img_size=&#8221;full&#8221; alignment=&#8221;center&#8221;][\/vc_column][\/vc_row][vc_row content_placement=&#8221;middle&#8221; type=&#8221;vc_default&#8221; css=&#8221;.vc_custom_1568885723493{margin-top: 0px !important;padding-top: 25px !important;padding-bottom: 25px !important;}&#8221; el_class=&#8221;rowrow&#8221;][vc_column width=&#8221;1\/2&#8243;][vc_column_text css=&#8221;.vc_custom_1569312841978{padding-top: 30px !important;padding-bottom: 20px !important;}&#8221;]<\/p>\n<h4 style=\"text-align: center;\">Certyfikat IFS FOOD<\/h4>\n<p>[\/vc_column_text][vc_single_image image=&#8221;1090&#8243; img_size=&#8221;full&#8221; alignment=&#8221;center&#8221;][vc_column_text css=&#8221;.vc_custom_1569312369998{padding-top: 21px !important;padding-bottom: 21px !important;}&#8221;]<\/p>\n<p style=\"text-align: center;\">Certyfikat dla zakresu auditu: produkcja miazgi kakaowej, czekolady, czekolady &#8222;couverture&#8221; i mas czekoladowych pakowanych w formie tabliczek, zwijanych w folie aluminiow\u0105 i etykiet\u0119, lub kr\u0105\u017ck\u00f3w pakowanych luzem w worki papierowe i kartony z wk\u0142adk\u0105 PE lub mas p\u0142ynnych \u0142adowanych do cystern.<\/p>\n<p>[\/vc_column_text][\/vc_column][vc_column css_animation=&#8221;fadeIn&#8221; width=&#8221;1\/2&#8243;][vc_single_image image=&#8221;1492&#8243; img_size=&#8221;large&#8221; onclick=&#8221;link_image&#8221;][\/vc_column][\/vc_row][vc_row full_width=&#8221;stretch_row&#8221; content_placement=&#8221;middle&#8221; type=&#8221;vc_default&#8221; css=&#8221;.vc_custom_1568885717964{padding-top: 25px !important;padding-bottom: 25px !important;background-color: #e8e8e8 !important;}&#8221;][vc_column css_animation=&#8221;fadeIn&#8221; width=&#8221;1\/2&#8243;][vc_single_image image=&#8221;1498&#8243; img_size=&#8221;large&#8221; onclick=&#8221;link_image&#8221;][\/vc_column][vc_column width=&#8221;1\/2&#8243;][vc_column_text css=&#8221;.vc_custom_1569312716183{padding-bottom: 20px !important;}&#8221;]<\/p>\n<h4 style=\"text-align: center;\">Certyfikat koszerno\u015bci<br \/>\nLETTER OF KOSHER CERTIFICATION<\/h4>\n<p>[\/vc_column_text][vc_single_image image=&#8221;1090&#8243; img_size=&#8221;full&#8221; alignment=&#8221;center&#8221;][\/vc_column][\/vc_row][vc_row content_placement=&#8221;middle&#8221; type=&#8221;vc_default&#8221; css=&#8221;.vc_custom_1568885723493{margin-top: 0px !important;padding-top: 25px !important;padding-bottom: 25px !important;}&#8221; el_class=&#8221;rowrow&#8221;][vc_column width=&#8221;1\/2&#8243;][vc_column_text css=&#8221;.vc_custom_1693212383029{padding-top: 30px !important;padding-bottom: 20px !important;}&#8221;]<\/p>\n<h4 style=\"text-align: center;\">Certyfikat Wiarygodno\u015bci<\/h4>\n<p>[\/vc_column_text][vc_single_image image=&#8221;1090&#8243; img_size=&#8221;full&#8221; alignment=&#8221;center&#8221;][vc_column_text css=&#8221;.vc_custom_1693212410159{padding-top: 21px !important;padding-bottom: 21px !important;}&#8221;]<\/p>\n<p style=\"text-align: center;\">Creditreform Polska za\u015bwiadcza, \u017ce firma:<br \/>\nUnion Chocolate sp. z o.o.<br \/>\nNIP 854-203-68-72<br \/>\nw analizie przeprowadzonej na dzie\u0144 16 lipca 2023<br \/>\nuzyska\u0142a warto\u015b\u0107 Indeksu Zdolno\u015bci P\u0142atniczej:<br \/>\n165<br \/>\nbardzo dobra zdolno\u015b\u0107 p\u0142atnicza<\/p>\n<p>[\/vc_column_text][\/vc_column][vc_column css_animation=&#8221;fadeIn&#8221; width=&#8221;1\/2&#8243;][vc_single_image image=&#8221;2679&#8243; img_size=&#8221;large&#8221; onclick=&#8221;link_image&#8221;][\/vc_column][\/vc_row]<\/p>\n","protected":false},"excerpt":{"rendered":"<p>[vc_row full_width=&#8221;stretch_row_content_no_spaces&#8221; enable_overlay=&#8221;enable_overlay_value&#8221; overlay_pattern=&#8221;09.png&#8221; type=&#8221;vc_default&#8221; css=&#8221;.vc_custom_1568880637548{padding-top: 25px !important;padding-right: 15px !important;padding-bottom: 10px !important;padding-left: 15px !important;}&#8221;][vc_column css_animation=&#8221;bounceInDown&#8221; css=&#8221;.vc_custom_1568880571482{padding-top: 10px !important;padding-bottom: 10px !important;}&#8221;][vc_empty_space height=&#8221;15px&#8221;][vc_empty_space height=&#8221;15px&#8221;][vc_single_image image=&#8221;1090&#8243; img_size=&#8221;full&#8221; alignment=&#8221;center&#8221;][\/vc_column][\/vc_row][vc_row content_placement=&#8221;middle&#8221; type=&#8221;vc_default&#8221; css=&#8221;.vc_custom_1568885723493{margin-top: 0px !important;padding-top: 25px !important;padding-bottom: 25px !important;}&#8221; el_class=&#8221;rowrow&#8221;][vc_column width=&#8221;1\/2&#8243;][vc_column_text css=&#8221;.vc_custom_1569312841978{padding-top: 30px !important;padding-bottom: 20px !important;}&#8221;] Certyfikat IFS FOOD [\/vc_column_text][vc_single_image image=&#8221;1090&#8243; img_size=&#8221;full&#8221; alignment=&#8221;center&#8221;][vc_column_text css=&#8221;.vc_custom_1569312369998{padding-top: 21px !important;padding-bottom: 21px !important;}&#8221;] Certyfikat dla&hellip;<\/p>\n","protected":false},"author":1,"featured_media":0,"parent":0,"menu_order":0,"comment_status":"closed","ping_status":"closed","template":"","meta":{"footnotes":""},"class_list":["post-1504","page","type-page","status-publish","hentry","description-off"],"yoast_head":"<!-- This site is optimized with the Yoast SEO plugin v24.5 - https:\/\/yoast.com\/wordpress\/plugins\/seo\/ -->\n<title>Certyfikaty - Union Chocolate - producent czekolad, mas czekoladowych, oraz polew<\/title>\n<meta name=\"robots\" content=\"index, follow, max-snippet:-1, max-image-preview:large, max-video-preview:-1\" \/>\n<link rel=\"canonical\" href=\"https:\/\/unionchocolate.pl\/index.php\/certyfikaty\/\" \/>\n<meta property=\"og:locale\" content=\"pl_PL\" \/>\n<meta property=\"og:type\" content=\"article\" \/>\n<meta property=\"og:title\" content=\"Certyfikaty - Union Chocolate - producent czekolad, mas czekoladowych, oraz polew\" \/>\n<meta property=\"og:description\" content=\"[vc_row full_width=&#8221;stretch_row_content_no_spaces&#8221; enable_overlay=&#8221;enable_overlay_value&#8221; overlay_pattern=&#8221;09.png&#8221; type=&#8221;vc_default&#8221; css=&#8221;.vc_custom_1568880637548{padding-top: 25px !important;padding-right: 15px !important;padding-bottom: 10px !important;padding-left: 15px !important;}&#8221;][vc_column css_animation=&#8221;bounceInDown&#8221; css=&#8221;.vc_custom_1568880571482{padding-top: 10px !important;padding-bottom: 10px !important;}&#8221;][vc_empty_space height=&#8221;15px&#8221;][vc_empty_space height=&#8221;15px&#8221;][vc_single_image image=&#8221;1090&#8243; img_size=&#8221;full&#8221; alignment=&#8221;center&#8221;][\/vc_column][\/vc_row][vc_row content_placement=&#8221;middle&#8221; type=&#8221;vc_default&#8221; css=&#8221;.vc_custom_1568885723493{margin-top: 0px !important;padding-top: 25px !important;padding-bottom: 25px !important;}&#8221; el_class=&#8221;rowrow&#8221;][vc_column width=&#8221;1\/2&#8243;][vc_column_text css=&#8221;.vc_custom_1569312841978{padding-top: 30px !important;padding-bottom: 20px !important;}&#8221;] Certyfikat IFS FOOD [\/vc_column_text][vc_single_image image=&#8221;1090&#8243; img_size=&#8221;full&#8221; alignment=&#8221;center&#8221;][vc_column_text css=&#8221;.vc_custom_1569312369998{padding-top: 21px !important;padding-bottom: 21px !important;}&#8221;] Certyfikat dla&hellip;\" \/>\n<meta property=\"og:url\" content=\"https:\/\/unionchocolate.pl\/index.php\/certyfikaty\/\" \/>\n<meta property=\"og:site_name\" content=\"Union Chocolate - producent czekolad, mas czekoladowych, oraz polew\" \/>\n<meta property=\"article:modified_time\" content=\"2023-08-28T08:47:05+00:00\" \/>\n<meta name=\"twitter:card\" content=\"summary_large_image\" \/>\n<meta name=\"twitter:label1\" content=\"Szacowany czas czytania\" \/>\n\t<meta name=\"twitter:data1\" content=\"2 minuty\" \/>\n<script type=\"application\/ld+json\" class=\"yoast-schema-graph\">{\"@context\":\"https:\/\/schema.org\",\"@graph\":[{\"@type\":\"WebPage\",\"@id\":\"https:\/\/unionchocolate.pl\/index.php\/certyfikaty\/\",\"url\":\"https:\/\/unionchocolate.pl\/index.php\/certyfikaty\/\",\"name\":\"Certyfikaty - Union Chocolate - producent czekolad, mas czekoladowych, oraz polew\",\"isPartOf\":{\"@id\":\"https:\/\/unionchocolate.pl\/#website\"},\"datePublished\":\"2019-09-24T07:53:42+00:00\",\"dateModified\":\"2023-08-28T08:47:05+00:00\",\"breadcrumb\":{\"@id\":\"https:\/\/unionchocolate.pl\/index.php\/certyfikaty\/#breadcrumb\"},\"inLanguage\":\"pl-PL\",\"potentialAction\":[{\"@type\":\"ReadAction\",\"target\":[\"https:\/\/unionchocolate.pl\/index.php\/certyfikaty\/\"]}]},{\"@type\":\"BreadcrumbList\",\"@id\":\"https:\/\/unionchocolate.pl\/index.php\/certyfikaty\/#breadcrumb\",\"itemListElement\":[{\"@type\":\"ListItem\",\"position\":1,\"name\":\"Strona g\u0142\u00f3wna\",\"item\":\"https:\/\/unionchocolate.pl\/\"},{\"@type\":\"ListItem\",\"position\":2,\"name\":\"Certyfikaty\"}]},{\"@type\":\"WebSite\",\"@id\":\"https:\/\/unionchocolate.pl\/#website\",\"url\":\"https:\/\/unionchocolate.pl\/\",\"name\":\"Union Chocolate - producent czekolad, mas czekoladowych, oraz polew\",\"description\":\"Producent czekolad, mas czekoladowych, oraz polew z przeznaczeniem do dalszej produkcji w zak\u0142adach przemys\u0142u cukierniczego. Producent tabliczek czekolad o r\u00f3\u017cnych smakach.\",\"potentialAction\":[{\"@type\":\"SearchAction\",\"target\":{\"@type\":\"EntryPoint\",\"urlTemplate\":\"https:\/\/unionchocolate.pl\/?s={search_term_string}\"},\"query-input\":{\"@type\":\"PropertyValueSpecification\",\"valueRequired\":true,\"valueName\":\"search_term_string\"}}],\"inLanguage\":\"pl-PL\"}]}<\/script>\n<!-- \/ Yoast SEO plugin. -->","yoast_head_json":{"title":"Certyfikaty - Union Chocolate - producent czekolad, mas czekoladowych, oraz polew","robots":{"index":"index","follow":"follow","max-snippet":"max-snippet:-1","max-image-preview":"max-image-preview:large","max-video-preview":"max-video-preview:-1"},"canonical":"https:\/\/unionchocolate.pl\/index.php\/certyfikaty\/","og_locale":"pl_PL","og_type":"article","og_title":"Certyfikaty - Union Chocolate - producent czekolad, mas czekoladowych, oraz polew","og_description":"[vc_row full_width=&#8221;stretch_row_content_no_spaces&#8221; enable_overlay=&#8221;enable_overlay_value&#8221; overlay_pattern=&#8221;09.png&#8221; type=&#8221;vc_default&#8221; css=&#8221;.vc_custom_1568880637548{padding-top: 25px !important;padding-right: 15px !important;padding-bottom: 10px !important;padding-left: 15px !important;}&#8221;][vc_column css_animation=&#8221;bounceInDown&#8221; css=&#8221;.vc_custom_1568880571482{padding-top: 10px !important;padding-bottom: 10px !important;}&#8221;][vc_empty_space height=&#8221;15px&#8221;][vc_empty_space height=&#8221;15px&#8221;][vc_single_image image=&#8221;1090&#8243; img_size=&#8221;full&#8221; alignment=&#8221;center&#8221;][\/vc_column][\/vc_row][vc_row content_placement=&#8221;middle&#8221; type=&#8221;vc_default&#8221; css=&#8221;.vc_custom_1568885723493{margin-top: 0px !important;padding-top: 25px !important;padding-bottom: 25px !important;}&#8221; el_class=&#8221;rowrow&#8221;][vc_column width=&#8221;1\/2&#8243;][vc_column_text css=&#8221;.vc_custom_1569312841978{padding-top: 30px !important;padding-bottom: 20px !important;}&#8221;] Certyfikat IFS FOOD [\/vc_column_text][vc_single_image image=&#8221;1090&#8243; img_size=&#8221;full&#8221; alignment=&#8221;center&#8221;][vc_column_text css=&#8221;.vc_custom_1569312369998{padding-top: 21px !important;padding-bottom: 21px !important;}&#8221;] Certyfikat dla&hellip;","og_url":"https:\/\/unionchocolate.pl\/index.php\/certyfikaty\/","og_site_name":"Union Chocolate - producent czekolad, mas czekoladowych, oraz polew","article_modified_time":"2023-08-28T08:47:05+00:00","twitter_card":"summary_large_image","twitter_misc":{"Szacowany czas czytania":"2 minuty"},"schema":{"@context":"https:\/\/schema.org","@graph":[{"@type":"WebPage","@id":"https:\/\/unionchocolate.pl\/index.php\/certyfikaty\/","url":"https:\/\/unionchocolate.pl\/index.php\/certyfikaty\/","name":"Certyfikaty - Union Chocolate - producent czekolad, mas czekoladowych, oraz polew","isPartOf":{"@id":"https:\/\/unionchocolate.pl\/#website"},"datePublished":"2019-09-24T07:53:42+00:00","dateModified":"2023-08-28T08:47:05+00:00","breadcrumb":{"@id":"https:\/\/unionchocolate.pl\/index.php\/certyfikaty\/#breadcrumb"},"inLanguage":"pl-PL","potentialAction":[{"@type":"ReadAction","target":["https:\/\/unionchocolate.pl\/index.php\/certyfikaty\/"]}]},{"@type":"BreadcrumbList","@id":"https:\/\/unionchocolate.pl\/index.php\/certyfikaty\/#breadcrumb","itemListElement":[{"@type":"ListItem","position":1,"name":"Strona g\u0142\u00f3wna","item":"https:\/\/unionchocolate.pl\/"},{"@type":"ListItem","position":2,"name":"Certyfikaty"}]},{"@type":"WebSite","@id":"https:\/\/unionchocolate.pl\/#website","url":"https:\/\/unionchocolate.pl\/","name":"Union Chocolate - producent czekolad, mas czekoladowych, oraz polew","description":"Producent czekolad, mas czekoladowych, oraz polew z przeznaczeniem do dalszej produkcji w zak\u0142adach przemys\u0142u cukierniczego. Producent tabliczek czekolad o r\u00f3\u017cnych smakach.","potentialAction":[{"@type":"SearchAction","target":{"@type":"EntryPoint","urlTemplate":"https:\/\/unionchocolate.pl\/?s={search_term_string}"},"query-input":{"@type":"PropertyValueSpecification","valueRequired":true,"valueName":"search_term_string"}}],"inLanguage":"pl-PL"}]}},"_links":{"self":[{"href":"https:\/\/unionchocolate.pl\/index.php\/wp-json\/wp\/v2\/pages\/1504","targetHints":{"allow":["GET"]}}],"collection":[{"href":"https:\/\/unionchocolate.pl\/index.php\/wp-json\/wp\/v2\/pages"}],"about":[{"href":"https:\/\/unionchocolate.pl\/index.php\/wp-json\/wp\/v2\/types\/page"}],"author":[{"embeddable":true,"href":"https:\/\/unionchocolate.pl\/index.php\/wp-json\/wp\/v2\/users\/1"}],"replies":[{"embeddable":true,"href":"https:\/\/unionchocolate.pl\/index.php\/wp-json\/wp\/v2\/comments?post=1504"}],"version-history":[{"count":3,"href":"https:\/\/unionchocolate.pl\/index.php\/wp-json\/wp\/v2\/pages\/1504\/revisions"}],"predecessor-version":[{"id":2682,"href":"https:\/\/unionchocolate.pl\/index.php\/wp-json\/wp\/v2\/pages\/1504\/revisions\/2682"}],"wp:attachment":[{"href":"https:\/\/unionchocolate.pl\/index.php\/wp-json\/wp\/v2\/media?parent=1504"}],"curies":[{"name":"wp","href":"https:\/\/api.w.org\/{rel}","templated":true}]}}